{"id":1417,"date":"2013-03-04T16:01:50","date_gmt":"2013-03-04T16:01:50","guid":{"rendered":"http:\/\/www.bachilleratogranes.com\/8-avaluacions-cat-2"},"modified":"2021-10-11T12:39:53","modified_gmt":"2021-10-11T12:39:53","slug":"8evaluaciones","status":"publish","type":"page","link":"https:\/\/www.batxilleratgranes.com\/es\/8evaluaciones\/","title":{"rendered":"8 evaluaciones"},"content":{"rendered":"<p><b>Uno de los rasgos diferenciales de nuestro m\u00e9todo de aprendizaje es:<\/b><\/p>\n<ul>\n<li><strong>8 evaluaciones<\/strong> en primero y 7 en segundo<\/li>\n<li><strong>Per\u00edodos de evaluaci\u00f3n de 5 semanas<\/strong><\/li>\n<li><strong>Ex\u00e1menes\u00a0<\/strong>con caracter\u00edsticas<strong>\u00a0parecidas<\/strong> a las de las <strong>\u00a0PAU<\/strong><\/li>\n<\/ul>\n<p><b>Fruto de la experiencia, el objetivo que perseguimos con este m\u00e9todo es:<\/b><\/p>\n<ul>\n<li>Disponer de <strong>un indicador para el<\/strong>\u00a0propio alumno sobre cu\u00e1l est\u00e1 siendo su <strong>rendimiento<\/strong><\/li>\n<li><strong>Facilitar la adaptaci\u00f3n<\/strong> al cambio de exigencia acad\u00e9mica que existe entre la Educaci\u00f3n Secundaria Obligatoria y el Bachillerato<\/li>\n<li>Proporcionar la din\u00e1mica de estudio que facilite unos <strong>resultados acad\u00e9micos superiores<\/strong> a los que podr\u00edan obtenerse con per\u00edodos de evaluaci\u00f3n m\u00e1s largos<\/li>\n<li><strong>Alcanzar<\/strong> la suficiente <strong>autonom\u00eda en la planificaci\u00f3n del estudio<\/strong> para afrontar la etapa universitaria con \u00e9xito<\/li>\n<\/ul>\n<p><b>As\u00ed podemos prevenir uno de los principales retos de los alumnos a la hora de cursar bachillerato y no cometer los errores de:<\/b><\/p>\n<ul>\n<li>Trabajar con <strong>periodos de evaluaci\u00f3n convencionales<\/strong>, de tres meses de duraci\u00f3n, en general <strong>son demasiado largos<\/strong> como para que los alumnos de esta etapa mantengan la intensidad de trabajo necesaria para alcanzar los mejores resultados posibles<\/li>\n<li><strong>No calibrar<\/strong> bastante a menudo cu\u00e1l est\u00e1 siendo la relaci\u00f3n entre <strong>el esfuerzo aplicado y el resultado obtenido<\/strong>. Despu\u00e9s de cada periodo de evaluaci\u00f3n, un bolet\u00edn de notas les es entregado a ellos y a sus familias, para no fiarse durante un periodo de tiempo demasiado largo sobre cu\u00e1l es la situaci\u00f3n acad\u00e9mica en cada momento<\/li>\n<\/ul>\n<p>Adem\u00e1s, <strong>este ritmo de evaluaciones les permite planificar mejor el trabajo<\/strong>\u00a0a hacer y, por tanto, <strong>adquirir unos h\u00e1bitos de trabajo s\u00f3lidos<\/strong>, los cuales deber\u00e1n permanecer cuando, en etapas posteriores, la presi\u00f3n evaluativa se dilate en el tiempo.<br \/>\nPor otra parte, hay que tener muy presente que el bachillerato tambi\u00e9n es, para muchos de ellos, <strong>el per\u00edodo en que se preparar\u00e1n para enfrentarse a las Pruebas de Acceso a la Universidad.<\/strong> De este resultado depender\u00e1n las facilidades que tengan para poder elegir los estudios que m\u00e1s les interesan. En Gran\u00e9s Batxillerat, siempre que es posible, <strong>los ex\u00e1menes de evaluaci\u00f3n tienen la misma estructura<\/strong> y se hace el mismo tipo de preguntas que en aquellos que nuestros alumnos <strong>se encontrar\u00e1n en las PAU.<\/strong> As\u00ed, nuestros alumnos, llegado el momento, tendr\u00e1n la experiencia de haber superado anteriormente 15 veces una situaci\u00f3n similar.<\/p>\n","protected":false},"excerpt":{"rendered":"<p>Uno de los rasgos diferenciales de nuestro m\u00e9todo de aprendizaje es: 8 evaluaciones en primero y 7 en segundo Per\u00edodos de evaluaci\u00f3n de 5 semanas Ex\u00e1menes\u00a0con caracter\u00edsticas\u00a0parecidas a las de las \u00a0PAU Fruto de la experiencia, el objetivo que perseguimos con este m\u00e9todo es: Disponer de un indicador para el\u00a0propio alumno sobre cu\u00e1l est\u00e1 siendo&hellip;&nbsp;<a href=\"https:\/\/www.batxilleratgranes.com\/es\/8evaluaciones\/\" class=\"\" rel=\"bookmark\">Read More &raquo;<span class=\"screen-reader-text\">8 evaluaciones<\/span><\/a><\/p>\n","protected":false},"author":2,"featured_media":1356,"parent":0,"menu_order":0,"comment_status":"open","ping_status":"open","template":"template-fullwidth.php","meta":{"neve_meta_sidebar":"","neve_meta_container":"","neve_meta_enable_content_width":"","neve_meta_content_width":0,"neve_meta_title_alignment":"","neve_meta_author_avatar":"","neve_post_elements_order":"","neve_meta_disable_header":"","neve_meta_disable_footer":"","neve_meta_disable_title":"","footnotes":""},"class_list":["post-1417","page","type-page","status-publish","has-post-thumbnail","hentry"],"yoast_head":"<!-- This site is optimized with the Yoast SEO plugin v23.4 - https:\/\/yoast.com\/wordpress\/plugins\/seo\/ -->\n<title>8 evaluaciones - C\u00f3mop trabajamos | Gran\u00e9s Bachillerato<\/title>\n<meta name=\"description\" content=\"Gran\u00e9s Bachillerato, centro referente de Bachillerato en Barcelona, realiza 8 evaluaciones por curso a sus alumnos prepararlos en el acceso a la universidad\" \/>\n<meta name=\"robots\" content=\"index, follow, max-snippet:-1, max-image-preview:large, max-video-preview:-1\" \/>\n<link rel=\"canonical\" href=\"https:\/\/www.batxilleratgranes.com\/es\/8evaluaciones\/\" \/>\n<meta property=\"og:locale\" content=\"es_ES\" \/>\n<meta property=\"og:type\" content=\"article\" \/>\n<meta property=\"og:title\" content=\"8 evaluaciones - C\u00f3mop trabajamos | Gran\u00e9s Bachillerato\" \/>\n<meta property=\"og:description\" content=\"Gran\u00e9s Bachillerato, centro referente de Bachillerato en Barcelona, realiza 8 evaluaciones por curso a sus alumnos prepararlos en el acceso a la universidad\" \/>\n<meta property=\"og:url\" content=\"https:\/\/www.batxilleratgranes.com\/es\/8evaluaciones\/\" \/>\n<meta property=\"og:site_name\" content=\"Gran\u00e9s Batxillerat - Escuela especializada en Bachillerato en Barcelona\" \/>\n<meta property=\"article:modified_time\" content=\"2021-10-11T12:39:53+00:00\" \/>\n<meta property=\"og:image\" content=\"https:\/\/www.batxilleratgranes.com\/wp-content\/uploads\/2013\/03\/DSC_0665.jpg\" \/>\n\t<meta property=\"og:image:width\" content=\"1024\" \/>\n\t<meta property=\"og:image:height\" content=\"678\" \/>\n\t<meta property=\"og:image:type\" content=\"image\/jpeg\" \/>\n<meta name=\"twitter:card\" content=\"summary_large_image\" \/>\n<meta name=\"twitter:label1\" content=\"Est. reading time\" \/>\n\t<meta name=\"twitter:data1\" content=\"2 minutes\" \/>\n<script type=\"application\/ld+json\" class=\"yoast-schema-graph\">{\"@context\":\"https:\/\/schema.org\",\"@graph\":[{\"@type\":\"WebPage\",\"@id\":\"https:\/\/www.batxilleratgranes.com\/es\/8evaluaciones\/\",\"url\":\"https:\/\/www.batxilleratgranes.com\/es\/8evaluaciones\/\",\"name\":\"8 evaluaciones - C\u00f3mop trabajamos | Gran\u00e9s Bachillerato\",\"isPartOf\":{\"@id\":\"https:\/\/www.batxilleratgranes.com\/es\/#website\"},\"primaryImageOfPage\":{\"@id\":\"https:\/\/www.batxilleratgranes.com\/es\/8evaluaciones\/#primaryimage\"},\"image\":{\"@id\":\"https:\/\/www.batxilleratgranes.com\/es\/8evaluaciones\/#primaryimage\"},\"thumbnailUrl\":\"https:\/\/www.batxilleratgranes.com\/wp-content\/uploads\/2013\/03\/DSC_0665.jpg\",\"datePublished\":\"2013-03-04T16:01:50+00:00\",\"dateModified\":\"2021-10-11T12:39:53+00:00\",\"description\":\"Gran\u00e9s Bachillerato, centro referente de Bachillerato en Barcelona, realiza 8 evaluaciones por curso a sus alumnos prepararlos en el acceso a la universidad\",\"breadcrumb\":{\"@id\":\"https:\/\/www.batxilleratgranes.com\/es\/8evaluaciones\/#breadcrumb\"},\"inLanguage\":\"es\",\"potentialAction\":[{\"@type\":\"ReadAction\",\"target\":[\"https:\/\/www.batxilleratgranes.com\/es\/8evaluaciones\/\"]}]},{\"@type\":\"ImageObject\",\"inLanguage\":\"es\",\"@id\":\"https:\/\/www.batxilleratgranes.com\/es\/8evaluaciones\/#primaryimage\",\"url\":\"https:\/\/www.batxilleratgranes.com\/wp-content\/uploads\/2013\/03\/DSC_0665.jpg\",\"contentUrl\":\"https:\/\/www.batxilleratgranes.com\/wp-content\/uploads\/2013\/03\/DSC_0665.jpg\",\"width\":1024,\"height\":678,\"caption\":\"batxillerat barcelona\"},{\"@type\":\"BreadcrumbList\",\"@id\":\"https:\/\/www.batxilleratgranes.com\/es\/8evaluaciones\/#breadcrumb\",\"itemListElement\":[{\"@type\":\"ListItem\",\"position\":1,\"name\":\"Inici\",\"item\":\"https:\/\/www.batxilleratgranes.com\/es\/\"},{\"@type\":\"ListItem\",\"position\":2,\"name\":\"8 evaluaciones\"}]},{\"@type\":\"WebSite\",\"@id\":\"https:\/\/www.batxilleratgranes.com\/es\/#website\",\"url\":\"https:\/\/www.batxilleratgranes.com\/es\/\",\"name\":\"Gran\u00e9s Batxillerat - Escuela especializada en Bachillerato en Barcelona\",\"description\":\"Escola especialitzada en Batxillerat a Barcelona\",\"publisher\":{\"@id\":\"https:\/\/www.batxilleratgranes.com\/es\/#organization\"},\"potentialAction\":[{\"@type\":\"SearchAction\",\"target\":{\"@type\":\"EntryPoint\",\"urlTemplate\":\"https:\/\/www.batxilleratgranes.com\/es\/?s={search_term_string}\"},\"query-input\":{\"@type\":\"PropertyValueSpecification\",\"valueRequired\":true,\"valueName\":\"search_term_string\"}}],\"inLanguage\":\"es\"},{\"@type\":\"Organization\",\"@id\":\"https:\/\/www.batxilleratgranes.com\/es\/#organization\",\"name\":\"Gran\u00e9s Batxillerat - Escuela especializada en Bachillerato en Barcelona\",\"url\":\"https:\/\/www.batxilleratgranes.com\/es\/\",\"logo\":{\"@type\":\"ImageObject\",\"inLanguage\":\"es\",\"@id\":\"https:\/\/www.batxilleratgranes.com\/es\/#\/schema\/logo\/image\/\",\"url\":\"https:\/\/www.batxilleratgranes.com\/wp-content\/uploads\/2013\/01\/granes1.png\",\"contentUrl\":\"https:\/\/www.batxilleratgranes.com\/wp-content\/uploads\/2013\/01\/granes1.png\",\"width\":292,\"height\":85,\"caption\":\"Gran\u00e9s Batxillerat - Escuela especializada en Bachillerato en Barcelona\"},\"image\":{\"@id\":\"https:\/\/www.batxilleratgranes.com\/es\/#\/schema\/logo\/image\/\"}}]}<\/script>\n<!-- \/ Yoast SEO plugin. -->","yoast_head_json":{"title":"8 evaluaciones - C\u00f3mop trabajamos | Gran\u00e9s Bachillerato","description":"Gran\u00e9s Bachillerato, centro referente de Bachillerato en Barcelona, realiza 8 evaluaciones por curso a sus alumnos prepararlos en el acceso a la universidad","robots":{"index":"index","follow":"follow","max-snippet":"max-snippet:-1","max-image-preview":"max-image-preview:large","max-video-preview":"max-video-preview:-1"},"canonical":"https:\/\/www.batxilleratgranes.com\/es\/8evaluaciones\/","og_locale":"es_ES","og_type":"article","og_title":"8 evaluaciones - C\u00f3mop trabajamos | Gran\u00e9s Bachillerato","og_description":"Gran\u00e9s Bachillerato, centro referente de Bachillerato en Barcelona, realiza 8 evaluaciones por curso a sus alumnos prepararlos en el acceso a la universidad","og_url":"https:\/\/www.batxilleratgranes.com\/es\/8evaluaciones\/","og_site_name":"Gran\u00e9s Batxillerat - Escuela especializada en Bachillerato en Barcelona","article_modified_time":"2021-10-11T12:39:53+00:00","og_image":[{"width":1024,"height":678,"url":"https:\/\/www.batxilleratgranes.com\/wp-content\/uploads\/2013\/03\/DSC_0665.jpg","type":"image\/jpeg"}],"twitter_card":"summary_large_image","twitter_misc":{"Est. reading time":"2 minutes"},"schema":{"@context":"https:\/\/schema.org","@graph":[{"@type":"WebPage","@id":"https:\/\/www.batxilleratgranes.com\/es\/8evaluaciones\/","url":"https:\/\/www.batxilleratgranes.com\/es\/8evaluaciones\/","name":"8 evaluaciones - C\u00f3mop trabajamos | Gran\u00e9s Bachillerato","isPartOf":{"@id":"https:\/\/www.batxilleratgranes.com\/es\/#website"},"primaryImageOfPage":{"@id":"https:\/\/www.batxilleratgranes.com\/es\/8evaluaciones\/#primaryimage"},"image":{"@id":"https:\/\/www.batxilleratgranes.com\/es\/8evaluaciones\/#primaryimage"},"thumbnailUrl":"https:\/\/www.batxilleratgranes.com\/wp-content\/uploads\/2013\/03\/DSC_0665.jpg","datePublished":"2013-03-04T16:01:50+00:00","dateModified":"2021-10-11T12:39:53+00:00","description":"Gran\u00e9s Bachillerato, centro referente de Bachillerato en Barcelona, realiza 8 evaluaciones por curso a sus alumnos prepararlos en el acceso a la universidad","breadcrumb":{"@id":"https:\/\/www.batxilleratgranes.com\/es\/8evaluaciones\/#breadcrumb"},"inLanguage":"es","potentialAction":[{"@type":"ReadAction","target":["https:\/\/www.batxilleratgranes.com\/es\/8evaluaciones\/"]}]},{"@type":"ImageObject","inLanguage":"es","@id":"https:\/\/www.batxilleratgranes.com\/es\/8evaluaciones\/#primaryimage","url":"https:\/\/www.batxilleratgranes.com\/wp-content\/uploads\/2013\/03\/DSC_0665.jpg","contentUrl":"https:\/\/www.batxilleratgranes.com\/wp-content\/uploads\/2013\/03\/DSC_0665.jpg","width":1024,"height":678,"caption":"batxillerat barcelona"},{"@type":"BreadcrumbList","@id":"https:\/\/www.batxilleratgranes.com\/es\/8evaluaciones\/#breadcrumb","itemListElement":[{"@type":"ListItem","position":1,"name":"Inici","item":"https:\/\/www.batxilleratgranes.com\/es\/"},{"@type":"ListItem","position":2,"name":"8 evaluaciones"}]},{"@type":"WebSite","@id":"https:\/\/www.batxilleratgranes.com\/es\/#website","url":"https:\/\/www.batxilleratgranes.com\/es\/","name":"Gran\u00e9s Batxillerat - Escuela especializada en Bachillerato en Barcelona","description":"Escola especialitzada en Batxillerat a Barcelona","publisher":{"@id":"https:\/\/www.batxilleratgranes.com\/es\/#organization"},"potentialAction":[{"@type":"SearchAction","target":{"@type":"EntryPoint","urlTemplate":"https:\/\/www.batxilleratgranes.com\/es\/?s={search_term_string}"},"query-input":{"@type":"PropertyValueSpecification","valueRequired":true,"valueName":"search_term_string"}}],"inLanguage":"es"},{"@type":"Organization","@id":"https:\/\/www.batxilleratgranes.com\/es\/#organization","name":"Gran\u00e9s Batxillerat - Escuela especializada en Bachillerato en Barcelona","url":"https:\/\/www.batxilleratgranes.com\/es\/","logo":{"@type":"ImageObject","inLanguage":"es","@id":"https:\/\/www.batxilleratgranes.com\/es\/#\/schema\/logo\/image\/","url":"https:\/\/www.batxilleratgranes.com\/wp-content\/uploads\/2013\/01\/granes1.png","contentUrl":"https:\/\/www.batxilleratgranes.com\/wp-content\/uploads\/2013\/01\/granes1.png","width":292,"height":85,"caption":"Gran\u00e9s Batxillerat - Escuela especializada en Bachillerato en Barcelona"},"image":{"@id":"https:\/\/www.batxilleratgranes.com\/es\/#\/schema\/logo\/image\/"}}]}},"_links":{"self":[{"href":"https:\/\/www.batxilleratgranes.com\/es\/wp-json\/wp\/v2\/pages\/1417"}],"collection":[{"href":"https:\/\/www.batxilleratgranes.com\/es\/wp-json\/wp\/v2\/pages"}],"about":[{"href":"https:\/\/www.batxilleratgranes.com\/es\/wp-json\/wp\/v2\/types\/page"}],"author":[{"embeddable":true,"href":"https:\/\/www.batxilleratgranes.com\/es\/wp-json\/wp\/v2\/users\/2"}],"replies":[{"embeddable":true,"href":"https:\/\/www.batxilleratgranes.com\/es\/wp-json\/wp\/v2\/comments?post=1417"}],"version-history":[{"count":21,"href":"https:\/\/www.batxilleratgranes.com\/es\/wp-json\/wp\/v2\/pages\/1417\/revisions"}],"predecessor-version":[{"id":36855,"href":"https:\/\/www.batxilleratgranes.com\/es\/wp-json\/wp\/v2\/pages\/1417\/revisions\/36855"}],"wp:featuredmedia":[{"embeddable":true,"href":"https:\/\/www.batxilleratgranes.com\/es\/wp-json\/wp\/v2\/media\/1356"}],"wp:attachment":[{"href":"https:\/\/www.batxilleratgranes.com\/es\/wp-json\/wp\/v2\/media?parent=1417"}],"curies":[{"name":"wp","href":"https:\/\/api.w.org\/{rel}","templated":true}]}}