{"id":1530,"date":"2013-02-20T13:15:26","date_gmt":"2013-02-20T13:15:26","guid":{"rendered":"http:\/\/www.bachilleratogranes.com\/?page_id=1530"},"modified":"2025-07-18T08:54:09","modified_gmt":"2025-07-18T08:54:09","slug":"horarios","status":"publish","type":"page","link":"https:\/\/www.batxilleratgranes.com\/es\/horarios\/","title":{"rendered":"Horarios"},"content":{"rendered":"<div class=\"wpb-content-wrapper\"><p>[vc_section full_width=&#8221;stretch_row_content&#8221; css=&#8221;.vc_custom_1631475669347{background-image: url(https:\/\/www.batxilleratgranes.com\/wp-content\/uploads\/2020\/10\/horaris-02.jpg?id=) !important;background-position: center !important;background-repeat: no-repeat !important;background-size: cover !important;}&#8221;][vc_row][vc_column][vc_column_text][vc_custom_heading text=&#8221;Horarios&#8221; font_container=&#8221;tag:h1|font_size:60px|text_align:center&#8221; use_theme_fonts=&#8221;yes&#8221; el_class=&#8221;classElemntTitlesResponsive&#8221;][vc_empty_space height=&#8221;80px&#8221;][\/vc_column_text][\/vc_column][\/vc_row][\/vc_section][vc_section css=&#8221;.vc_custom_1573567871268{margin-bottom: 35px !important;}&#8221;][vc_row][vc_column][vc_column_text css=&#8221;&#8221;]<span class=\"fontsizeparaft\" style=\"color: #000000; font-weight: 300;\">Hemos compactado el horario para que se pueda realizar todo en horario de ma\u00f1ana o venir, como m\u00e1ximo, una tarde, consiguiendo as\u00ed un <strong><span style=\"color: #00833d;\">horario flexible<\/span><\/strong>.<\/span><\/p>\n<p>En el bachillerato de <a href=\"https:\/\/www.batxilleratgranes.com\/es\/bachillerato-artes-escenicas\/\">Artes Esc\u00e9nicas<\/a>, adicionalmente tendr\u00e1n que venir una tarde para ensayar.<\/p>\n<p><span class=\"fontsizeparaft\" style=\"color: #000000; font-weight: 300;\">Educaci\u00f3n F\u00edsica es una materia de Primero de bachillerato y se realiza una tarde a la semana durante dos horas. Los alumnos de 1\u00ba de bachillerato se distribuyen en grupos y se les asignar\u00e1 uno de los cuatro d\u00edas.<\/span><\/p>\n<p><span class=\"fontsizeparaft\" style=\"color: #000000; font-weight: 300;\">Estos son los <strong><span style=\"color: #00833d;\">horarios<\/span><\/strong> para Primero y Segundo de bachillerato. <\/span>[\/vc_column_text][vc_single_image image=&#8221;26235&#8243; img_size=&#8221;full&#8221; alignment=&#8221;center&#8221; css=&#8221;.vc_custom_1601993902326{margin-top: 5% !important;}&#8221;][\/vc_column][\/vc_row][\/vc_section]<\/p>\n<\/div>","protected":false},"excerpt":{"rendered":"<p>[vc_section full_width=&#8221;stretch_row_content&#8221; css=&#8221;.vc_custom_1631475669347{background-image: url(https:\/\/www.batxilleratgranes.com\/wp-content\/uploads\/2020\/10\/horaris-02.jpg?id=) !important;background-position: center !important;background-repeat: no-repeat !important;background-size: cover !important;}&#8221;][vc_row][vc_column][vc_column_text][vc_custom_heading text=&#8221;Horarios&#8221; font_container=&#8221;tag:h1|font_size:60px|text_align:center&#8221; use_theme_fonts=&#8221;yes&#8221; el_class=&#8221;classElemntTitlesResponsive&#8221;][vc_empty_space height=&#8221;80px&#8221;][\/vc_column_text][\/vc_column][\/vc_row][\/vc_section][vc_section css=&#8221;.vc_custom_1573567871268{margin-bottom: 35px !important;}&#8221;][vc_row][vc_column][vc_column_text css=&#8221;&#8221;]Hemos compactado el horario para que se pueda realizar todo en horario de ma\u00f1ana o venir, como m\u00e1ximo, una tarde, consiguiendo as\u00ed un horario flexible. En el bachillerato de Artes Esc\u00e9nicas, adicionalmente tendr\u00e1n que venir una&hellip;&nbsp;<a href=\"https:\/\/www.batxilleratgranes.com\/es\/horarios\/\" class=\"\" rel=\"bookmark\">Read More &raquo;<span class=\"screen-reader-text\">Horarios<\/span><\/a><\/p>\n","protected":false},"author":2,"featured_media":0,"parent":0,"menu_order":0,"comment_status":"closed","ping_status":"closed","template":"","meta":{"neve_meta_sidebar":"","neve_meta_container":"","neve_meta_enable_content_width":"off","neve_meta_content_width":100,"neve_meta_title_alignment":"","neve_meta_author_avatar":"","neve_post_elements_order":"","neve_meta_disable_header":"","neve_meta_disable_footer":"","neve_meta_disable_title":"","footnotes":""},"class_list":["post-1530","page","type-page","status-publish","hentry"],"yoast_head":"<!-- This site is optimized with the Yoast SEO plugin v23.4 - https:\/\/yoast.com\/wordpress\/plugins\/seo\/ -->\n<title>Horaris - Batxillerat | Gran\u00e9s Batxillerat<\/title>\n<meta name=\"description\" content=\"Gran\u00e9s Batxillerat, el centre referent de Batxillerat a Barcelona, oferim horaris de mat\u00ed per assignatures comuns i de tarda per Optatives i Educaci\u00f3 F\u00edsica\" \/>\n<meta name=\"robots\" content=\"index, follow, max-snippet:-1, max-image-preview:large, max-video-preview:-1\" \/>\n<link rel=\"canonical\" href=\"https:\/\/www.batxilleratgranes.com\/es\/horarios\/\" \/>\n<meta property=\"og:locale\" content=\"es_ES\" \/>\n<meta property=\"og:type\" content=\"article\" \/>\n<meta property=\"og:title\" content=\"Horaris - Batxillerat | Gran\u00e9s Batxillerat\" \/>\n<meta property=\"og:description\" content=\"Gran\u00e9s Batxillerat, el centre referent de Batxillerat a Barcelona, oferim horaris de mat\u00ed per assignatures comuns i de tarda per Optatives i Educaci\u00f3 F\u00edsica\" \/>\n<meta property=\"og:url\" content=\"https:\/\/www.batxilleratgranes.com\/es\/horarios\/\" \/>\n<meta property=\"og:site_name\" content=\"Gran\u00e9s Batxillerat - Escuela especializada en Bachillerato en Barcelona\" \/>\n<meta property=\"article:modified_time\" content=\"2025-07-18T08:54:09+00:00\" \/>\n<meta name=\"twitter:card\" content=\"summary_large_image\" \/>\n<meta name=\"twitter:label1\" content=\"Est. reading time\" \/>\n\t<meta name=\"twitter:data1\" content=\"1 minute\" \/>\n<script type=\"application\/ld+json\" class=\"yoast-schema-graph\">{\"@context\":\"https:\/\/schema.org\",\"@graph\":[{\"@type\":\"WebPage\",\"@id\":\"https:\/\/www.batxilleratgranes.com\/es\/horarios\/\",\"url\":\"https:\/\/www.batxilleratgranes.com\/es\/horarios\/\",\"name\":\"Horaris - Batxillerat | Gran\u00e9s Batxillerat\",\"isPartOf\":{\"@id\":\"https:\/\/www.batxilleratgranes.com\/es\/#website\"},\"datePublished\":\"2013-02-20T13:15:26+00:00\",\"dateModified\":\"2025-07-18T08:54:09+00:00\",\"description\":\"Gran\u00e9s Batxillerat, el centre referent de Batxillerat a Barcelona, oferim horaris de mat\u00ed per assignatures comuns i de tarda per Optatives i Educaci\u00f3 F\u00edsica\",\"breadcrumb\":{\"@id\":\"https:\/\/www.batxilleratgranes.com\/es\/horarios\/#breadcrumb\"},\"inLanguage\":\"es\",\"potentialAction\":[{\"@type\":\"ReadAction\",\"target\":[\"https:\/\/www.batxilleratgranes.com\/es\/horarios\/\"]}]},{\"@type\":\"BreadcrumbList\",\"@id\":\"https:\/\/www.batxilleratgranes.com\/es\/horarios\/#breadcrumb\",\"itemListElement\":[{\"@type\":\"ListItem\",\"position\":1,\"name\":\"Inici\",\"item\":\"https:\/\/www.batxilleratgranes.com\/es\/\"},{\"@type\":\"ListItem\",\"position\":2,\"name\":\"Horarios\"}]},{\"@type\":\"WebSite\",\"@id\":\"https:\/\/www.batxilleratgranes.com\/es\/#website\",\"url\":\"https:\/\/www.batxilleratgranes.com\/es\/\",\"name\":\"Gran\u00e9s Batxillerat - Escuela especializada en Bachillerato en Barcelona\",\"description\":\"Escola especialitzada en Batxillerat a Barcelona\",\"publisher\":{\"@id\":\"https:\/\/www.batxilleratgranes.com\/es\/#organization\"},\"potentialAction\":[{\"@type\":\"SearchAction\",\"target\":{\"@type\":\"EntryPoint\",\"urlTemplate\":\"https:\/\/www.batxilleratgranes.com\/es\/?s={search_term_string}\"},\"query-input\":{\"@type\":\"PropertyValueSpecification\",\"valueRequired\":true,\"valueName\":\"search_term_string\"}}],\"inLanguage\":\"es\"},{\"@type\":\"Organization\",\"@id\":\"https:\/\/www.batxilleratgranes.com\/es\/#organization\",\"name\":\"Gran\u00e9s Batxillerat - Escuela especializada en Bachillerato en Barcelona\",\"url\":\"https:\/\/www.batxilleratgranes.com\/es\/\",\"logo\":{\"@type\":\"ImageObject\",\"inLanguage\":\"es\",\"@id\":\"https:\/\/www.batxilleratgranes.com\/es\/#\/schema\/logo\/image\/\",\"url\":\"https:\/\/www.batxilleratgranes.com\/wp-content\/uploads\/2013\/01\/granes1.png\",\"contentUrl\":\"https:\/\/www.batxilleratgranes.com\/wp-content\/uploads\/2013\/01\/granes1.png\",\"width\":292,\"height\":85,\"caption\":\"Gran\u00e9s Batxillerat - Escuela especializada en Bachillerato en Barcelona\"},\"image\":{\"@id\":\"https:\/\/www.batxilleratgranes.com\/es\/#\/schema\/logo\/image\/\"}}]}<\/script>\n<!-- \/ Yoast SEO plugin. -->","yoast_head_json":{"title":"Horaris - Batxillerat | Gran\u00e9s Batxillerat","description":"Gran\u00e9s Batxillerat, el centre referent de Batxillerat a Barcelona, oferim horaris de mat\u00ed per assignatures comuns i de tarda per Optatives i Educaci\u00f3 F\u00edsica","robots":{"index":"index","follow":"follow","max-snippet":"max-snippet:-1","max-image-preview":"max-image-preview:large","max-video-preview":"max-video-preview:-1"},"canonical":"https:\/\/www.batxilleratgranes.com\/es\/horarios\/","og_locale":"es_ES","og_type":"article","og_title":"Horaris - Batxillerat | Gran\u00e9s Batxillerat","og_description":"Gran\u00e9s Batxillerat, el centre referent de Batxillerat a Barcelona, oferim horaris de mat\u00ed per assignatures comuns i de tarda per Optatives i Educaci\u00f3 F\u00edsica","og_url":"https:\/\/www.batxilleratgranes.com\/es\/horarios\/","og_site_name":"Gran\u00e9s Batxillerat - Escuela especializada en Bachillerato en Barcelona","article_modified_time":"2025-07-18T08:54:09+00:00","twitter_card":"summary_large_image","twitter_misc":{"Est. reading time":"1 minute"},"schema":{"@context":"https:\/\/schema.org","@graph":[{"@type":"WebPage","@id":"https:\/\/www.batxilleratgranes.com\/es\/horarios\/","url":"https:\/\/www.batxilleratgranes.com\/es\/horarios\/","name":"Horaris - Batxillerat | Gran\u00e9s Batxillerat","isPartOf":{"@id":"https:\/\/www.batxilleratgranes.com\/es\/#website"},"datePublished":"2013-02-20T13:15:26+00:00","dateModified":"2025-07-18T08:54:09+00:00","description":"Gran\u00e9s Batxillerat, el centre referent de Batxillerat a Barcelona, oferim horaris de mat\u00ed per assignatures comuns i de tarda per Optatives i Educaci\u00f3 F\u00edsica","breadcrumb":{"@id":"https:\/\/www.batxilleratgranes.com\/es\/horarios\/#breadcrumb"},"inLanguage":"es","potentialAction":[{"@type":"ReadAction","target":["https:\/\/www.batxilleratgranes.com\/es\/horarios\/"]}]},{"@type":"BreadcrumbList","@id":"https:\/\/www.batxilleratgranes.com\/es\/horarios\/#breadcrumb","itemListElement":[{"@type":"ListItem","position":1,"name":"Inici","item":"https:\/\/www.batxilleratgranes.com\/es\/"},{"@type":"ListItem","position":2,"name":"Horarios"}]},{"@type":"WebSite","@id":"https:\/\/www.batxilleratgranes.com\/es\/#website","url":"https:\/\/www.batxilleratgranes.com\/es\/","name":"Gran\u00e9s Batxillerat - Escuela especializada en Bachillerato en Barcelona","description":"Escola especialitzada en Batxillerat a Barcelona","publisher":{"@id":"https:\/\/www.batxilleratgranes.com\/es\/#organization"},"potentialAction":[{"@type":"SearchAction","target":{"@type":"EntryPoint","urlTemplate":"https:\/\/www.batxilleratgranes.com\/es\/?s={search_term_string}"},"query-input":{"@type":"PropertyValueSpecification","valueRequired":true,"valueName":"search_term_string"}}],"inLanguage":"es"},{"@type":"Organization","@id":"https:\/\/www.batxilleratgranes.com\/es\/#organization","name":"Gran\u00e9s Batxillerat - Escuela especializada en Bachillerato en Barcelona","url":"https:\/\/www.batxilleratgranes.com\/es\/","logo":{"@type":"ImageObject","inLanguage":"es","@id":"https:\/\/www.batxilleratgranes.com\/es\/#\/schema\/logo\/image\/","url":"https:\/\/www.batxilleratgranes.com\/wp-content\/uploads\/2013\/01\/granes1.png","contentUrl":"https:\/\/www.batxilleratgranes.com\/wp-content\/uploads\/2013\/01\/granes1.png","width":292,"height":85,"caption":"Gran\u00e9s Batxillerat - Escuela especializada en Bachillerato en Barcelona"},"image":{"@id":"https:\/\/www.batxilleratgranes.com\/es\/#\/schema\/logo\/image\/"}}]}},"_links":{"self":[{"href":"https:\/\/www.batxilleratgranes.com\/es\/wp-json\/wp\/v2\/pages\/1530"}],"collection":[{"href":"https:\/\/www.batxilleratgranes.com\/es\/wp-json\/wp\/v2\/pages"}],"about":[{"href":"https:\/\/www.batxilleratgranes.com\/es\/wp-json\/wp\/v2\/types\/page"}],"author":[{"embeddable":true,"href":"https:\/\/www.batxilleratgranes.com\/es\/wp-json\/wp\/v2\/users\/2"}],"replies":[{"embeddable":true,"href":"https:\/\/www.batxilleratgranes.com\/es\/wp-json\/wp\/v2\/comments?post=1530"}],"version-history":[{"count":24,"href":"https:\/\/www.batxilleratgranes.com\/es\/wp-json\/wp\/v2\/pages\/1530\/revisions"}],"predecessor-version":[{"id":58019,"href":"https:\/\/www.batxilleratgranes.com\/es\/wp-json\/wp\/v2\/pages\/1530\/revisions\/58019"}],"wp:attachment":[{"href":"https:\/\/www.batxilleratgranes.com\/es\/wp-json\/wp\/v2\/media?parent=1530"}],"curies":[{"name":"wp","href":"https:\/\/api.w.org\/{rel}","templated":true}]}}