{"id":185,"date":"2013-02-01T15:57:35","date_gmt":"2013-02-01T15:57:35","guid":{"rendered":"http:\/\/www.bachilleratogranes.com\/?page_id=185"},"modified":"2021-10-13T11:47:49","modified_gmt":"2021-10-13T11:47:49","slug":"que-es-el-bachillerato","status":"publish","type":"page","link":"https:\/\/www.batxilleratgranes.com\/es\/que-es-el-bachillerato\/","title":{"rendered":"\u00bfQu\u00e9 es el bachillerato?"},"content":{"rendered":"<div class=\"wpb-content-wrapper\"><p>[vc_section][vc_row][vc_column][vc_column_text][vc_custom_heading text=&#8221;\u00bfQu\u00e9 es el bachillerato?&#8221; font_container=&#8221;tag:h1|font_size:60px|text_align:center&#8221; use_theme_fonts=&#8221;yes&#8221; el_class=&#8221;classElemntTitlesResponsive&#8221;][vc_empty_space height=&#8221;60px&#8221;][\/vc_column_text][\/vc_column][\/vc_row][\/vc_section][vc_section][vc_row][vc_column][vc_column_text]<span style=\"color: #000000; font-weight: 300;\">El bachillerato es una etapa no obligatoria, en la que el objetivo es proporcionar la formaci\u00f3n, la madurez intelectual y humana, los conocimientos y las destrezas que permitan progresar a nuestros alumnos en su desarrollo personal, intelectual y social para incorporarse a la educaci\u00f3n superior y a la vida activa.<\/span><\/p>\n<p><span style=\"color: #000000; font-weight: 300;\">Cursar el bachillerato da la oportunidad de acceder a las ense\u00f1anzas universitarias (grados) superando las PAU (Pruebas de Acceso a la Universidad) y, tambi\u00e9n, de acceder directamente a los ciclos formativos de grado superior.<\/span>[\/vc_column_text][\/vc_column][\/vc_row][\/vc_section][vc_section][vc_row][vc_column width=&#8221;1\/3&#8243;][vc_column_text]<\/p>\n<div>\n<p><img loading=\"lazy\" decoding=\"async\" class=\"alignnone size-full wp-image-19241\" src=\"https:\/\/www.batxilleratgranes.com\/wp-content\/uploads\/2020\/10\/modalitats-08.jpg\" alt=\"\" width=\"334\" height=\"332\" \/><\/p>\n<div style=\"width: 100%; background-color: #00833d; color: white; text-align: center;\">Modalidad<br \/>\nde Ciencias<br \/>\ny Tecnolog\u00eda<\/div>\n<\/div>\n<p>[\/vc_column_text][vc_column_inner width=&#8221;1\/3&#8243;][\/vc_column_inner][vc_column_inner width=&#8221;1\/3&#8243;][\/vc_column_inner][\/vc_column][vc_column width=&#8221;1\/3&#8243;][vc_column_text]<img loading=\"lazy\" decoding=\"async\" class=\"alignnone wp-image-19244 size-full\" src=\"https:\/\/www.batxilleratgranes.com\/wp-content\/uploads\/2020\/10\/modalitats-09.jpg\" alt=\"\" width=\"334\" height=\"332\" \/><\/p>\n<div style=\"width: 100%; background-color: #00833d; color: white; text-align: center;\">Modalidad<br \/>\nde Humanidades<br \/>\ny Ciencias Sociales<\/div>\n<p>[\/vc_column_text][\/vc_column][vc_column width=&#8221;1\/3&#8243;][vc_column_text]<img loading=\"lazy\" decoding=\"async\" class=\"alignnone wp-image-19246 size-full\" src=\"https:\/\/www.batxilleratgranes.com\/wp-content\/uploads\/2020\/10\/modalitats-10.jpg\" alt=\"\" width=\"334\" height=\"332\" \/><\/p>\n<div style=\"width: 100%; background-color: #00833d; color: white; text-align: center;\">Modalidad de<\/div>\n<div style=\"width: 100%; background-color: #00833d; color: white; text-align: center;\">Artes Esc\u00e9nicas,<br \/>\nM\u00fasica y Danza<\/div>\n<p>[\/vc_column_text][\/vc_column][\/vc_row][vc_row][vc_column][vc_column_text]<span style=\"color: #000000; font-weight: 300;\">Las modalidades del bachillerato tienen como finalidad proporcionar una formaci\u00f3n de car\u00e1cter espec\u00edfico que oriente en el \u00e1mbito de conocimiento escogido, desarrolle competencias que tienen m\u00e1s relaci\u00f3n, prepare para una variedad de estudios posteriores y favorezca la inserci\u00f3n en un campo laboral determinado.<\/span><\/p>\n<p><span style=\"color: #000000; font-weight: 300;\"><br \/>\nEl bachillerato consta de:<\/span>[\/vc_column_text][\/vc_column][\/vc_row][\/vc_section][vc_section css=&#8221;.vc_custom_1587376775694{padding-right: 15% !important;padding-bottom: 5% !important;padding-left: 15% !important;}&#8221;][vc_row][vc_column][vc_custom_heading text=&#8221;2 cursos acad\u00e9micos compuestos por las siguientes materias:&#8221; font_container=&#8221;tag:h2|font_size:45|text_align:center|color:%2300833d&#8221; use_theme_fonts=&#8221;yes&#8221;][vc_row_inner equal_height=&#8221;yes&#8221; gap=&#8221;10&#8243;][vc_column_inner width=&#8221;1\/3&#8243; css=&#8221;.vc_custom_1574066622819{padding-top: 20% !important;padding-right: 20% !important;padding-bottom: 20% !important;padding-left: 20% !important;background-color: #ededed !important;}&#8221;][vc_column_text]<\/p>\n<p style=\"text-align: center;\"><span style=\"color: #00833d;\">Materias comunes<\/span><\/p>\n<p>[\/vc_column_text][\/vc_column_inner][vc_column_inner width=&#8221;1\/3&#8243; css=&#8221;.vc_custom_1574066640842{padding-top: 20% !important;padding-right: 20% !important;padding-bottom: 20% !important;padding-left: 20% !important;background-color: #ededed !important;}&#8221;][vc_column_text]<\/p>\n<p style=\"text-align: center;\"><span style=\"color: #00833d;\">Materia com\u00fan<br \/>\nde opci\u00f3n<\/span><\/p>\n<p>[\/vc_column_text][\/vc_column_inner][vc_column_inner width=&#8221;1\/3&#8243; css=&#8221;.vc_custom_1574066651471{padding-top: 20% !important;padding-right: 20% !important;padding-bottom: 20% !important;padding-left: 20% !important;background-color: #ededed !important;}&#8221;][vc_column_text]<\/p>\n<p style=\"text-align: center;\"><span style=\"color: #00833d;\">Materias<br \/>\nde modalidad<\/span><\/p>\n<p>[\/vc_column_text][\/vc_column_inner][\/vc_row_inner][vc_row_inner equal_height=&#8221;yes&#8221; gap=&#8221;10&#8243;][vc_column_inner width=&#8221;1\/3&#8243; css=&#8221;.vc_custom_1574066663093{padding-top: 20% !important;padding-right: 20% !important;padding-bottom: 20% !important;padding-left: 20% !important;background-color: #ededed !important;}&#8221;][vc_column_text]<\/p>\n<p style=\"text-align: center;\"><span style=\"color: #00833d;\">Materias<br \/>\nespec\u00edficas<\/span><\/p>\n<p>[\/vc_column_text][\/vc_column_inner][vc_column_inner width=&#8221;1\/3&#8243; css=&#8221;.vc_custom_1574066731529{padding-top: 20% !important;padding-right: 20% !important;padding-bottom: 20% !important;padding-left: 20% !important;background-color: #ededed !important;}&#8221;][vc_column_text]<\/p>\n<p style=\"text-align: center;\"><span style=\"color: #00833d;\">Trabajo<br \/>\nde Investigaci\u00f3n<\/span><\/p>\n<p>[\/vc_column_text][\/vc_column_inner][vc_column_inner width=&#8221;1\/3&#8243; css=&#8221;.vc_custom_1574066743329{padding-top: 20% !important;padding-right: 20% !important;padding-bottom: 20% !important;padding-left: 20% !important;background-color: #ededed !important;}&#8221;][vc_column_text]<\/p>\n<p style=\"text-align: center;\"><span style=\"color: #00833d;\">Tutor\u00eda<\/span><\/p>\n<p>[\/vc_column_text][\/vc_column_inner][\/vc_row_inner][\/vc_column][\/vc_row][\/vc_section][vc_section full_width=&#8221;stretch_row&#8221; css=&#8221;.vc_custom_1574071185869{padding-bottom: 35px !important;background-color: #00833d !important;}&#8221;][vc_row][vc_column][vc_column_text]<\/p>\n<h2 style=\"text-align: center; font-size: 45px;\"><span style=\"color: #ffffff;\">\u00bfQuieres m\u00e1s informaci\u00f3n?<\/span><\/h2>\n<p>[\/vc_column_text][vc_btn title=&#8221;DESCUBRE LOS ITINERARIOS&#8221; shape=&#8221;square&#8221; color=&#8221;white&#8221; size=&#8221;lg&#8221; align=&#8221;center&#8221; link=&#8221;url:https%3A%2F%2Fwww.batxilleratgranes.com%2Fes%2Fitinerarios%2F|title:https%3A%2F%2Fwww.batxilleratgranes.com%2Fes%2Fitinerarios%2F&#8221;][\/vc_column][\/vc_row][\/vc_section]<\/p>\n<\/div>","protected":false},"excerpt":{"rendered":"<p>[vc_section][vc_row][vc_column][vc_column_text][vc_custom_heading text=&#8221;\u00bfQu\u00e9 es el bachillerato?&#8221; font_container=&#8221;tag:h1|font_size:60px|text_align:center&#8221; use_theme_fonts=&#8221;yes&#8221; el_class=&#8221;classElemntTitlesResponsive&#8221;][vc_empty_space height=&#8221;60px&#8221;][\/vc_column_text][\/vc_column][\/vc_row][\/vc_section][vc_section][vc_row][vc_column][vc_column_text]El bachillerato es una etapa no obligatoria, en la que el objetivo es proporcionar la formaci\u00f3n, la madurez intelectual y humana, los conocimientos y las destrezas que permitan progresar a nuestros alumnos en su desarrollo personal, intelectual y social para incorporarse a la educaci\u00f3n superior y a&hellip;&nbsp;<a href=\"https:\/\/www.batxilleratgranes.com\/es\/que-es-el-bachillerato\/\" class=\"\" rel=\"bookmark\">Read More &raquo;<span class=\"screen-reader-text\">\u00bfQu\u00e9 es el bachillerato?<\/span><\/a><\/p>\n","protected":false},"author":2,"featured_media":0,"parent":0,"menu_order":0,"comment_status":"closed","ping_status":"closed","template":"","meta":{"neve_meta_sidebar":"","neve_meta_container":"","neve_meta_enable_content_width":"off","neve_meta_content_width":100,"neve_meta_title_alignment":"","neve_meta_author_avatar":"","neve_post_elements_order":"","neve_meta_disable_header":"","neve_meta_disable_footer":"","neve_meta_disable_title":"","footnotes":""},"class_list":["post-185","page","type-page","status-publish","hentry"],"yoast_head":"<!-- This site is optimized with the Yoast SEO plugin v23.4 - https:\/\/yoast.com\/wordpress\/plugins\/seo\/ -->\n<title>Qu\u00e8 \u00e9s el Batxillerat - Batxillerat | Gran\u00e9s Batxillerat<\/title>\n<meta name=\"description\" content=\"El batxillerat \u00e9s una etapa no obligat\u00f2ria que permet donar formaci\u00f3, maduresa intel\u00b7lectual i humana, coneixements ,i les destreses necess\u00e0ries als alumnes\" \/>\n<meta name=\"robots\" content=\"index, follow, max-snippet:-1, max-image-preview:large, max-video-preview:-1\" \/>\n<link rel=\"canonical\" href=\"https:\/\/www.batxilleratgranes.com\/es\/que-es-el-bachillerato\/\" \/>\n<meta property=\"og:locale\" content=\"es_ES\" \/>\n<meta property=\"og:type\" content=\"article\" \/>\n<meta property=\"og:title\" content=\"Qu\u00e8 \u00e9s el Batxillerat - Batxillerat | Gran\u00e9s Batxillerat\" \/>\n<meta property=\"og:description\" content=\"El batxillerat \u00e9s una etapa no obligat\u00f2ria que permet donar formaci\u00f3, maduresa intel\u00b7lectual i humana, coneixements ,i les destreses necess\u00e0ries als alumnes\" \/>\n<meta property=\"og:url\" content=\"https:\/\/www.batxilleratgranes.com\/es\/que-es-el-bachillerato\/\" \/>\n<meta property=\"og:site_name\" content=\"Gran\u00e9s Batxillerat - Escuela especializada en Bachillerato en Barcelona\" \/>\n<meta property=\"article:modified_time\" content=\"2021-10-13T11:47:49+00:00\" \/>\n<meta property=\"og:image\" content=\"https:\/\/www.batxilleratgranes.com\/wp-content\/uploads\/2020\/10\/modalitats-08.jpg\" \/>\n<meta name=\"twitter:card\" content=\"summary_large_image\" \/>\n<meta name=\"twitter:label1\" content=\"Est. reading time\" \/>\n\t<meta name=\"twitter:data1\" content=\"2 minutes\" \/>\n<script type=\"application\/ld+json\" class=\"yoast-schema-graph\">{\"@context\":\"https:\/\/schema.org\",\"@graph\":[{\"@type\":\"WebPage\",\"@id\":\"https:\/\/www.batxilleratgranes.com\/es\/que-es-el-bachillerato\/\",\"url\":\"https:\/\/www.batxilleratgranes.com\/es\/que-es-el-bachillerato\/\",\"name\":\"Qu\u00e8 \u00e9s el Batxillerat - Batxillerat | Gran\u00e9s Batxillerat\",\"isPartOf\":{\"@id\":\"https:\/\/www.batxilleratgranes.com\/es\/#website\"},\"primaryImageOfPage\":{\"@id\":\"https:\/\/www.batxilleratgranes.com\/es\/que-es-el-bachillerato\/#primaryimage\"},\"image\":{\"@id\":\"https:\/\/www.batxilleratgranes.com\/es\/que-es-el-bachillerato\/#primaryimage\"},\"thumbnailUrl\":\"https:\/\/www.batxilleratgranes.com\/wp-content\/uploads\/2020\/10\/modalitats-08.jpg\",\"datePublished\":\"2013-02-01T15:57:35+00:00\",\"dateModified\":\"2021-10-13T11:47:49+00:00\",\"description\":\"El batxillerat \u00e9s una etapa no obligat\u00f2ria que permet donar formaci\u00f3, maduresa intel\u00b7lectual i humana, coneixements ,i les destreses necess\u00e0ries als alumnes\",\"breadcrumb\":{\"@id\":\"https:\/\/www.batxilleratgranes.com\/es\/que-es-el-bachillerato\/#breadcrumb\"},\"inLanguage\":\"es\",\"potentialAction\":[{\"@type\":\"ReadAction\",\"target\":[\"https:\/\/www.batxilleratgranes.com\/es\/que-es-el-bachillerato\/\"]}]},{\"@type\":\"ImageObject\",\"inLanguage\":\"es\",\"@id\":\"https:\/\/www.batxilleratgranes.com\/es\/que-es-el-bachillerato\/#primaryimage\",\"url\":\"https:\/\/www.batxilleratgranes.com\/wp-content\/uploads\/2020\/10\/modalitats-08.jpg\",\"contentUrl\":\"https:\/\/www.batxilleratgranes.com\/wp-content\/uploads\/2020\/10\/modalitats-08.jpg\"},{\"@type\":\"BreadcrumbList\",\"@id\":\"https:\/\/www.batxilleratgranes.com\/es\/que-es-el-bachillerato\/#breadcrumb\",\"itemListElement\":[{\"@type\":\"ListItem\",\"position\":1,\"name\":\"Inici\",\"item\":\"https:\/\/www.batxilleratgranes.com\/es\/\"},{\"@type\":\"ListItem\",\"position\":2,\"name\":\"\u00bfQu\u00e9 es el bachillerato?\"}]},{\"@type\":\"WebSite\",\"@id\":\"https:\/\/www.batxilleratgranes.com\/es\/#website\",\"url\":\"https:\/\/www.batxilleratgranes.com\/es\/\",\"name\":\"Gran\u00e9s Batxillerat - Escuela especializada en Bachillerato en Barcelona\",\"description\":\"Escola especialitzada en Batxillerat a Barcelona\",\"publisher\":{\"@id\":\"https:\/\/www.batxilleratgranes.com\/es\/#organization\"},\"potentialAction\":[{\"@type\":\"SearchAction\",\"target\":{\"@type\":\"EntryPoint\",\"urlTemplate\":\"https:\/\/www.batxilleratgranes.com\/es\/?s={search_term_string}\"},\"query-input\":{\"@type\":\"PropertyValueSpecification\",\"valueRequired\":true,\"valueName\":\"search_term_string\"}}],\"inLanguage\":\"es\"},{\"@type\":\"Organization\",\"@id\":\"https:\/\/www.batxilleratgranes.com\/es\/#organization\",\"name\":\"Gran\u00e9s Batxillerat - Escuela especializada en Bachillerato en Barcelona\",\"url\":\"https:\/\/www.batxilleratgranes.com\/es\/\",\"logo\":{\"@type\":\"ImageObject\",\"inLanguage\":\"es\",\"@id\":\"https:\/\/www.batxilleratgranes.com\/es\/#\/schema\/logo\/image\/\",\"url\":\"https:\/\/www.batxilleratgranes.com\/wp-content\/uploads\/2013\/01\/granes1.png\",\"contentUrl\":\"https:\/\/www.batxilleratgranes.com\/wp-content\/uploads\/2013\/01\/granes1.png\",\"width\":292,\"height\":85,\"caption\":\"Gran\u00e9s Batxillerat - Escuela especializada en Bachillerato en Barcelona\"},\"image\":{\"@id\":\"https:\/\/www.batxilleratgranes.com\/es\/#\/schema\/logo\/image\/\"}}]}<\/script>\n<!-- \/ Yoast SEO plugin. -->","yoast_head_json":{"title":"Qu\u00e8 \u00e9s el Batxillerat - Batxillerat | Gran\u00e9s Batxillerat","description":"El batxillerat \u00e9s una etapa no obligat\u00f2ria que permet donar formaci\u00f3, maduresa intel\u00b7lectual i humana, coneixements ,i les destreses necess\u00e0ries als alumnes","robots":{"index":"index","follow":"follow","max-snippet":"max-snippet:-1","max-image-preview":"max-image-preview:large","max-video-preview":"max-video-preview:-1"},"canonical":"https:\/\/www.batxilleratgranes.com\/es\/que-es-el-bachillerato\/","og_locale":"es_ES","og_type":"article","og_title":"Qu\u00e8 \u00e9s el Batxillerat - Batxillerat | Gran\u00e9s Batxillerat","og_description":"El batxillerat \u00e9s una etapa no obligat\u00f2ria que permet donar formaci\u00f3, maduresa intel\u00b7lectual i humana, coneixements ,i les destreses necess\u00e0ries als alumnes","og_url":"https:\/\/www.batxilleratgranes.com\/es\/que-es-el-bachillerato\/","og_site_name":"Gran\u00e9s Batxillerat - Escuela especializada en Bachillerato en Barcelona","article_modified_time":"2021-10-13T11:47:49+00:00","og_image":[{"url":"https:\/\/www.batxilleratgranes.com\/wp-content\/uploads\/2020\/10\/modalitats-08.jpg"}],"twitter_card":"summary_large_image","twitter_misc":{"Est. reading time":"2 minutes"},"schema":{"@context":"https:\/\/schema.org","@graph":[{"@type":"WebPage","@id":"https:\/\/www.batxilleratgranes.com\/es\/que-es-el-bachillerato\/","url":"https:\/\/www.batxilleratgranes.com\/es\/que-es-el-bachillerato\/","name":"Qu\u00e8 \u00e9s el Batxillerat - Batxillerat | Gran\u00e9s Batxillerat","isPartOf":{"@id":"https:\/\/www.batxilleratgranes.com\/es\/#website"},"primaryImageOfPage":{"@id":"https:\/\/www.batxilleratgranes.com\/es\/que-es-el-bachillerato\/#primaryimage"},"image":{"@id":"https:\/\/www.batxilleratgranes.com\/es\/que-es-el-bachillerato\/#primaryimage"},"thumbnailUrl":"https:\/\/www.batxilleratgranes.com\/wp-content\/uploads\/2020\/10\/modalitats-08.jpg","datePublished":"2013-02-01T15:57:35+00:00","dateModified":"2021-10-13T11:47:49+00:00","description":"El batxillerat \u00e9s una etapa no obligat\u00f2ria que permet donar formaci\u00f3, maduresa intel\u00b7lectual i humana, coneixements ,i les destreses necess\u00e0ries als alumnes","breadcrumb":{"@id":"https:\/\/www.batxilleratgranes.com\/es\/que-es-el-bachillerato\/#breadcrumb"},"inLanguage":"es","potentialAction":[{"@type":"ReadAction","target":["https:\/\/www.batxilleratgranes.com\/es\/que-es-el-bachillerato\/"]}]},{"@type":"ImageObject","inLanguage":"es","@id":"https:\/\/www.batxilleratgranes.com\/es\/que-es-el-bachillerato\/#primaryimage","url":"https:\/\/www.batxilleratgranes.com\/wp-content\/uploads\/2020\/10\/modalitats-08.jpg","contentUrl":"https:\/\/www.batxilleratgranes.com\/wp-content\/uploads\/2020\/10\/modalitats-08.jpg"},{"@type":"BreadcrumbList","@id":"https:\/\/www.batxilleratgranes.com\/es\/que-es-el-bachillerato\/#breadcrumb","itemListElement":[{"@type":"ListItem","position":1,"name":"Inici","item":"https:\/\/www.batxilleratgranes.com\/es\/"},{"@type":"ListItem","position":2,"name":"\u00bfQu\u00e9 es el bachillerato?"}]},{"@type":"WebSite","@id":"https:\/\/www.batxilleratgranes.com\/es\/#website","url":"https:\/\/www.batxilleratgranes.com\/es\/","name":"Gran\u00e9s Batxillerat - Escuela especializada en Bachillerato en Barcelona","description":"Escola especialitzada en Batxillerat a Barcelona","publisher":{"@id":"https:\/\/www.batxilleratgranes.com\/es\/#organization"},"potentialAction":[{"@type":"SearchAction","target":{"@type":"EntryPoint","urlTemplate":"https:\/\/www.batxilleratgranes.com\/es\/?s={search_term_string}"},"query-input":{"@type":"PropertyValueSpecification","valueRequired":true,"valueName":"search_term_string"}}],"inLanguage":"es"},{"@type":"Organization","@id":"https:\/\/www.batxilleratgranes.com\/es\/#organization","name":"Gran\u00e9s Batxillerat - Escuela especializada en Bachillerato en Barcelona","url":"https:\/\/www.batxilleratgranes.com\/es\/","logo":{"@type":"ImageObject","inLanguage":"es","@id":"https:\/\/www.batxilleratgranes.com\/es\/#\/schema\/logo\/image\/","url":"https:\/\/www.batxilleratgranes.com\/wp-content\/uploads\/2013\/01\/granes1.png","contentUrl":"https:\/\/www.batxilleratgranes.com\/wp-content\/uploads\/2013\/01\/granes1.png","width":292,"height":85,"caption":"Gran\u00e9s Batxillerat - Escuela especializada en Bachillerato en Barcelona"},"image":{"@id":"https:\/\/www.batxilleratgranes.com\/es\/#\/schema\/logo\/image\/"}}]}},"_links":{"self":[{"href":"https:\/\/www.batxilleratgranes.com\/es\/wp-json\/wp\/v2\/pages\/185"}],"collection":[{"href":"https:\/\/www.batxilleratgranes.com\/es\/wp-json\/wp\/v2\/pages"}],"about":[{"href":"https:\/\/www.batxilleratgranes.com\/es\/wp-json\/wp\/v2\/types\/page"}],"author":[{"embeddable":true,"href":"https:\/\/www.batxilleratgranes.com\/es\/wp-json\/wp\/v2\/users\/2"}],"replies":[{"embeddable":true,"href":"https:\/\/www.batxilleratgranes.com\/es\/wp-json\/wp\/v2\/comments?post=185"}],"version-history":[{"count":38,"href":"https:\/\/www.batxilleratgranes.com\/es\/wp-json\/wp\/v2\/pages\/185\/revisions"}],"predecessor-version":[{"id":36834,"href":"https:\/\/www.batxilleratgranes.com\/es\/wp-json\/wp\/v2\/pages\/185\/revisions\/36834"}],"wp:attachment":[{"href":"https:\/\/www.batxilleratgranes.com\/es\/wp-json\/wp\/v2\/media?parent=185"}],"curies":[{"name":"wp","href":"https:\/\/api.w.org\/{rel}","templated":true}]}}