{"id":2028,"date":"2013-03-26T16:40:08","date_gmt":"2013-03-26T16:40:08","guid":{"rendered":"http:\/\/www.bachilleratogranes.com\/?page_id=2028"},"modified":"2022-07-14T10:31:26","modified_gmt":"2022-07-14T10:31:26","slug":"como-trabajamos","status":"publish","type":"page","link":"https:\/\/www.batxilleratgranes.com\/es\/como-trabajamos\/","title":{"rendered":"\u00bfC\u00f3mo trabajamos?"},"content":{"rendered":"<div class=\"wpb-content-wrapper\"><p>[vc_section css=&#8221;.vc_custom_1631459012404{margin-top: 50px !important;margin-bottom: 50px !important;}&#8221; el_class=&#8221;nomorespace&#8221;][vc_row][vc_column][vc_column_text][vc_custom_heading text=&#8221;\u00bfC\u00f3mo trabajamos?_&#8221; font_container=&#8221;tag:h1|font_size:60px|text_align:center&#8221; use_theme_fonts=&#8221;yes&#8221; el_class=&#8221;classElemntTitlesResponsive&#8221;][\/vc_column_text][vc_column_text]<\/p>\n<p style=\"text-align: center;\"><span style=\"font-weight: 300;\">En Gran\u00e9s Batxillerat contamos con m\u00e1s de 65 a\u00f1os de experiencia formando a chicos y chicas de edad preuniversitaria. Esto nos ha permitido desarrollar nuestro propio m\u00e9todo basado en:<\/span><\/p>\n<p>[\/vc_column_text][\/vc_column][\/vc_row][\/vc_section][vc_section full_height=&#8221;yes&#8221; content_placement=&#8221;top&#8221;][vc_row equal_height=&#8221;yes&#8221; content_placement=&#8221;top&#8221;][vc_column width=&#8221;1\/6&#8243;][\/vc_column][vc_column width=&#8221;1\/3&#8243;][vc_column_text]<\/p>\n<p class=\"title\">Creemos en ti<span class=\"green\">_<\/span><\/p>\n<p>[\/vc_column_text][\/vc_column][vc_column width=&#8221;1\/3&#8243;][vc_column_text]<span style=\"font-size: 16px; font-style: italic; font-weight: 300;\">Para que te sientas apoyado mientras haces <strong style=\"color: #00833d;\">tu camino<\/strong>, contamos con un equipo de personas cercano y preocupado por tu futuro. <\/span><\/p>\n<p><strong><span style=\"color: #00833d;\">_<\/span>Alumnos con nombre y apellido<\/strong><\/p>\n<p><strong><span style=\"color: #00833d;\">_<\/span>Atenci\u00f3n a las necesidades individuales<\/strong><\/p>\n<p><strong><span style=\"color: #00833d;\">_<\/span>Equipo de personas cercanas y vocacionales<\/strong><\/p>\n<p><strong><span style=\"color: #00833d; margin-top: 10px;\">_<\/span>Fomento de las motivaciones acad\u00e9micas y personales<\/strong><\/p>\n<p><strong><span style=\"color: #00833d; margin-top: 10px;\">_<\/span>\u00a1Todos empezamos juntos!<\/strong>[\/vc_column_text][\/vc_column][vc_column width=&#8221;1\/6&#8243;][\/vc_column][\/vc_row][vc_row][vc_column][vc_separator][\/vc_column][\/vc_row][vc_row equal_height=&#8221;yes&#8221; content_placement=&#8221;top&#8221;][vc_column width=&#8221;1\/6&#8243;][\/vc_column][vc_column width=&#8221;1\/3&#8243;][vc_column_text]<\/p>\n<p class=\"title\">Te acompa\u00f1amos<span class=\"green\">_<\/span><\/p>\n<p>[\/vc_column_text][\/vc_column][vc_column width=&#8221;1\/3&#8243;][vc_column_text]<span style=\"font-size: 16px; font-style: italic; font-weight: 300;\">Para que alcances <strong style=\"color: #00833d;\">el \u00e9xito<\/strong> en tus estudios te ayudamos a sacar el m\u00e1ximo partido a tus capacidades y conseguir una mejor nota de acceso.<\/span><\/p>\n<p><strong><span style=\"color: #00833d;\">_<\/span>7 evaluaciones<\/strong><\/p>\n<p><strong><span style=\"color: #00833d;\">_<\/span>Formaci\u00f3n de calidad y nivel<\/strong><\/p>\n<p><strong><span style=\"color: #00833d;\">_<\/span>Tutor\u00edas individualizadas<\/strong><\/p>\n<p><strong><span style=\"color: #00833d;\">_<\/span>Horario de ma\u00f1ana<\/strong><\/p>\n<p><strong><span style=\"color: #00833d;\">_<\/span>Grupos reducidos<\/strong><\/p>\n<p><strong><span style=\"color: #00833d;\">_<\/span>Cursos para preparar las PAU, de refuerzo&#8230;<\/strong>[\/vc_column_text][\/vc_column][vc_column width=&#8221;1\/6&#8243;][\/vc_column][\/vc_row][vc_row][vc_column][vc_separator][\/vc_column][\/vc_row][vc_row equal_height=&#8221;yes&#8221; content_placement=&#8221;top&#8221;][vc_column width=&#8221;1\/6&#8243;][\/vc_column][vc_column width=&#8221;1\/3&#8243;][vc_column_text]<\/p>\n<p class=\"title\">Tu futuro ahora<span class=\"green\">_<\/span><\/p>\n<p>[\/vc_column_text][\/vc_column][vc_column width=&#8221;1\/3&#8243;][vc_column_text]<span style=\"font-size: 16px; font-style: italic; font-weight: 300;\">Para que aciertes en tu <strong style=\"color: #00833d;\">elecci\u00f3n<\/strong> te ayudamos a escoger tu camino para la pr\u00f3xima etapa de tu vida.<\/span><\/p>\n<p><strong><span style=\"color: #00833d;\">_<\/span>Tutor\u00edas de orientaci\u00f3n<\/strong><\/p>\n<p><strong><span style=\"color: #00833d;\">_<\/span>Oferta adaptada de itinerarios<\/strong><\/p>\n<p><strong><span style=\"color: #00833d;\">_<\/span>Trabajo de investigaci\u00f3n en la universidad o empresa<\/strong><\/p>\n<p><strong><span style=\"color: #00833d;\">_<\/span> Colaboraci\u00f3n con universidades y escuelas superiores<\/strong><\/p>\n<p><strong><span style=\"color: #00833d;\">_<\/span>Jornada de Orientaci\u00f3n Universitaria<\/strong>[\/vc_column_text][\/vc_column][vc_column width=&#8221;1\/6&#8243;][\/vc_column][\/vc_row][vc_row][vc_column][vc_separator][\/vc_column][\/vc_row][vc_row equal_height=&#8221;yes&#8221; content_placement=&#8221;top&#8221;][vc_column width=&#8221;1\/6&#8243;][\/vc_column][vc_column width=&#8221;1\/3&#8243;][vc_column_text]<\/p>\n<p class=\"title\">En Gran\u00e9s tendr\u00e1s<span class=\"green\">_<\/span><\/p>\n<p>[\/vc_column_text][\/vc_column][vc_column width=&#8221;1\/3&#8243;][vc_column_text]<strong><span style=\"color: #00833d;\">_<\/span>7 evaluaciones por curso<\/strong>, para facilitar la planificaci\u00f3n del estudio y obtener una mejor nota de acceso<\/p>\n<p><strong><span style=\"color: #00833d;\">_<\/span>Itinerarios especializados<\/strong>, que satisfar\u00e1n tu vocaci\u00f3n<\/p>\n<p><strong><span style=\"color: #00833d;\">_<\/span>Profesores expertos<\/strong> en la formaci\u00f3n y la educaci\u00f3n humana en la etapa preuniversitaria<\/p>\n<p><strong><span style=\"color: #00833d;\">_<\/span>Ambiente acogedor y de estudio<\/strong>, propio de un centro que siempre ha trabajado con alumnos preuniversitarios<\/p>\n<p><strong>_M\u00e1xima fluidez<\/strong> en las comunicaciones entre padres, alumnos y escuela[\/vc_column_text][\/vc_column][vc_column width=&#8221;1\/6&#8243;][\/vc_column][\/vc_row][\/vc_section]<\/p>\n<\/div>","protected":false},"excerpt":{"rendered":"<p>[vc_section css=&#8221;.vc_custom_1631459012404{margin-top: 50px !important;margin-bottom: 50px !important;}&#8221; el_class=&#8221;nomorespace&#8221;][vc_row][vc_column][vc_column_text][vc_custom_heading text=&#8221;\u00bfC\u00f3mo trabajamos?_&#8221; font_container=&#8221;tag:h1|font_size:60px|text_align:center&#8221; use_theme_fonts=&#8221;yes&#8221; el_class=&#8221;classElemntTitlesResponsive&#8221;][\/vc_column_text][vc_column_text] En Gran\u00e9s Batxillerat contamos con m\u00e1s de 65 a\u00f1os de experiencia formando a chicos y chicas de edad preuniversitaria. Esto nos ha permitido desarrollar nuestro propio m\u00e9todo basado en: [\/vc_column_text][\/vc_column][\/vc_row][\/vc_section][vc_section full_height=&#8221;yes&#8221; content_placement=&#8221;top&#8221;][vc_row equal_height=&#8221;yes&#8221; content_placement=&#8221;top&#8221;][vc_column width=&#8221;1\/6&#8243;][\/vc_column][vc_column width=&#8221;1\/3&#8243;][vc_column_text] Creemos en ti_ [\/vc_column_text][\/vc_column][vc_column width=&#8221;1\/3&#8243;][vc_column_text]Para que te&hellip;&nbsp;<a href=\"https:\/\/www.batxilleratgranes.com\/es\/como-trabajamos\/\" class=\"\" rel=\"bookmark\">Read More &raquo;<span class=\"screen-reader-text\">\u00bfC\u00f3mo trabajamos?<\/span><\/a><\/p>\n","protected":false},"author":1,"featured_media":0,"parent":0,"menu_order":0,"comment_status":"closed","ping_status":"closed","template":"","meta":{"neve_meta_sidebar":"","neve_meta_container":"","neve_meta_enable_content_width":"off","neve_meta_content_width":100,"neve_meta_title_alignment":"","neve_meta_author_avatar":"","neve_post_elements_order":"","neve_meta_disable_header":"","neve_meta_disable_footer":"","neve_meta_disable_title":"","footnotes":""},"class_list":["post-2028","page","type-page","status-publish","hentry"],"yoast_head":"<!-- This site is optimized with the Yoast SEO plugin v23.4 - https:\/\/yoast.com\/wordpress\/plugins\/seo\/ -->\n<title>Com treballem | Gran\u00e9s Batxillerat<\/title>\n<meta name=\"description\" content=\"Gran\u00e9s Batxillerat, el centre referent de Batxillerat a Barcelona, t\u2019ajudem a aprofitar les teves capacitats i aconseguir una millor nota d\u2019acc\u00e9s.\" \/>\n<meta name=\"robots\" content=\"index, follow, max-snippet:-1, max-image-preview:large, max-video-preview:-1\" \/>\n<link rel=\"canonical\" href=\"https:\/\/www.batxilleratgranes.com\/es\/como-trabajamos\/\" \/>\n<meta property=\"og:locale\" content=\"es_ES\" \/>\n<meta property=\"og:type\" content=\"article\" \/>\n<meta property=\"og:title\" content=\"Com treballem | Gran\u00e9s Batxillerat\" \/>\n<meta property=\"og:description\" content=\"Gran\u00e9s Batxillerat, el centre referent de Batxillerat a Barcelona, t\u2019ajudem a aprofitar les teves capacitats i aconseguir una millor nota d\u2019acc\u00e9s.\" \/>\n<meta property=\"og:url\" content=\"https:\/\/www.batxilleratgranes.com\/es\/como-trabajamos\/\" \/>\n<meta property=\"og:site_name\" content=\"Gran\u00e9s Batxillerat - Escuela especializada en Bachillerato en Barcelona\" \/>\n<meta property=\"article:modified_time\" content=\"2022-07-14T10:31:26+00:00\" \/>\n<meta name=\"twitter:card\" content=\"summary_large_image\" \/>\n<meta name=\"twitter:label1\" content=\"Est. reading time\" \/>\n\t<meta name=\"twitter:data1\" content=\"2 minutes\" \/>\n<script type=\"application\/ld+json\" class=\"yoast-schema-graph\">{\"@context\":\"https:\/\/schema.org\",\"@graph\":[{\"@type\":\"WebPage\",\"@id\":\"https:\/\/www.batxilleratgranes.com\/es\/como-trabajamos\/\",\"url\":\"https:\/\/www.batxilleratgranes.com\/es\/como-trabajamos\/\",\"name\":\"Com treballem | Gran\u00e9s Batxillerat\",\"isPartOf\":{\"@id\":\"https:\/\/www.batxilleratgranes.com\/es\/#website\"},\"datePublished\":\"2013-03-26T16:40:08+00:00\",\"dateModified\":\"2022-07-14T10:31:26+00:00\",\"description\":\"Gran\u00e9s Batxillerat, el centre referent de Batxillerat a Barcelona, t\u2019ajudem a aprofitar les teves capacitats i aconseguir una millor nota d\u2019acc\u00e9s.\",\"breadcrumb\":{\"@id\":\"https:\/\/www.batxilleratgranes.com\/es\/como-trabajamos\/#breadcrumb\"},\"inLanguage\":\"es\",\"potentialAction\":[{\"@type\":\"ReadAction\",\"target\":[\"https:\/\/www.batxilleratgranes.com\/es\/como-trabajamos\/\"]}]},{\"@type\":\"BreadcrumbList\",\"@id\":\"https:\/\/www.batxilleratgranes.com\/es\/como-trabajamos\/#breadcrumb\",\"itemListElement\":[{\"@type\":\"ListItem\",\"position\":1,\"name\":\"Inici\",\"item\":\"https:\/\/www.batxilleratgranes.com\/es\/\"},{\"@type\":\"ListItem\",\"position\":2,\"name\":\"\u00bfC\u00f3mo trabajamos?\"}]},{\"@type\":\"WebSite\",\"@id\":\"https:\/\/www.batxilleratgranes.com\/es\/#website\",\"url\":\"https:\/\/www.batxilleratgranes.com\/es\/\",\"name\":\"Gran\u00e9s Batxillerat - Escuela especializada en Bachillerato en Barcelona\",\"description\":\"Escola especialitzada en Batxillerat a Barcelona\",\"publisher\":{\"@id\":\"https:\/\/www.batxilleratgranes.com\/es\/#organization\"},\"potentialAction\":[{\"@type\":\"SearchAction\",\"target\":{\"@type\":\"EntryPoint\",\"urlTemplate\":\"https:\/\/www.batxilleratgranes.com\/es\/?s={search_term_string}\"},\"query-input\":{\"@type\":\"PropertyValueSpecification\",\"valueRequired\":true,\"valueName\":\"search_term_string\"}}],\"inLanguage\":\"es\"},{\"@type\":\"Organization\",\"@id\":\"https:\/\/www.batxilleratgranes.com\/es\/#organization\",\"name\":\"Gran\u00e9s Batxillerat - Escuela especializada en Bachillerato en Barcelona\",\"url\":\"https:\/\/www.batxilleratgranes.com\/es\/\",\"logo\":{\"@type\":\"ImageObject\",\"inLanguage\":\"es\",\"@id\":\"https:\/\/www.batxilleratgranes.com\/es\/#\/schema\/logo\/image\/\",\"url\":\"https:\/\/www.batxilleratgranes.com\/wp-content\/uploads\/2013\/01\/granes1.png\",\"contentUrl\":\"https:\/\/www.batxilleratgranes.com\/wp-content\/uploads\/2013\/01\/granes1.png\",\"width\":292,\"height\":85,\"caption\":\"Gran\u00e9s Batxillerat - Escuela especializada en Bachillerato en Barcelona\"},\"image\":{\"@id\":\"https:\/\/www.batxilleratgranes.com\/es\/#\/schema\/logo\/image\/\"}}]}<\/script>\n<!-- \/ Yoast SEO plugin. -->","yoast_head_json":{"title":"Com treballem | Gran\u00e9s Batxillerat","description":"Gran\u00e9s Batxillerat, el centre referent de Batxillerat a Barcelona, t\u2019ajudem a aprofitar les teves capacitats i aconseguir una millor nota d\u2019acc\u00e9s.","robots":{"index":"index","follow":"follow","max-snippet":"max-snippet:-1","max-image-preview":"max-image-preview:large","max-video-preview":"max-video-preview:-1"},"canonical":"https:\/\/www.batxilleratgranes.com\/es\/como-trabajamos\/","og_locale":"es_ES","og_type":"article","og_title":"Com treballem | Gran\u00e9s Batxillerat","og_description":"Gran\u00e9s Batxillerat, el centre referent de Batxillerat a Barcelona, t\u2019ajudem a aprofitar les teves capacitats i aconseguir una millor nota d\u2019acc\u00e9s.","og_url":"https:\/\/www.batxilleratgranes.com\/es\/como-trabajamos\/","og_site_name":"Gran\u00e9s Batxillerat - Escuela especializada en Bachillerato en Barcelona","article_modified_time":"2022-07-14T10:31:26+00:00","twitter_card":"summary_large_image","twitter_misc":{"Est. reading time":"2 minutes"},"schema":{"@context":"https:\/\/schema.org","@graph":[{"@type":"WebPage","@id":"https:\/\/www.batxilleratgranes.com\/es\/como-trabajamos\/","url":"https:\/\/www.batxilleratgranes.com\/es\/como-trabajamos\/","name":"Com treballem | Gran\u00e9s Batxillerat","isPartOf":{"@id":"https:\/\/www.batxilleratgranes.com\/es\/#website"},"datePublished":"2013-03-26T16:40:08+00:00","dateModified":"2022-07-14T10:31:26+00:00","description":"Gran\u00e9s Batxillerat, el centre referent de Batxillerat a Barcelona, t\u2019ajudem a aprofitar les teves capacitats i aconseguir una millor nota d\u2019acc\u00e9s.","breadcrumb":{"@id":"https:\/\/www.batxilleratgranes.com\/es\/como-trabajamos\/#breadcrumb"},"inLanguage":"es","potentialAction":[{"@type":"ReadAction","target":["https:\/\/www.batxilleratgranes.com\/es\/como-trabajamos\/"]}]},{"@type":"BreadcrumbList","@id":"https:\/\/www.batxilleratgranes.com\/es\/como-trabajamos\/#breadcrumb","itemListElement":[{"@type":"ListItem","position":1,"name":"Inici","item":"https:\/\/www.batxilleratgranes.com\/es\/"},{"@type":"ListItem","position":2,"name":"\u00bfC\u00f3mo trabajamos?"}]},{"@type":"WebSite","@id":"https:\/\/www.batxilleratgranes.com\/es\/#website","url":"https:\/\/www.batxilleratgranes.com\/es\/","name":"Gran\u00e9s Batxillerat - Escuela especializada en Bachillerato en Barcelona","description":"Escola especialitzada en Batxillerat a Barcelona","publisher":{"@id":"https:\/\/www.batxilleratgranes.com\/es\/#organization"},"potentialAction":[{"@type":"SearchAction","target":{"@type":"EntryPoint","urlTemplate":"https:\/\/www.batxilleratgranes.com\/es\/?s={search_term_string}"},"query-input":{"@type":"PropertyValueSpecification","valueRequired":true,"valueName":"search_term_string"}}],"inLanguage":"es"},{"@type":"Organization","@id":"https:\/\/www.batxilleratgranes.com\/es\/#organization","name":"Gran\u00e9s Batxillerat - Escuela especializada en Bachillerato en Barcelona","url":"https:\/\/www.batxilleratgranes.com\/es\/","logo":{"@type":"ImageObject","inLanguage":"es","@id":"https:\/\/www.batxilleratgranes.com\/es\/#\/schema\/logo\/image\/","url":"https:\/\/www.batxilleratgranes.com\/wp-content\/uploads\/2013\/01\/granes1.png","contentUrl":"https:\/\/www.batxilleratgranes.com\/wp-content\/uploads\/2013\/01\/granes1.png","width":292,"height":85,"caption":"Gran\u00e9s Batxillerat - Escuela especializada en Bachillerato en Barcelona"},"image":{"@id":"https:\/\/www.batxilleratgranes.com\/es\/#\/schema\/logo\/image\/"}}]}},"_links":{"self":[{"href":"https:\/\/www.batxilleratgranes.com\/es\/wp-json\/wp\/v2\/pages\/2028"}],"collection":[{"href":"https:\/\/www.batxilleratgranes.com\/es\/wp-json\/wp\/v2\/pages"}],"about":[{"href":"https:\/\/www.batxilleratgranes.com\/es\/wp-json\/wp\/v2\/types\/page"}],"author":[{"embeddable":true,"href":"https:\/\/www.batxilleratgranes.com\/es\/wp-json\/wp\/v2\/users\/1"}],"replies":[{"embeddable":true,"href":"https:\/\/www.batxilleratgranes.com\/es\/wp-json\/wp\/v2\/comments?post=2028"}],"version-history":[{"count":18,"href":"https:\/\/www.batxilleratgranes.com\/es\/wp-json\/wp\/v2\/pages\/2028\/revisions"}],"predecessor-version":[{"id":42563,"href":"https:\/\/www.batxilleratgranes.com\/es\/wp-json\/wp\/v2\/pages\/2028\/revisions\/42563"}],"wp:attachment":[{"href":"https:\/\/www.batxilleratgranes.com\/es\/wp-json\/wp\/v2\/media?parent=2028"}],"curies":[{"name":"wp","href":"https:\/\/api.w.org\/{rel}","templated":true}]}}