{"id":2031,"date":"2018-05-10T13:59:59","date_gmt":"2018-05-10T13:59:59","guid":{"rendered":"http:\/\/www.bachilleratogranes.com\/?page_id=2031"},"modified":"2019-05-27T11:56:14","modified_gmt":"2019-05-27T11:56:14","slug":"cursos-de-verano","status":"publish","type":"page","link":"https:\/\/www.batxilleratgranes.com\/es\/cursos-de-verano\/","title":{"rendered":"Cursos de verano 2019"},"content":{"rendered":"<div class=\"moduls_batxillerat\">\n<div class=\"introduccio_batxillerats\">\u00bfQuieres presentarte al examen de\u00a0<strong>PAU de septiembre<\/strong>? \u00bfTienes materias <strong>suspendidas de 1\u00ba de Bachillerato<\/strong>? \u00a1Te lo ponemos muy f\u00e1cil con nuestros <strong>cursos intensivos de verano<\/strong>!<\/div>\n<div class=\"bloque_batxillerat a\">\n<p><img loading=\"lazy\" decoding=\"async\" class=\"alignleft wp-image-6366 size-medium\" src=\"http:\/\/www.batxilleratgranes.com\/wp-content\/uploads\/2018\/06\/foto-curs-estiu.jpg\" alt=\"Cursos intensivos de verano 2018\" width=\"257\" height=\"300\" \/><span class=\"titles\" style=\"margin-top: 0px;\"><i class=\"material-icons\">check_circle<\/i> \u00bfPor qu\u00e9 realizar los cursos en Gran\u00e9s Batxillerat?<\/span><\/p>\n<ol>\n<li><strong>\u00a0<\/strong>Porque nuestra <strong>metodolog\u00eda<\/strong> te ayudar\u00e1 a organizar el temario y a centrarte en aquello que es realmente importante.<\/li>\n<li>\u00a0Porque nuestros <strong>profesores<\/strong> son <strong>expertos<\/strong>, tanto en su materia como en la forma de impartirla.<\/li>\n<li>\u00a0Porque te ofrecemos <strong>4 horas semanales<\/strong> de cada materia.<\/li>\n<\/ol>\n<div class=\"destacado\">En Gran\u00e9s Batxillerat hace a\u00f1os que ayudamos a nuestros alumnos a superar con \u00e9xito el Bachillerato y la PAU.<\/div>\n<p><span class=\"titles\"><i class=\"material-icons\">book<\/i> Curso de preparaci\u00f3n de los ex\u00e1menes de septiembre de 1o de Bachillerato<\/span><\/p>\n<p style=\"text-align: justify;\">Este curso te permitir\u00e1 prepararte para los ex\u00e1menes de septiembre y descargarte de las asignaturas que te han costado m\u00e1s este a\u00f1o. Tendr\u00e1s todo el soporte necesario para las materias que normalmente presentan m\u00e1s dificultad: Matem\u00e1ticas, Matem\u00e1ticas aplicadas a las ciencias sociales, F\u00edsica, Qu\u00edmica, Catal\u00e1n, Castellano, Ingl\u00e9s, Historia y Filosof\u00eda.<\/p>\n<p><span class=\"titles\"><i class=\"material-icons\">book<\/i> Curso de preparaci\u00f3n PAU septiembre<\/span><\/p>\n<p style=\"text-align: justify;\">Tanto si te presentas per primera vez como si no has superado con \u00e9xito el examen en junio o quieres subir la nota, en <strong><a style=\"color: #007c52; text-decoration: underline;\" href=\"http:\/\/www.batxilleratgranes.com\/\">Gran\u00e9s Batxillerat<\/a><\/strong> te ofrecemos un curso intensivo para que puedas conseguir con \u00e9xito tu objetivo. Te ayudaremos con todas las materias comunes y con las que necesites dominar de modalidad. Materias: Catal\u00e1n, Castellano, Ingl\u00e9s, Historia, Empresa, Matem\u00e1ticas CS, Matem\u00e1ticas, F\u00edsica y Qu\u00edmica.<\/p>\n<p><span class=\"titles\"><i class=\"material-icons\">insert_invitation<\/i> Calendario<\/span><\/p>\n<p style=\"text-align: justify;\">Del 1 al 26 de julio y del 26 al 30 de agosto<br \/>\n(Del 27 de julio al 25 de agosto, vacaciones)<\/p>\n<p><a class=\"destacado2\" href=\"http:\/\/www.batxilleratgranes.com\/contacte\">\u00a1Aprovecha el verano y consigue tus retos acad\u00e9micos!<\/a><\/p>\n<\/div>\n<\/div>\n<div class=\"barra_batxillerats\">\n<div class=\"formulari_contacte\" style=\"margin-bottom: 16px;\"><span class=\"titol_form\">Sol\u00b7licita informaci\u00f3<\/span><br \/>\n<span class=\"text_form\">Si tienes cualquier duda o necesitas m\u00e1s informaci\u00f3n sobre nuestros <b>cursos de verano<\/b>, completa los datos del formulario y contactaremos contigo lo antes posible. <\/span><br \/>\n\n<div class=\"wpcf7 no-js\" id=\"wpcf7-f6399-o1\" lang=\"en-US\" dir=\"ltr\">\n<div class=\"screen-reader-response\"><p role=\"status\" aria-live=\"polite\" aria-atomic=\"true\"><\/p> <ul><\/ul><\/div>\n<form action=\"\/es\/wp-json\/wp\/v2\/pages\/2031#wpcf7-f6399-o1\" method=\"post\" class=\"wpcf7-form init\" aria-label=\"Contact form\" novalidate=\"novalidate\" data-status=\"init\">\n<div style=\"display: none;\">\n<input type=\"hidden\" name=\"_wpcf7\" value=\"6399\" \/>\n<input type=\"hidden\" name=\"_wpcf7_version\" value=\"5.9.8\" \/>\n<input type=\"hidden\" name=\"_wpcf7_locale\" value=\"en_US\" \/>\n<input type=\"hidden\" name=\"_wpcf7_unit_tag\" value=\"wpcf7-f6399-o1\" \/>\n<input type=\"hidden\" name=\"_wpcf7_container_post\" value=\"0\" \/>\n<input type=\"hidden\" name=\"_wpcf7_posted_data_hash\" value=\"\" \/>\n<input type=\"hidden\" name=\"_wpcf7_recaptcha_response\" value=\"\" \/>\n<\/div>\n<div class=\"labels\">\n\t<p><span class=\"wpcf7-form-control-wrap\" data-name=\"your-name\"><input size=\"40\" maxlength=\"400\" class=\"wpcf7-form-control wpcf7-text wpcf7-validates-as-required\" aria-required=\"true\" aria-invalid=\"false\" placeholder=\"Nom i Cognoms\" value=\"\" type=\"text\" name=\"your-name\" \/><\/span>\n\t<\/p>\n<\/div>\n<div class=\"labels\">\n\t<p><span class=\"wpcf7-form-control-wrap\" data-name=\"your-email\"><input size=\"40\" maxlength=\"400\" class=\"wpcf7-form-control wpcf7-email wpcf7-validates-as-required wpcf7-text wpcf7-validates-as-email\" aria-required=\"true\" aria-invalid=\"false\" placeholder=\"Email\" value=\"\" type=\"email\" name=\"your-email\" \/><\/span>\n\t<\/p>\n<\/div>\n<div class=\"labels\">\n\t<p><span class=\"wpcf7-form-control-wrap\" data-name=\"your-telefon\"><input size=\"40\" maxlength=\"400\" class=\"wpcf7-form-control wpcf7-text\" aria-invalid=\"false\" placeholder=\"Tel\u00e8fon\" value=\"\" type=\"text\" name=\"your-telefon\" \/><\/span>\n\t<\/p>\n<\/div>\n<div class=\"labels\">\n\t<p><span class=\"wpcf7-form-control-wrap\" data-name=\"your-message\"><textarea cols=\"40\" rows=\"10\" maxlength=\"2000\" class=\"wpcf7-form-control wpcf7-textarea\" aria-invalid=\"false\" placeholder=\"Escriu el teu missatge\" name=\"your-message\"><\/textarea><\/span>\n\t<\/p>\n<\/div>\n<p><input class=\"wpcf7-form-control wpcf7-submit has-spinner\" type=\"submit\" value=\"Enviar\" \/>\n<\/p>\n<div class=\"wpcf7-response-output\" aria-hidden=\"true\"><\/div>\n<\/form>\n<\/div>\n<\/div>\n<div class=\"formulari_contacte\"><span class=\"titol_form\">La gente Gran\u00e9s<\/span><br \/>\n<span class=\"text_form\" style=\"margin-bottom: 0px;\"><a href=\"http:\/\/www.batxilleratgranes.com\/category\/anticsalumnes\"><img decoding=\"async\" style=\"width: 100%; margin: 10px 0px;\" src=\"http:\/\/www.batxilleratgranes.com\/wp-content\/uploads\/2015\/02\/gent_granes.png\" alt=\"\" \/><\/a>Despu\u00e9s de m\u00e1s de 60 a\u00f1os formando alumnos en nuestra ecuela, tenemos el privilegio de haber compartido este viaje con grandes personas. Este diario recoge experiencias personales y profesionales de alumnos, antiguos alumnos, profesores y todo el equipo que forma parte de la Gran\u00e9s.<\/span><\/div>\n<\/div>\n","protected":false},"excerpt":{"rendered":"<p>\u00bfQuieres presentarte al examen de\u00a0PAU de septiembre? \u00bfTienes materias suspendidas de 1\u00ba de Bachillerato? \u00a1Te lo ponemos muy f\u00e1cil con nuestros cursos intensivos de verano! check_circle \u00bfPor qu\u00e9 realizar los cursos en Gran\u00e9s Batxillerat? \u00a0Porque nuestra metodolog\u00eda te ayudar\u00e1 a organizar el temario y a centrarte en aquello que es realmente importante. \u00a0Porque nuestros profesores&hellip;&nbsp;<a href=\"https:\/\/www.batxilleratgranes.com\/es\/cursos-de-verano\/\" class=\"\" rel=\"bookmark\">Read More &raquo;<span class=\"screen-reader-text\">Cursos de verano 2019<\/span><\/a><\/p>\n","protected":false},"author":1,"featured_media":2436,"parent":0,"menu_order":0,"comment_status":"open","ping_status":"open","template":"template-cursos-estiu.php","meta":{"neve_meta_sidebar":"","neve_meta_container":"","neve_meta_enable_content_width":"","neve_meta_content_width":0,"neve_meta_title_alignment":"","neve_meta_author_avatar":"","neve_post_elements_order":"","neve_meta_disable_header":"","neve_meta_disable_footer":"","neve_meta_disable_title":"","footnotes":""},"class_list":["post-2031","page","type-page","status-publish","has-post-thumbnail","hentry"],"yoast_head":"<!-- This site is optimized with the Yoast SEO plugin v23.4 - https:\/\/yoast.com\/wordpress\/plugins\/seo\/ -->\n<title>Cursos de verano - Bachillerato | Gran\u00e9s Bachillerato<\/title>\n<meta name=\"description\" content=\"Gran\u00e9s Bachillerato, el centro m\u00e1s especializado de Bachillerato en Barcelona, te ofrece cursos de verano de Matem\u00e1ticas, F\u00edsica, Qu\u00edmica, Castellano, ...\" \/>\n<meta name=\"robots\" content=\"index, follow, max-snippet:-1, max-image-preview:large, max-video-preview:-1\" \/>\n<link rel=\"canonical\" href=\"https:\/\/www.batxilleratgranes.com\/es\/cursos-de-verano\/\" \/>\n<meta property=\"og:locale\" content=\"es_ES\" \/>\n<meta property=\"og:type\" content=\"article\" \/>\n<meta property=\"og:title\" content=\"Cursos de verano - Bachillerato | Gran\u00e9s Bachillerato\" \/>\n<meta property=\"og:description\" content=\"Gran\u00e9s Bachillerato, el centro m\u00e1s especializado de Bachillerato en Barcelona, te ofrece cursos de verano de Matem\u00e1ticas, F\u00edsica, Qu\u00edmica, Castellano, ...\" \/>\n<meta property=\"og:url\" content=\"https:\/\/www.batxilleratgranes.com\/es\/cursos-de-verano\/\" \/>\n<meta property=\"og:site_name\" content=\"Gran\u00e9s Batxillerat - Escuela especializada en Bachillerato en Barcelona\" \/>\n<meta property=\"article:modified_time\" content=\"2019-05-27T11:56:14+00:00\" \/>\n<meta property=\"og:image\" content=\"https:\/\/www.batxilleratgranes.com\/wp-content\/uploads\/2013\/04\/DSC_0655.jpg\" \/>\n\t<meta property=\"og:image:width\" content=\"1024\" \/>\n\t<meta property=\"og:image:height\" content=\"678\" \/>\n\t<meta property=\"og:image:type\" content=\"image\/jpeg\" \/>\n<meta name=\"twitter:card\" content=\"summary_large_image\" \/>\n<meta name=\"twitter:label1\" content=\"Est. reading time\" \/>\n\t<meta name=\"twitter:data1\" content=\"2 minutes\" \/>\n<script type=\"application\/ld+json\" class=\"yoast-schema-graph\">{\"@context\":\"https:\/\/schema.org\",\"@graph\":[{\"@type\":\"WebPage\",\"@id\":\"https:\/\/www.batxilleratgranes.com\/es\/cursos-de-verano\/\",\"url\":\"https:\/\/www.batxilleratgranes.com\/es\/cursos-de-verano\/\",\"name\":\"Cursos de verano - Bachillerato | Gran\u00e9s Bachillerato\",\"isPartOf\":{\"@id\":\"https:\/\/www.batxilleratgranes.com\/es\/#website\"},\"primaryImageOfPage\":{\"@id\":\"https:\/\/www.batxilleratgranes.com\/es\/cursos-de-verano\/#primaryimage\"},\"image\":{\"@id\":\"https:\/\/www.batxilleratgranes.com\/es\/cursos-de-verano\/#primaryimage\"},\"thumbnailUrl\":\"https:\/\/www.batxilleratgranes.com\/wp-content\/uploads\/2013\/04\/DSC_0655.jpg\",\"datePublished\":\"2018-05-10T13:59:59+00:00\",\"dateModified\":\"2019-05-27T11:56:14+00:00\",\"description\":\"Gran\u00e9s Bachillerato, el centro m\u00e1s especializado de Bachillerato en Barcelona, te ofrece cursos de verano de Matem\u00e1ticas, F\u00edsica, Qu\u00edmica, Castellano, ...\",\"breadcrumb\":{\"@id\":\"https:\/\/www.batxilleratgranes.com\/es\/cursos-de-verano\/#breadcrumb\"},\"inLanguage\":\"es\",\"potentialAction\":[{\"@type\":\"ReadAction\",\"target\":[\"https:\/\/www.batxilleratgranes.com\/es\/cursos-de-verano\/\"]}]},{\"@type\":\"ImageObject\",\"inLanguage\":\"es\",\"@id\":\"https:\/\/www.batxilleratgranes.com\/es\/cursos-de-verano\/#primaryimage\",\"url\":\"https:\/\/www.batxilleratgranes.com\/wp-content\/uploads\/2013\/04\/DSC_0655.jpg\",\"contentUrl\":\"https:\/\/www.batxilleratgranes.com\/wp-content\/uploads\/2013\/04\/DSC_0655.jpg\",\"width\":1024,\"height\":678,\"caption\":\"bachillerato barcelona\"},{\"@type\":\"BreadcrumbList\",\"@id\":\"https:\/\/www.batxilleratgranes.com\/es\/cursos-de-verano\/#breadcrumb\",\"itemListElement\":[{\"@type\":\"ListItem\",\"position\":1,\"name\":\"Inici\",\"item\":\"https:\/\/www.batxilleratgranes.com\/es\/\"},{\"@type\":\"ListItem\",\"position\":2,\"name\":\"Cursos de verano 2019\"}]},{\"@type\":\"WebSite\",\"@id\":\"https:\/\/www.batxilleratgranes.com\/es\/#website\",\"url\":\"https:\/\/www.batxilleratgranes.com\/es\/\",\"name\":\"Gran\u00e9s Batxillerat - Escuela especializada en Bachillerato en Barcelona\",\"description\":\"Escola especialitzada en Batxillerat a Barcelona\",\"publisher\":{\"@id\":\"https:\/\/www.batxilleratgranes.com\/es\/#organization\"},\"potentialAction\":[{\"@type\":\"SearchAction\",\"target\":{\"@type\":\"EntryPoint\",\"urlTemplate\":\"https:\/\/www.batxilleratgranes.com\/es\/?s={search_term_string}\"},\"query-input\":{\"@type\":\"PropertyValueSpecification\",\"valueRequired\":true,\"valueName\":\"search_term_string\"}}],\"inLanguage\":\"es\"},{\"@type\":\"Organization\",\"@id\":\"https:\/\/www.batxilleratgranes.com\/es\/#organization\",\"name\":\"Gran\u00e9s Batxillerat - Escuela especializada en Bachillerato en Barcelona\",\"url\":\"https:\/\/www.batxilleratgranes.com\/es\/\",\"logo\":{\"@type\":\"ImageObject\",\"inLanguage\":\"es\",\"@id\":\"https:\/\/www.batxilleratgranes.com\/es\/#\/schema\/logo\/image\/\",\"url\":\"https:\/\/www.batxilleratgranes.com\/wp-content\/uploads\/2013\/01\/granes1.png\",\"contentUrl\":\"https:\/\/www.batxilleratgranes.com\/wp-content\/uploads\/2013\/01\/granes1.png\",\"width\":292,\"height\":85,\"caption\":\"Gran\u00e9s Batxillerat - Escuela especializada en Bachillerato en Barcelona\"},\"image\":{\"@id\":\"https:\/\/www.batxilleratgranes.com\/es\/#\/schema\/logo\/image\/\"}}]}<\/script>\n<!-- \/ Yoast SEO plugin. -->","yoast_head_json":{"title":"Cursos de verano - Bachillerato | Gran\u00e9s Bachillerato","description":"Gran\u00e9s Bachillerato, el centro m\u00e1s especializado de Bachillerato en Barcelona, te ofrece cursos de verano de Matem\u00e1ticas, F\u00edsica, Qu\u00edmica, Castellano, ...","robots":{"index":"index","follow":"follow","max-snippet":"max-snippet:-1","max-image-preview":"max-image-preview:large","max-video-preview":"max-video-preview:-1"},"canonical":"https:\/\/www.batxilleratgranes.com\/es\/cursos-de-verano\/","og_locale":"es_ES","og_type":"article","og_title":"Cursos de verano - Bachillerato | Gran\u00e9s Bachillerato","og_description":"Gran\u00e9s Bachillerato, el centro m\u00e1s especializado de Bachillerato en Barcelona, te ofrece cursos de verano de Matem\u00e1ticas, F\u00edsica, Qu\u00edmica, Castellano, ...","og_url":"https:\/\/www.batxilleratgranes.com\/es\/cursos-de-verano\/","og_site_name":"Gran\u00e9s Batxillerat - Escuela especializada en Bachillerato en Barcelona","article_modified_time":"2019-05-27T11:56:14+00:00","og_image":[{"width":1024,"height":678,"url":"https:\/\/www.batxilleratgranes.com\/wp-content\/uploads\/2013\/04\/DSC_0655.jpg","type":"image\/jpeg"}],"twitter_card":"summary_large_image","twitter_misc":{"Est. reading time":"2 minutes"},"schema":{"@context":"https:\/\/schema.org","@graph":[{"@type":"WebPage","@id":"https:\/\/www.batxilleratgranes.com\/es\/cursos-de-verano\/","url":"https:\/\/www.batxilleratgranes.com\/es\/cursos-de-verano\/","name":"Cursos de verano - Bachillerato | Gran\u00e9s Bachillerato","isPartOf":{"@id":"https:\/\/www.batxilleratgranes.com\/es\/#website"},"primaryImageOfPage":{"@id":"https:\/\/www.batxilleratgranes.com\/es\/cursos-de-verano\/#primaryimage"},"image":{"@id":"https:\/\/www.batxilleratgranes.com\/es\/cursos-de-verano\/#primaryimage"},"thumbnailUrl":"https:\/\/www.batxilleratgranes.com\/wp-content\/uploads\/2013\/04\/DSC_0655.jpg","datePublished":"2018-05-10T13:59:59+00:00","dateModified":"2019-05-27T11:56:14+00:00","description":"Gran\u00e9s Bachillerato, el centro m\u00e1s especializado de Bachillerato en Barcelona, te ofrece cursos de verano de Matem\u00e1ticas, F\u00edsica, Qu\u00edmica, Castellano, ...","breadcrumb":{"@id":"https:\/\/www.batxilleratgranes.com\/es\/cursos-de-verano\/#breadcrumb"},"inLanguage":"es","potentialAction":[{"@type":"ReadAction","target":["https:\/\/www.batxilleratgranes.com\/es\/cursos-de-verano\/"]}]},{"@type":"ImageObject","inLanguage":"es","@id":"https:\/\/www.batxilleratgranes.com\/es\/cursos-de-verano\/#primaryimage","url":"https:\/\/www.batxilleratgranes.com\/wp-content\/uploads\/2013\/04\/DSC_0655.jpg","contentUrl":"https:\/\/www.batxilleratgranes.com\/wp-content\/uploads\/2013\/04\/DSC_0655.jpg","width":1024,"height":678,"caption":"bachillerato barcelona"},{"@type":"BreadcrumbList","@id":"https:\/\/www.batxilleratgranes.com\/es\/cursos-de-verano\/#breadcrumb","itemListElement":[{"@type":"ListItem","position":1,"name":"Inici","item":"https:\/\/www.batxilleratgranes.com\/es\/"},{"@type":"ListItem","position":2,"name":"Cursos de verano 2019"}]},{"@type":"WebSite","@id":"https:\/\/www.batxilleratgranes.com\/es\/#website","url":"https:\/\/www.batxilleratgranes.com\/es\/","name":"Gran\u00e9s Batxillerat - Escuela especializada en Bachillerato en Barcelona","description":"Escola especialitzada en Batxillerat a Barcelona","publisher":{"@id":"https:\/\/www.batxilleratgranes.com\/es\/#organization"},"potentialAction":[{"@type":"SearchAction","target":{"@type":"EntryPoint","urlTemplate":"https:\/\/www.batxilleratgranes.com\/es\/?s={search_term_string}"},"query-input":{"@type":"PropertyValueSpecification","valueRequired":true,"valueName":"search_term_string"}}],"inLanguage":"es"},{"@type":"Organization","@id":"https:\/\/www.batxilleratgranes.com\/es\/#organization","name":"Gran\u00e9s Batxillerat - Escuela especializada en Bachillerato en Barcelona","url":"https:\/\/www.batxilleratgranes.com\/es\/","logo":{"@type":"ImageObject","inLanguage":"es","@id":"https:\/\/www.batxilleratgranes.com\/es\/#\/schema\/logo\/image\/","url":"https:\/\/www.batxilleratgranes.com\/wp-content\/uploads\/2013\/01\/granes1.png","contentUrl":"https:\/\/www.batxilleratgranes.com\/wp-content\/uploads\/2013\/01\/granes1.png","width":292,"height":85,"caption":"Gran\u00e9s Batxillerat - Escuela especializada en Bachillerato en Barcelona"},"image":{"@id":"https:\/\/www.batxilleratgranes.com\/es\/#\/schema\/logo\/image\/"}}]}},"_links":{"self":[{"href":"https:\/\/www.batxilleratgranes.com\/es\/wp-json\/wp\/v2\/pages\/2031"}],"collection":[{"href":"https:\/\/www.batxilleratgranes.com\/es\/wp-json\/wp\/v2\/pages"}],"about":[{"href":"https:\/\/www.batxilleratgranes.com\/es\/wp-json\/wp\/v2\/types\/page"}],"author":[{"embeddable":true,"href":"https:\/\/www.batxilleratgranes.com\/es\/wp-json\/wp\/v2\/users\/1"}],"replies":[{"embeddable":true,"href":"https:\/\/www.batxilleratgranes.com\/es\/wp-json\/wp\/v2\/comments?post=2031"}],"version-history":[{"count":22,"href":"https:\/\/www.batxilleratgranes.com\/es\/wp-json\/wp\/v2\/pages\/2031\/revisions"}],"predecessor-version":[{"id":15023,"href":"https:\/\/www.batxilleratgranes.com\/es\/wp-json\/wp\/v2\/pages\/2031\/revisions\/15023"}],"wp:featuredmedia":[{"embeddable":true,"href":"https:\/\/www.batxilleratgranes.com\/es\/wp-json\/wp\/v2\/media\/2436"}],"wp:attachment":[{"href":"https:\/\/www.batxilleratgranes.com\/es\/wp-json\/wp\/v2\/media?parent=2031"}],"curies":[{"name":"wp","href":"https:\/\/api.w.org\/{rel}","templated":true}]}}