{"id":2036,"date":"2013-03-20T10:58:18","date_gmt":"2013-03-20T10:58:18","guid":{"rendered":"http:\/\/www.bachilleratogranes.com\/?page_id=2036"},"modified":"2022-07-15T08:15:40","modified_gmt":"2022-07-15T08:15:40","slug":"curso-de-preparacion-de-la-pau","status":"publish","type":"page","link":"https:\/\/www.batxilleratgranes.com\/es\/curso-de-preparacion-de-la-pau\/","title":{"rendered":"Curso de preparaci\u00f3n de la PAU"},"content":{"rendered":"<div class=\"wpb-content-wrapper\"><p>[vc_section][vc_row][vc_column][vc_column_text][vc_custom_heading text=&#8221;Curso de preparaci\u00f3n de la PAU&#8221; font_container=&#8221;tag:h1|font_size:60px|text_align:center&#8221; use_theme_fonts=&#8221;yes&#8221; el_class=&#8221;classElemntTitlesResponsive&#8221;][vc_empty_space height=&#8221;30px&#8221;]<\/p>\n<p class=\"fontsizeparraf\" style=\"font-weight: 300; text-align: justify;\"><span style=\"color: #000000;\">Con el objetivo de lograr el mejor resultado posible, en <strong>Gran\u00e9s Batxillerat<\/strong> durante las semanas previas a la PAU, ofrecemos a nuestros alumnos un curso de preparaci\u00f3n de esta prueba de evaluaci\u00f3n de bachillerato para el acceso a la universidad. Se trata de un curso con:<\/span><\/p>\n<p>[\/vc_column_text][\/vc_column][\/vc_row][\/vc_section][vc_section css=&#8221;.vc_custom_1574851721069{margin-bottom: 5% !important;}&#8221;][vc_row][vc_column][vc_column_text]<\/p>\n<div class=\"title\"><strong><span style=\"color: #00833d;\">Horario compacto<\/span><\/strong><\/div>\n<p><span class=\"fontsizeparraf\" style=\"color: #000000; font-weight: 500;\">De 9:00 a 13:30 horas, clase exclusivamente de materias de PAU.<\/span>[\/vc_column_text][vc_column_text]<\/p>\n<div class=\"title\"><strong><span style=\"color: #00833d;\">Consultas individuales<\/span><\/strong><\/div>\n<p><span class=\"fontsizeparraf\" style=\"color: #000000; font-weight: 500;\">A lo largo de toda la ma\u00f1ana, de 8:00 a 14:30 horas, atenci\u00f3n acad\u00e9mica individual o en grupos reducidos.<\/span>[\/vc_column_text][vc_column_text]<\/p>\n<div class=\"title\"><strong><span style=\"color: #00833d;\">Contenidos y estrategias<\/span><\/strong><\/div>\n<p><span class=\"fontsizeparraf\" style=\"color: #000000; font-weight: 500;\">S\u00edntesis de los contenidos, orientaciones y estrategias para cada una de las pruebas.<\/span>[\/vc_column_text][\/vc_column][\/vc_row][\/vc_section][vc_section][vc_row][vc_column width=&#8221;1\/6&#8243;][\/vc_column][vc_column width=&#8221;2\/3&#8243;][vc_column_text][vc_custom_heading text=&#8221;Franjas horarias&#8221; font_container=&#8221;tag:h1|font_size:60px|text_align:center&#8221; use_theme_fonts=&#8221;yes&#8221; el_class=&#8221;classElemntTitlesResponsive&#8221;][vc_empty_space height=&#8221;30px&#8221;][\/vc_column_text][\/vc_column][vc_column width=&#8221;1\/6&#8243;][\/vc_column][\/vc_row][\/vc_section][vc_section css=&#8221;.vc_custom_1574848800803{padding-bottom: 35px !important;}&#8221;][vc_row][vc_column width=&#8221;1\/12&#8243;][\/vc_column][vc_column width=&#8221;10\/12&#8243;][vc_column_text]<\/p>\n<p style=\"text-align: justify;\">[vc_column_text]<span style=\"color: #000000; font-weight: 300;\">Para conseguir el m\u00e1ximo rendimiento del periodo final de 2\u00ba de bachillerato organizamos un horario diferente desde mediados de mayo hasta el d\u00eda anterior a las pruebas, pensado para preparar los ex\u00e1menes de PAU con la m\u00e1xima eficacia.<\/span><\/p>\n<p style=\"text-align: justify;\">La prueba de evaluaci\u00f3n de bachillerato para el acceso a la universidad (PAU) consta de una parte obligatoria (fase general), con 5 materias (4 comunes y una com\u00fan de opci\u00f3n que elige el alumno), y una parte voluntaria (fase espec\u00edfica), donde el alumno puede examinarse de un m\u00e1ximo de tres materias. En total, los alumnos se examinar\u00e1n de un m\u00ednimo de cinco materias y de un m\u00e1ximo de ocho.<\/p>\n<p style=\"text-align: justify;\">Los alumnos, a primeras y \u00faltimas horas de la ma\u00f1ana, pueden ir a consultas individualizadas, es decir, tienen los profesores a su disposici\u00f3n para resolver las dudas surgidas durante las horas de estudio del d\u00eda anterior. Entre las 9 y las 13:30 horas, tienen dos opciones: 1) ir a clase y repasar el temario del curso con la ayuda del profesor, realizando ex\u00e1menes de PAU; 2) ir a consultas individualizadas si consideran prioritario resolver dudas.<\/p>\n<p style=\"text-align: justify;\">La experiencia demuestra que los mejores resultados en la PAU los consiguen aquellos alumnos que, por las ma\u00f1anas, aprovechan al m\u00e1ximo los conocimientos y la experiencia de sus profesores y luego, por la tarde, trabajan individualmente en casa o en la biblioteca.<\/p>\n<p style=\"text-align: justify;\">La experiencia de cursos anteriores nos demuestra que la asistencia a las clases que conforman el curso de preparaci\u00f3n para la PAU para alcanzar el acceso a la universidad repercute en un mejor rendimiento acad\u00e9mico en estas pruebas.<\/p>\n<p>[\/vc_column_text][\/vc_column][vc_column width=&#8221;1\/12&#8243;][\/vc_column][\/vc_row][\/vc_section][vc_section full_width=&#8221;stretch_row&#8221; css=&#8221;.vc_custom_1574848692958{padding-bottom: 35px !important;background-color: #00833d !important;}&#8221;][vc_row][vc_column width=&#8221;1\/6&#8243;][\/vc_column][vc_column width=&#8221;2\/3&#8243;][vc_column_text]<\/p>\n<p style=\"color: white;\">[vc_custom_heading text=&#8221;Inf\u00f3rmate sobre el proceso de acceso a la universidad_&#8221; font_container=&#8221;tag:h1|font_size:60px|text_align:center&#8221; use_theme_fonts=&#8221;yes&#8221; el_class=&#8221;classElemntTitlesResponsive&#8221;][vc_empty_space height=&#8221;30px&#8221;]<\/p>\n<p>[\/vc_column_text][vc_btn title=&#8221;ACCEDE&#8221; align=&#8221;center&#8221; link=&#8221;url:https%3A%2F%2Fwww.batxilleratgranes.com%2Fes%2Facceso-universidad%2F|title:https%3A%2F%2Fwww.batxilleratgranes.com%2Fes%2Facceso-universidad%2F&#8221;][\/vc_column][vc_column width=&#8221;1\/6&#8243;][\/vc_column][\/vc_row][\/vc_section]<\/p>\n<\/div>","protected":false},"excerpt":{"rendered":"<p>[vc_section][vc_row][vc_column][vc_column_text][vc_custom_heading text=&#8221;Curso de preparaci\u00f3n de la PAU&#8221; font_container=&#8221;tag:h1|font_size:60px|text_align:center&#8221; use_theme_fonts=&#8221;yes&#8221; el_class=&#8221;classElemntTitlesResponsive&#8221;][vc_empty_space height=&#8221;30px&#8221;] Con el objetivo de lograr el mejor resultado posible, en Gran\u00e9s Batxillerat durante las semanas previas a la PAU, ofrecemos a nuestros alumnos un curso de preparaci\u00f3n de esta prueba de evaluaci\u00f3n de bachillerato para el acceso a la universidad. Se trata de un&hellip;&nbsp;<a href=\"https:\/\/www.batxilleratgranes.com\/es\/curso-de-preparacion-de-la-pau\/\" class=\"\" rel=\"bookmark\">Read More &raquo;<span class=\"screen-reader-text\">Curso de preparaci\u00f3n de la PAU<\/span><\/a><\/p>\n","protected":false},"author":2,"featured_media":0,"parent":0,"menu_order":0,"comment_status":"closed","ping_status":"closed","template":"","meta":{"neve_meta_sidebar":"","neve_meta_container":"","neve_meta_enable_content_width":"off","neve_meta_content_width":100,"neve_meta_title_alignment":"","neve_meta_author_avatar":"","neve_post_elements_order":"","neve_meta_disable_header":"","neve_meta_disable_footer":"","neve_meta_disable_title":"","footnotes":""},"class_list":["post-2036","page","type-page","status-publish","hentry"],"yoast_head":"<!-- This site is optimized with the Yoast SEO plugin v23.4 - https:\/\/yoast.com\/wordpress\/plugins\/seo\/ -->\n<title>Curs de preparaci\u00f3 de les PAU - Universitat | Gran\u00e9s Batxillerat<\/title>\n<meta name=\"description\" content=\"Gran\u00e9s Batxillerat, ofereix un curs de preparaci\u00f3 de les PAU tant per alumnes del centre com de fora, per facilitar l&#039;acc\u00e9s a la universitat.\" \/>\n<meta name=\"robots\" content=\"index, follow, max-snippet:-1, max-image-preview:large, max-video-preview:-1\" \/>\n<link rel=\"canonical\" href=\"https:\/\/www.batxilleratgranes.com\/es\/curso-de-preparacion-de-la-pau\/\" \/>\n<meta property=\"og:locale\" content=\"es_ES\" \/>\n<meta property=\"og:type\" content=\"article\" \/>\n<meta property=\"og:title\" content=\"Curs de preparaci\u00f3 de les PAU - Universitat | Gran\u00e9s Batxillerat\" \/>\n<meta property=\"og:description\" content=\"Gran\u00e9s Batxillerat, ofereix un curs de preparaci\u00f3 de les PAU tant per alumnes del centre com de fora, per facilitar l&#039;acc\u00e9s a la universitat.\" \/>\n<meta property=\"og:url\" content=\"https:\/\/www.batxilleratgranes.com\/es\/curso-de-preparacion-de-la-pau\/\" \/>\n<meta property=\"og:site_name\" content=\"Gran\u00e9s Batxillerat - Escuela especializada en Bachillerato en Barcelona\" \/>\n<meta property=\"article:modified_time\" content=\"2022-07-15T08:15:40+00:00\" \/>\n<meta name=\"twitter:card\" content=\"summary_large_image\" \/>\n<meta name=\"twitter:label1\" content=\"Est. reading time\" \/>\n\t<meta name=\"twitter:data1\" content=\"2 minutes\" \/>\n<script type=\"application\/ld+json\" class=\"yoast-schema-graph\">{\"@context\":\"https:\/\/schema.org\",\"@graph\":[{\"@type\":\"WebPage\",\"@id\":\"https:\/\/www.batxilleratgranes.com\/es\/curso-de-preparacion-de-la-pau\/\",\"url\":\"https:\/\/www.batxilleratgranes.com\/es\/curso-de-preparacion-de-la-pau\/\",\"name\":\"Curs de preparaci\u00f3 de les PAU - Universitat | Gran\u00e9s Batxillerat\",\"isPartOf\":{\"@id\":\"https:\/\/www.batxilleratgranes.com\/es\/#website\"},\"datePublished\":\"2013-03-20T10:58:18+00:00\",\"dateModified\":\"2022-07-15T08:15:40+00:00\",\"description\":\"Gran\u00e9s Batxillerat, ofereix un curs de preparaci\u00f3 de les PAU tant per alumnes del centre com de fora, per facilitar l'acc\u00e9s a la universitat.\",\"breadcrumb\":{\"@id\":\"https:\/\/www.batxilleratgranes.com\/es\/curso-de-preparacion-de-la-pau\/#breadcrumb\"},\"inLanguage\":\"es\",\"potentialAction\":[{\"@type\":\"ReadAction\",\"target\":[\"https:\/\/www.batxilleratgranes.com\/es\/curso-de-preparacion-de-la-pau\/\"]}]},{\"@type\":\"BreadcrumbList\",\"@id\":\"https:\/\/www.batxilleratgranes.com\/es\/curso-de-preparacion-de-la-pau\/#breadcrumb\",\"itemListElement\":[{\"@type\":\"ListItem\",\"position\":1,\"name\":\"Inici\",\"item\":\"https:\/\/www.batxilleratgranes.com\/es\/\"},{\"@type\":\"ListItem\",\"position\":2,\"name\":\"Curso de preparaci\u00f3n de la PAU\"}]},{\"@type\":\"WebSite\",\"@id\":\"https:\/\/www.batxilleratgranes.com\/es\/#website\",\"url\":\"https:\/\/www.batxilleratgranes.com\/es\/\",\"name\":\"Gran\u00e9s Batxillerat - Escuela especializada en Bachillerato en Barcelona\",\"description\":\"Escola especialitzada en Batxillerat a Barcelona\",\"publisher\":{\"@id\":\"https:\/\/www.batxilleratgranes.com\/es\/#organization\"},\"potentialAction\":[{\"@type\":\"SearchAction\",\"target\":{\"@type\":\"EntryPoint\",\"urlTemplate\":\"https:\/\/www.batxilleratgranes.com\/es\/?s={search_term_string}\"},\"query-input\":{\"@type\":\"PropertyValueSpecification\",\"valueRequired\":true,\"valueName\":\"search_term_string\"}}],\"inLanguage\":\"es\"},{\"@type\":\"Organization\",\"@id\":\"https:\/\/www.batxilleratgranes.com\/es\/#organization\",\"name\":\"Gran\u00e9s Batxillerat - Escuela especializada en Bachillerato en Barcelona\",\"url\":\"https:\/\/www.batxilleratgranes.com\/es\/\",\"logo\":{\"@type\":\"ImageObject\",\"inLanguage\":\"es\",\"@id\":\"https:\/\/www.batxilleratgranes.com\/es\/#\/schema\/logo\/image\/\",\"url\":\"https:\/\/www.batxilleratgranes.com\/wp-content\/uploads\/2013\/01\/granes1.png\",\"contentUrl\":\"https:\/\/www.batxilleratgranes.com\/wp-content\/uploads\/2013\/01\/granes1.png\",\"width\":292,\"height\":85,\"caption\":\"Gran\u00e9s Batxillerat - Escuela especializada en Bachillerato en Barcelona\"},\"image\":{\"@id\":\"https:\/\/www.batxilleratgranes.com\/es\/#\/schema\/logo\/image\/\"}}]}<\/script>\n<!-- \/ Yoast SEO plugin. -->","yoast_head_json":{"title":"Curs de preparaci\u00f3 de les PAU - Universitat | Gran\u00e9s Batxillerat","description":"Gran\u00e9s Batxillerat, ofereix un curs de preparaci\u00f3 de les PAU tant per alumnes del centre com de fora, per facilitar l'acc\u00e9s a la universitat.","robots":{"index":"index","follow":"follow","max-snippet":"max-snippet:-1","max-image-preview":"max-image-preview:large","max-video-preview":"max-video-preview:-1"},"canonical":"https:\/\/www.batxilleratgranes.com\/es\/curso-de-preparacion-de-la-pau\/","og_locale":"es_ES","og_type":"article","og_title":"Curs de preparaci\u00f3 de les PAU - Universitat | Gran\u00e9s Batxillerat","og_description":"Gran\u00e9s Batxillerat, ofereix un curs de preparaci\u00f3 de les PAU tant per alumnes del centre com de fora, per facilitar l'acc\u00e9s a la universitat.","og_url":"https:\/\/www.batxilleratgranes.com\/es\/curso-de-preparacion-de-la-pau\/","og_site_name":"Gran\u00e9s Batxillerat - Escuela especializada en Bachillerato en Barcelona","article_modified_time":"2022-07-15T08:15:40+00:00","twitter_card":"summary_large_image","twitter_misc":{"Est. reading time":"2 minutes"},"schema":{"@context":"https:\/\/schema.org","@graph":[{"@type":"WebPage","@id":"https:\/\/www.batxilleratgranes.com\/es\/curso-de-preparacion-de-la-pau\/","url":"https:\/\/www.batxilleratgranes.com\/es\/curso-de-preparacion-de-la-pau\/","name":"Curs de preparaci\u00f3 de les PAU - Universitat | Gran\u00e9s Batxillerat","isPartOf":{"@id":"https:\/\/www.batxilleratgranes.com\/es\/#website"},"datePublished":"2013-03-20T10:58:18+00:00","dateModified":"2022-07-15T08:15:40+00:00","description":"Gran\u00e9s Batxillerat, ofereix un curs de preparaci\u00f3 de les PAU tant per alumnes del centre com de fora, per facilitar l'acc\u00e9s a la universitat.","breadcrumb":{"@id":"https:\/\/www.batxilleratgranes.com\/es\/curso-de-preparacion-de-la-pau\/#breadcrumb"},"inLanguage":"es","potentialAction":[{"@type":"ReadAction","target":["https:\/\/www.batxilleratgranes.com\/es\/curso-de-preparacion-de-la-pau\/"]}]},{"@type":"BreadcrumbList","@id":"https:\/\/www.batxilleratgranes.com\/es\/curso-de-preparacion-de-la-pau\/#breadcrumb","itemListElement":[{"@type":"ListItem","position":1,"name":"Inici","item":"https:\/\/www.batxilleratgranes.com\/es\/"},{"@type":"ListItem","position":2,"name":"Curso de preparaci\u00f3n de la PAU"}]},{"@type":"WebSite","@id":"https:\/\/www.batxilleratgranes.com\/es\/#website","url":"https:\/\/www.batxilleratgranes.com\/es\/","name":"Gran\u00e9s Batxillerat - Escuela especializada en Bachillerato en Barcelona","description":"Escola especialitzada en Batxillerat a Barcelona","publisher":{"@id":"https:\/\/www.batxilleratgranes.com\/es\/#organization"},"potentialAction":[{"@type":"SearchAction","target":{"@type":"EntryPoint","urlTemplate":"https:\/\/www.batxilleratgranes.com\/es\/?s={search_term_string}"},"query-input":{"@type":"PropertyValueSpecification","valueRequired":true,"valueName":"search_term_string"}}],"inLanguage":"es"},{"@type":"Organization","@id":"https:\/\/www.batxilleratgranes.com\/es\/#organization","name":"Gran\u00e9s Batxillerat - Escuela especializada en Bachillerato en Barcelona","url":"https:\/\/www.batxilleratgranes.com\/es\/","logo":{"@type":"ImageObject","inLanguage":"es","@id":"https:\/\/www.batxilleratgranes.com\/es\/#\/schema\/logo\/image\/","url":"https:\/\/www.batxilleratgranes.com\/wp-content\/uploads\/2013\/01\/granes1.png","contentUrl":"https:\/\/www.batxilleratgranes.com\/wp-content\/uploads\/2013\/01\/granes1.png","width":292,"height":85,"caption":"Gran\u00e9s Batxillerat - Escuela especializada en Bachillerato en Barcelona"},"image":{"@id":"https:\/\/www.batxilleratgranes.com\/es\/#\/schema\/logo\/image\/"}}]}},"_links":{"self":[{"href":"https:\/\/www.batxilleratgranes.com\/es\/wp-json\/wp\/v2\/pages\/2036"}],"collection":[{"href":"https:\/\/www.batxilleratgranes.com\/es\/wp-json\/wp\/v2\/pages"}],"about":[{"href":"https:\/\/www.batxilleratgranes.com\/es\/wp-json\/wp\/v2\/types\/page"}],"author":[{"embeddable":true,"href":"https:\/\/www.batxilleratgranes.com\/es\/wp-json\/wp\/v2\/users\/2"}],"replies":[{"embeddable":true,"href":"https:\/\/www.batxilleratgranes.com\/es\/wp-json\/wp\/v2\/comments?post=2036"}],"version-history":[{"count":24,"href":"https:\/\/www.batxilleratgranes.com\/es\/wp-json\/wp\/v2\/pages\/2036\/revisions"}],"predecessor-version":[{"id":42603,"href":"https:\/\/www.batxilleratgranes.com\/es\/wp-json\/wp\/v2\/pages\/2036\/revisions\/42603"}],"wp:attachment":[{"href":"https:\/\/www.batxilleratgranes.com\/es\/wp-json\/wp\/v2\/media?parent=2036"}],"curies":[{"name":"wp","href":"https:\/\/api.w.org\/{rel}","templated":true}]}}