{"id":2038,"date":"2013-03-20T10:41:59","date_gmt":"2013-03-20T10:41:59","guid":{"rendered":"http:\/\/www.bachilleratogranes.com\/?page_id=2038"},"modified":"2025-07-22T08:24:03","modified_gmt":"2025-07-22T08:24:03","slug":"listado-grados-universitarios","status":"publish","type":"page","link":"https:\/\/www.batxilleratgranes.com\/es\/listado-grados-universitarios\/","title":{"rendered":"Listado de grados universitarios"},"content":{"rendered":"<div class=\"wpb-content-wrapper\"><p>[vc_section][vc_row][vc_column][vc_column_text][vc_custom_heading text=&#8221;Listado de grados universitarios&#8221; font_container=&#8221;tag:h1|font_size:60px|text_align:center&#8221; use_theme_fonts=&#8221;yes&#8221; el_class=&#8221;classElemntTitlesResponsive&#8221;][vc_empty_space height=&#8221;30px&#8221;][\/vc_column_text][\/vc_column][\/vc_row][\/vc_section][vc_section][vc_row][vc_column][vc_column_text]<\/p>\n<p class=\"fontsizeparraf\" style=\"font-weight: 300; text-align: justify;\"><span style=\"color: #000000;\">Actualmente tienes a tu alcance un amplio abanico de carreras universitarias y ciclos formativos de grado superior, cada uno con sus salidas profesionales propias.<\/span><\/p>\n<p>[\/vc_column_text][vc_column_text]<img loading=\"lazy\" decoding=\"async\" class=\"size-full wp-image-19499 aligncenter\" src=\"https:\/\/www.batxilleratgranes.com\/wp-content\/uploads\/2020\/10\/llistat-graus-universitaris-02.png\" alt=\"\" width=\"48\" height=\"38\" \/><\/p>\n<p class=\"fontsizeparraf\" style=\"text-align: center; font-weight: bold;\"><em><span style=\"color: #000000;\">Del mismo modo, es m\u00e1s importante decidir teniendo en cuenta tus competencias y tu afinidad personal. Realizar un ejercicio de introspecci\u00f3n es esencial antes de elegir qu\u00e9 grado universitario quieres estudiar.<\/span><\/em><\/p>\n<p>[\/vc_column_text][vc_column_text]<\/p>\n<p class=\"fontsizeparraf\" style=\"font-weight: 300; text-align: justify;\"><span style=\"color: #000000;\">A continuaci\u00f3n te facilitamos una recopilaci\u00f3n de los grados universitarios por \u00e1reas de conocimiento y los ciclos formativos de grado superior agrupados en familias profesionales.<\/span><\/p>\n<h3 class=\"fontsizeparraf\" style=\"color: #00833d; font-weight: bold; text-align: justify;\">Escoger la modalidad e itinerario de tu Bachillerato<\/h3>\n<p class=\"fontsizeparraf\" style=\"font-weight: 300; text-align: justify;\"><em><span style=\"color: #000000;\"><br \/>\n<\/span><\/em><span style=\"color: #000000;\">Al mismo tiempo de elegir qu\u00e9 modalidad e itinerario debes estudiar durante el bachillerato, es importante tener en cuenta qu\u00e9 carreras universitarias est\u00e1s contemplando. En Gran\u00e9s Batxillerat te ofrecemos una propuesta de itinerarios especializados para que puedas activar tu talento y encontrar tu camino.<\/span>[\/vc_column_text][\/vc_column][\/vc_row][\/vc_section][vc_section][vc_row gap=&#8221;10&#8243; equal_height=&#8221;yes&#8221;][vc_column width=&#8221;1\/2&#8243; css=&#8221;.vc_custom_1632683604230{background-color: #00833d !important;}&#8221;][vc_column_text]<\/p>\n<h3 class=\"titleHeadersTru\" style=\"color: #ffffff; font-weight: bold; text-algin: center;\">Titulaci\u00f3n universitaria_<\/h3>\n<p>[\/vc_column_text][vc_btn title=&#8221;ACCEDE&#8221; shape=&#8221;square&#8221; align=&#8221;center&#8221; css=&#8221;&#8221; link=&#8221;url:https%3A%2F%2Fwww.batxilleratgranes.com%2Fwp-content%2Fuploads%2F2025%2F07%2FTitulacions-universitaries-2025-26.pdf|title:https%3A%2F%2Fwww.batxilleratgranes.com%2Fwp-content%2Fuploads%2F2025%2F07%2FTitulacions-universitaries-2025-26.pdf&#8221;][\/vc_column][vc_column width=&#8221;1\/2&#8243; css=&#8221;.vc_custom_1632683972137{background-color: #ffffff !important;}&#8221;][vc_column_text]<\/p>\n<h3 class=\"titleHeadersTru\" style=\"color: #00833d; font-weight: bold; text-align: center;\">Ciclos Formativos de Grado Superior_<\/h3>\n<p>[\/vc_column_text][vc_btn title=&#8221;ACCEDE&#8221; shape=&#8221;square&#8221; align=&#8221;center&#8221; css=&#8221;&#8221; link=&#8221;url:https%3A%2F%2Fwww.batxilleratgranes.com%2Fwp-content%2Fuploads%2F2025%2F07%2FTitulacions-CFGS-2025-26.pdf|title:https%3A%2F%2Fwww.batxilleratgranes.com%2Fwp-content%2Fuploads%2F2025%2F07%2FTitulacions-CFGS-2025-26.pdf&#8221;][\/vc_column][\/vc_row][\/vc_section][vc_section full_width=&#8221;stretch_row_content&#8221; css=&#8221;.vc_custom_1574855859148{margin-top: 8% !important;padding-bottom: 50px !important;background-color: #00833d !important;}&#8221;][vc_row gap=&#8221;10&#8243;][vc_column width=&#8221;1\/2&#8243;][vc_column_text]<\/p>\n<h3 class=\"titleHeadersTru\" style=\"color: #ffffff; font-weight: bold; text-align: right;\">\u00bfQuieres m\u00e1s informaci\u00f3n?<\/h3>\n<p>[\/vc_column_text][\/vc_column][vc_column width=&#8221;1\/2&#8243;][vc_btn title=&#8221;CONOCE LAS MODALIDADES&#8221; shape=&#8221;square&#8221; color=&#8221;white&#8221; link=&#8221;url:https%3A%2F%2Fwww.batxilleratgranes.com%2Fes%2Fmodalidades%2F|title:https%3A%2F%2Fwww.batxilleratgranes.com%2Fes%2Fmodalidades%2F&#8221;][\/vc_column][\/vc_row][\/vc_section][vc_section css=&#8221;.vc_custom_1574855733738{margin-bottom: 5% !important;}&#8221;][vc_row][vc_column][vc_column_text]<\/p>\n<p class=\"fontsizeparraf\" style=\"font-weight: 300; text-align: justify;\"><span style=\"color: #000000;\">Si tienes dudas sobre cu\u00e1l es tu itinerario o sobre el grado universitario que quieres estudiar, <span style=\"color: #00833d;\"><strong>\u00a1ll\u00e1manos al 93 215 54 41 y te orientamos!<\/strong><\/span><\/span><\/p>\n<p>[\/vc_column_text][vc_btn title=&#8221;CONTACTO&#8221; shape=&#8221;square&#8221; color=&#8221;green&#8221; align=&#8221;center&#8221; link=&#8221;url:https%3A%2F%2Fwww.batxilleratgranes.com%2Fes%2Fcontacto%2F|title:https%3A%2F%2Fwww.batxilleratgranes.com%2Fes%2Fcontacto%2F&#8221;][\/vc_column][\/vc_row][\/vc_section]<\/p>\n<\/div>","protected":false},"excerpt":{"rendered":"<p>[vc_section][vc_row][vc_column][vc_column_text][vc_custom_heading text=&#8221;Listado de grados universitarios&#8221; font_container=&#8221;tag:h1|font_size:60px|text_align:center&#8221; use_theme_fonts=&#8221;yes&#8221; el_class=&#8221;classElemntTitlesResponsive&#8221;][vc_empty_space height=&#8221;30px&#8221;][\/vc_column_text][\/vc_column][\/vc_row][\/vc_section][vc_section][vc_row][vc_column][vc_column_text] Actualmente tienes a tu alcance un amplio abanico de carreras universitarias y ciclos formativos de grado superior, cada uno con sus salidas profesionales propias. [\/vc_column_text][vc_column_text] Del mismo modo, es m\u00e1s importante decidir teniendo en cuenta tus competencias y tu afinidad personal. Realizar un ejercicio de introspecci\u00f3n&hellip;&nbsp;<a href=\"https:\/\/www.batxilleratgranes.com\/es\/listado-grados-universitarios\/\" class=\"\" rel=\"bookmark\">Read More &raquo;<span class=\"screen-reader-text\">Listado de grados universitarios<\/span><\/a><\/p>\n","protected":false},"author":2,"featured_media":0,"parent":0,"menu_order":0,"comment_status":"closed","ping_status":"closed","template":"","meta":{"neve_meta_sidebar":"","neve_meta_container":"","neve_meta_enable_content_width":"off","neve_meta_content_width":100,"neve_meta_title_alignment":"","neve_meta_author_avatar":"","neve_post_elements_order":"","neve_meta_disable_header":"","neve_meta_disable_footer":"","neve_meta_disable_title":"","footnotes":""},"class_list":["post-2038","page","type-page","status-publish","hentry"],"yoast_head":"<!-- This site is optimized with the Yoast SEO plugin v23.4 - https:\/\/yoast.com\/wordpress\/plugins\/seo\/ -->\n<title>Llistat de Graus Universitaris - Universitat | Gran\u00e9s Batxillerat<\/title>\n<meta name=\"description\" content=\"Gran\u00e9s Batxillerat et prepara per a la Universitat. Et mostrem el llistat de carreres i graus universitaris, i tamb\u00e9 dels CIcles Formatius de Grau Superior.\" \/>\n<meta name=\"robots\" content=\"index, follow, max-snippet:-1, max-image-preview:large, max-video-preview:-1\" \/>\n<link rel=\"canonical\" href=\"https:\/\/www.batxilleratgranes.com\/es\/listado-grados-universitarios\/\" \/>\n<meta property=\"og:locale\" content=\"es_ES\" \/>\n<meta property=\"og:type\" content=\"article\" \/>\n<meta property=\"og:title\" content=\"Llistat de Graus Universitaris - Universitat | Gran\u00e9s Batxillerat\" \/>\n<meta property=\"og:description\" content=\"Gran\u00e9s Batxillerat et prepara per a la Universitat. Et mostrem el llistat de carreres i graus universitaris, i tamb\u00e9 dels CIcles Formatius de Grau Superior.\" \/>\n<meta property=\"og:url\" content=\"https:\/\/www.batxilleratgranes.com\/es\/listado-grados-universitarios\/\" \/>\n<meta property=\"og:site_name\" content=\"Gran\u00e9s Batxillerat - Escuela especializada en Bachillerato en Barcelona\" \/>\n<meta property=\"article:modified_time\" content=\"2025-07-22T08:24:03+00:00\" \/>\n<meta property=\"og:image\" content=\"https:\/\/www.batxilleratgranes.com\/wp-content\/uploads\/2020\/10\/llistat-graus-universitaris-02.png\" \/>\n<meta name=\"twitter:card\" content=\"summary_large_image\" \/>\n<meta name=\"twitter:label1\" content=\"Est. reading time\" \/>\n\t<meta name=\"twitter:data1\" content=\"2 minutes\" \/>\n<script type=\"application\/ld+json\" class=\"yoast-schema-graph\">{\"@context\":\"https:\/\/schema.org\",\"@graph\":[{\"@type\":\"WebPage\",\"@id\":\"https:\/\/www.batxilleratgranes.com\/es\/listado-grados-universitarios\/\",\"url\":\"https:\/\/www.batxilleratgranes.com\/es\/listado-grados-universitarios\/\",\"name\":\"Llistat de Graus Universitaris - Universitat | Gran\u00e9s Batxillerat\",\"isPartOf\":{\"@id\":\"https:\/\/www.batxilleratgranes.com\/es\/#website\"},\"primaryImageOfPage\":{\"@id\":\"https:\/\/www.batxilleratgranes.com\/es\/listado-grados-universitarios\/#primaryimage\"},\"image\":{\"@id\":\"https:\/\/www.batxilleratgranes.com\/es\/listado-grados-universitarios\/#primaryimage\"},\"thumbnailUrl\":\"https:\/\/www.batxilleratgranes.com\/wp-content\/uploads\/2020\/10\/llistat-graus-universitaris-02.png\",\"datePublished\":\"2013-03-20T10:41:59+00:00\",\"dateModified\":\"2025-07-22T08:24:03+00:00\",\"description\":\"Gran\u00e9s Batxillerat et prepara per a la Universitat. Et mostrem el llistat de carreres i graus universitaris, i tamb\u00e9 dels CIcles Formatius de Grau Superior.\",\"breadcrumb\":{\"@id\":\"https:\/\/www.batxilleratgranes.com\/es\/listado-grados-universitarios\/#breadcrumb\"},\"inLanguage\":\"es\",\"potentialAction\":[{\"@type\":\"ReadAction\",\"target\":[\"https:\/\/www.batxilleratgranes.com\/es\/listado-grados-universitarios\/\"]}]},{\"@type\":\"ImageObject\",\"inLanguage\":\"es\",\"@id\":\"https:\/\/www.batxilleratgranes.com\/es\/listado-grados-universitarios\/#primaryimage\",\"url\":\"https:\/\/www.batxilleratgranes.com\/wp-content\/uploads\/2020\/10\/llistat-graus-universitaris-02.png\",\"contentUrl\":\"https:\/\/www.batxilleratgranes.com\/wp-content\/uploads\/2020\/10\/llistat-graus-universitaris-02.png\"},{\"@type\":\"BreadcrumbList\",\"@id\":\"https:\/\/www.batxilleratgranes.com\/es\/listado-grados-universitarios\/#breadcrumb\",\"itemListElement\":[{\"@type\":\"ListItem\",\"position\":1,\"name\":\"Inici\",\"item\":\"https:\/\/www.batxilleratgranes.com\/es\/\"},{\"@type\":\"ListItem\",\"position\":2,\"name\":\"Listado de grados universitarios\"}]},{\"@type\":\"WebSite\",\"@id\":\"https:\/\/www.batxilleratgranes.com\/es\/#website\",\"url\":\"https:\/\/www.batxilleratgranes.com\/es\/\",\"name\":\"Gran\u00e9s Batxillerat - Escuela especializada en Bachillerato en Barcelona\",\"description\":\"Escola especialitzada en Batxillerat a Barcelona\",\"publisher\":{\"@id\":\"https:\/\/www.batxilleratgranes.com\/es\/#organization\"},\"potentialAction\":[{\"@type\":\"SearchAction\",\"target\":{\"@type\":\"EntryPoint\",\"urlTemplate\":\"https:\/\/www.batxilleratgranes.com\/es\/?s={search_term_string}\"},\"query-input\":{\"@type\":\"PropertyValueSpecification\",\"valueRequired\":true,\"valueName\":\"search_term_string\"}}],\"inLanguage\":\"es\"},{\"@type\":\"Organization\",\"@id\":\"https:\/\/www.batxilleratgranes.com\/es\/#organization\",\"name\":\"Gran\u00e9s Batxillerat - Escuela especializada en Bachillerato en Barcelona\",\"url\":\"https:\/\/www.batxilleratgranes.com\/es\/\",\"logo\":{\"@type\":\"ImageObject\",\"inLanguage\":\"es\",\"@id\":\"https:\/\/www.batxilleratgranes.com\/es\/#\/schema\/logo\/image\/\",\"url\":\"https:\/\/www.batxilleratgranes.com\/wp-content\/uploads\/2013\/01\/granes1.png\",\"contentUrl\":\"https:\/\/www.batxilleratgranes.com\/wp-content\/uploads\/2013\/01\/granes1.png\",\"width\":292,\"height\":85,\"caption\":\"Gran\u00e9s Batxillerat - Escuela especializada en Bachillerato en Barcelona\"},\"image\":{\"@id\":\"https:\/\/www.batxilleratgranes.com\/es\/#\/schema\/logo\/image\/\"}}]}<\/script>\n<!-- \/ Yoast SEO plugin. -->","yoast_head_json":{"title":"Llistat de Graus Universitaris - Universitat | Gran\u00e9s Batxillerat","description":"Gran\u00e9s Batxillerat et prepara per a la Universitat. Et mostrem el llistat de carreres i graus universitaris, i tamb\u00e9 dels CIcles Formatius de Grau Superior.","robots":{"index":"index","follow":"follow","max-snippet":"max-snippet:-1","max-image-preview":"max-image-preview:large","max-video-preview":"max-video-preview:-1"},"canonical":"https:\/\/www.batxilleratgranes.com\/es\/listado-grados-universitarios\/","og_locale":"es_ES","og_type":"article","og_title":"Llistat de Graus Universitaris - Universitat | Gran\u00e9s Batxillerat","og_description":"Gran\u00e9s Batxillerat et prepara per a la Universitat. Et mostrem el llistat de carreres i graus universitaris, i tamb\u00e9 dels CIcles Formatius de Grau Superior.","og_url":"https:\/\/www.batxilleratgranes.com\/es\/listado-grados-universitarios\/","og_site_name":"Gran\u00e9s Batxillerat - Escuela especializada en Bachillerato en Barcelona","article_modified_time":"2025-07-22T08:24:03+00:00","og_image":[{"url":"https:\/\/www.batxilleratgranes.com\/wp-content\/uploads\/2020\/10\/llistat-graus-universitaris-02.png"}],"twitter_card":"summary_large_image","twitter_misc":{"Est. reading time":"2 minutes"},"schema":{"@context":"https:\/\/schema.org","@graph":[{"@type":"WebPage","@id":"https:\/\/www.batxilleratgranes.com\/es\/listado-grados-universitarios\/","url":"https:\/\/www.batxilleratgranes.com\/es\/listado-grados-universitarios\/","name":"Llistat de Graus Universitaris - Universitat | Gran\u00e9s Batxillerat","isPartOf":{"@id":"https:\/\/www.batxilleratgranes.com\/es\/#website"},"primaryImageOfPage":{"@id":"https:\/\/www.batxilleratgranes.com\/es\/listado-grados-universitarios\/#primaryimage"},"image":{"@id":"https:\/\/www.batxilleratgranes.com\/es\/listado-grados-universitarios\/#primaryimage"},"thumbnailUrl":"https:\/\/www.batxilleratgranes.com\/wp-content\/uploads\/2020\/10\/llistat-graus-universitaris-02.png","datePublished":"2013-03-20T10:41:59+00:00","dateModified":"2025-07-22T08:24:03+00:00","description":"Gran\u00e9s Batxillerat et prepara per a la Universitat. Et mostrem el llistat de carreres i graus universitaris, i tamb\u00e9 dels CIcles Formatius de Grau Superior.","breadcrumb":{"@id":"https:\/\/www.batxilleratgranes.com\/es\/listado-grados-universitarios\/#breadcrumb"},"inLanguage":"es","potentialAction":[{"@type":"ReadAction","target":["https:\/\/www.batxilleratgranes.com\/es\/listado-grados-universitarios\/"]}]},{"@type":"ImageObject","inLanguage":"es","@id":"https:\/\/www.batxilleratgranes.com\/es\/listado-grados-universitarios\/#primaryimage","url":"https:\/\/www.batxilleratgranes.com\/wp-content\/uploads\/2020\/10\/llistat-graus-universitaris-02.png","contentUrl":"https:\/\/www.batxilleratgranes.com\/wp-content\/uploads\/2020\/10\/llistat-graus-universitaris-02.png"},{"@type":"BreadcrumbList","@id":"https:\/\/www.batxilleratgranes.com\/es\/listado-grados-universitarios\/#breadcrumb","itemListElement":[{"@type":"ListItem","position":1,"name":"Inici","item":"https:\/\/www.batxilleratgranes.com\/es\/"},{"@type":"ListItem","position":2,"name":"Listado de grados universitarios"}]},{"@type":"WebSite","@id":"https:\/\/www.batxilleratgranes.com\/es\/#website","url":"https:\/\/www.batxilleratgranes.com\/es\/","name":"Gran\u00e9s Batxillerat - Escuela especializada en Bachillerato en Barcelona","description":"Escola especialitzada en Batxillerat a Barcelona","publisher":{"@id":"https:\/\/www.batxilleratgranes.com\/es\/#organization"},"potentialAction":[{"@type":"SearchAction","target":{"@type":"EntryPoint","urlTemplate":"https:\/\/www.batxilleratgranes.com\/es\/?s={search_term_string}"},"query-input":{"@type":"PropertyValueSpecification","valueRequired":true,"valueName":"search_term_string"}}],"inLanguage":"es"},{"@type":"Organization","@id":"https:\/\/www.batxilleratgranes.com\/es\/#organization","name":"Gran\u00e9s Batxillerat - Escuela especializada en Bachillerato en Barcelona","url":"https:\/\/www.batxilleratgranes.com\/es\/","logo":{"@type":"ImageObject","inLanguage":"es","@id":"https:\/\/www.batxilleratgranes.com\/es\/#\/schema\/logo\/image\/","url":"https:\/\/www.batxilleratgranes.com\/wp-content\/uploads\/2013\/01\/granes1.png","contentUrl":"https:\/\/www.batxilleratgranes.com\/wp-content\/uploads\/2013\/01\/granes1.png","width":292,"height":85,"caption":"Gran\u00e9s Batxillerat - Escuela especializada en Bachillerato en Barcelona"},"image":{"@id":"https:\/\/www.batxilleratgranes.com\/es\/#\/schema\/logo\/image\/"}}]}},"_links":{"self":[{"href":"https:\/\/www.batxilleratgranes.com\/es\/wp-json\/wp\/v2\/pages\/2038"}],"collection":[{"href":"https:\/\/www.batxilleratgranes.com\/es\/wp-json\/wp\/v2\/pages"}],"about":[{"href":"https:\/\/www.batxilleratgranes.com\/es\/wp-json\/wp\/v2\/types\/page"}],"author":[{"embeddable":true,"href":"https:\/\/www.batxilleratgranes.com\/es\/wp-json\/wp\/v2\/users\/2"}],"replies":[{"embeddable":true,"href":"https:\/\/www.batxilleratgranes.com\/es\/wp-json\/wp\/v2\/comments?post=2038"}],"version-history":[{"count":29,"href":"https:\/\/www.batxilleratgranes.com\/es\/wp-json\/wp\/v2\/pages\/2038\/revisions"}],"predecessor-version":[{"id":58096,"href":"https:\/\/www.batxilleratgranes.com\/es\/wp-json\/wp\/v2\/pages\/2038\/revisions\/58096"}],"wp:attachment":[{"href":"https:\/\/www.batxilleratgranes.com\/es\/wp-json\/wp\/v2\/media?parent=2038"}],"curies":[{"name":"wp","href":"https:\/\/api.w.org\/{rel}","templated":true}]}}