{"id":214,"date":"2013-02-04T14:52:34","date_gmt":"2013-02-04T14:52:34","guid":{"rendered":"http:\/\/www.bachilleratogranes.com\/?page_id=214"},"modified":"2022-07-14T10:35:50","modified_gmt":"2022-07-14T10:35:50","slug":"estudio-y-habitos-de-trabajo","status":"publish","type":"page","link":"https:\/\/www.batxilleratgranes.com\/es\/estudio-y-habitos-de-trabajo\/","title":{"rendered":"Estudio y h\u00e1bitos de trabajo"},"content":{"rendered":"<div class=\"wpb-content-wrapper\"><p>[vc_section full_width=&#8221;stretch_row_content&#8221; css=&#8221;.vc_custom_1631460740007{margin-top: 0px !important;padding-top: 0px !important;background-image: url(https:\/\/www.batxilleratgranes.com\/wp-content\/uploads\/2020\/10\/estudi-habits-treball-02.jpg?id=) !important;background-position: center !important;background-repeat: no-repeat !important;background-size: cover !important;}&#8221;][vc_row][vc_column][vc_column_text][vc_custom_heading text=&#8221;Estudio y h\u00e1bitos de trabajo_&#8221; font_container=&#8221;tag:h1|font_size:60|text_align:center|color:%23000000&#8243; use_theme_fonts=&#8221;yes&#8221; el_class=&#8221;headersInners&#8221;][vc_empty_space height=&#8221;80px&#8221;][\/vc_column_text][\/vc_column][\/vc_row][\/vc_section][vc_row][vc_column][vc_column_text][\/vc_column_text][\/vc_column][\/vc_row][vc_section][vc_row][vc_column][vc_column_text]<span class=\"fontsizepages\" style=\"font-weight: 300;\">Una buena organizaci\u00f3n del estudio y el logro de buenos h\u00e1bitos de trabajo son imprescindibles para poder superar con \u00e9xito tanto el bachillerato como las futuras etapas educativas, profesionales y personales que encaren nuestros alumnos. Por ello, en Gran\u00e9s Batxillerat ofrecemos un conjunto de herramientas que persiguen este objetivo.<\/span>[\/vc_column_text][\/vc_column][\/vc_row][\/vc_section][vc_section css=&#8221;.vc_custom_1572969293591{margin-bottom: 35px !important;}&#8221;][vc_row][vc_column][vc_column_text]<\/p>\n<h2 class=\"headers2top\" style=\"text-align: center;\"><span style=\"color: #00833d;\"><strong>\u00bfC\u00f3mo conseguimos estos h\u00e1bitos de trabajo?_<\/strong><\/span><\/h2>\n<p>[\/vc_column_text][\/vc_column][\/vc_row][\/vc_section][vc_section full_width=&#8221;stretch_row_content&#8221;][vc_row full_width=&#8221;stretch_row_content_no_spaces&#8221; equal_height=&#8221;yes&#8221;][vc_column width=&#8221;1\/3&#8243; css=&#8221;.vc_custom_1631461414487{padding-top: 5% !important;padding-right: 5% !important;padding-bottom: 5% !important;padding-left: 5% !important;background-color: #000000 !important;}&#8221;][vc_column_text]<\/p>\n<h2 style=\"font-size: 35px; color: white;\">1. Evaluaci\u00f3n continua: 7 evaluaciones por curso_<\/h2>\n<p>[\/vc_column_text][vc_column_text]<span class=\"fontsizepages\" style=\"color: #ffffff;\">_Mejora la adaptaci\u00f3n a esta nueva etapa postobligatoria<br \/>\n_Ayuda a asentar h\u00e1bitos de estudio y de trabajo<br \/>\n_Mejora la capacidad de planificaci\u00f3n del estudio<br \/>\n_Mejora el seguimiento de la evoluci\u00f3n acad\u00e9mica del alumno<\/span>[\/vc_column_text][\/vc_column][vc_column width=&#8221;1\/3&#8243; css=&#8221;.vc_custom_1631461404789{padding-top: 5% !important;padding-right: 5% !important;padding-bottom: 5% !important;padding-left: 5% !important;}&#8221;][vc_column_text]<\/p>\n<h2 style=\"font-size: 35px;\">2. Tutor\u00edas_<\/h2>\n<p>[\/vc_column_text][vc_column_text]<span class=\"fontsizepages\" style=\"color: #000000;\">_Permiten el seguimiento cercano al alumno<\/span><br \/>\n<span class=\"fontsizepages\" style=\"color: #000000;\">_Proporcionan gu\u00edas para encarar el estudio <\/span><span class=\"fontsizepages\" style=\"color: #000000;\">con mejores resultados<\/span>[\/vc_column_text][\/vc_column][vc_column width=&#8221;1\/3&#8243; css=&#8221;.vc_custom_1631460946849{background-image: url(https:\/\/www.batxilleratgranes.com\/wp-content\/uploads\/2020\/10\/estudi-habits-treball-03-1.jpg?id=26350) !important;}&#8221;][\/vc_column][\/vc_row][vc_row full_width=&#8221;stretch_row_content_no_spaces&#8221; equal_height=&#8221;yes&#8221;][vc_column width=&#8221;1\/3&#8243; offset=&#8221;vc_hidden-sm vc_hidden-xs&#8221; css=&#8221;.vc_custom_1631461196166{background-image: url(https:\/\/www.batxilleratgranes.com\/wp-content\/uploads\/2020\/10\/estudi-habits-treball-04.jpg?id=26352) !important;}&#8221;][\/vc_column][vc_column width=&#8221;1\/3&#8243; css=&#8221;.vc_custom_1631461381251{padding-top: 5% !important;padding-right: 5% !important;padding-bottom: 5% !important;padding-left: 5% !important;background-color: #00833d !important;}&#8221;][vc_column_text]<\/p>\n<h2 style=\"font-size: 35px;\"><span style=\"color: #ffffff;\">3. Plataforma<br \/>\nde seguimiento_<\/span><\/h2>\n<p>[\/vc_column_text][vc_column_text]<span class=\"fontsizepages\" style=\"color: #ffffff;\">_Permite a los alumnos disponer de informaci\u00f3n complementaria para organizar y superar cada una de las materias<br \/>\n_Complementa la comunicaci\u00f3n entre los profesores y alumnos, as\u00ed como entre los profesores y padres<\/span>[\/vc_column_text][\/vc_column][vc_column width=&#8221;1\/3&#8243; css=&#8221;.vc_custom_1631461371220{padding-top: 5% !important;padding-right: 5% !important;padding-bottom: 5% !important;padding-left: 5% !important;}&#8221;][vc_column_text]<\/p>\n<h2 style=\"font-size: 35px;\">4. Aulas de estudio dirigido_<\/h2>\n<p>[\/vc_column_text][vc_column_text]<span class=\"fontsizepages\" style=\"color: #000000;\">_Ofrece un <strong>soporte extra<\/strong> para seguir les materias convenientemente y mejorar la <strong>adaptaci\u00f3n a la etapa de bachillerato<\/strong><\/span><br \/>\n<span style=\"color: #000000;\">_<strong>Permiten resolver<\/strong> dudas que puedan quedar en les horas lectivas y <strong>ayudar a los alumnos a realizar correctamente los deberes<\/strong> de cada materia<\/span>[\/vc_column_text][\/vc_column][\/vc_row][vc_row full_width=&#8221;stretch_row_content_no_spaces&#8221; equal_height=&#8221;yes&#8221;][vc_column width=&#8221;2\/3&#8243; css=&#8221;.vc_custom_1631461513026{background-image: url(https:\/\/www.batxilleratgranes.com\/wp-content\/uploads\/2020\/10\/estudi-habits-treball-05.png?id=26354) !important;}&#8221; el_class=&#8221;background_center&#8221;][\/vc_column][vc_column width=&#8221;1\/3&#8243; css=&#8221;.vc_custom_1631461449884{padding-top: 15% !important;padding-right: 5% !important;padding-bottom: 15% !important;padding-left: 5% !important;background-color: #000000 !important;}&#8221;][vc_column_text]<\/p>\n<h2 style=\"font-size: 35px;\"><span style=\"color: #ffffff;\">5. Aulas de refuerzo_<\/span><\/h2>\n<p>[\/vc_column_text][vc_column_text]<span class=\"fontsizepages\" style=\"color: #ffffff;\">_Engloban las clases para preparar las materias suspendidas de 1\u00ba de bachillerato y el refuerzo de materias tan importantes como ingl\u00e9s<\/span>[\/vc_column_text][\/vc_column][\/vc_row][\/vc_section]<\/p>\n<\/div>","protected":false},"excerpt":{"rendered":"<p>[vc_section full_width=&#8221;stretch_row_content&#8221; css=&#8221;.vc_custom_1631460740007{margin-top: 0px !important;padding-top: 0px !important;background-image: url(https:\/\/www.batxilleratgranes.com\/wp-content\/uploads\/2020\/10\/estudi-habits-treball-02.jpg?id=) !important;background-position: center !important;background-repeat: no-repeat !important;background-size: cover !important;}&#8221;][vc_row][vc_column][vc_column_text][vc_custom_heading text=&#8221;Estudio y h\u00e1bitos de trabajo_&#8221; font_container=&#8221;tag:h1|font_size:60|text_align:center|color:%23000000&#8243; use_theme_fonts=&#8221;yes&#8221; el_class=&#8221;headersInners&#8221;][vc_empty_space height=&#8221;80px&#8221;][\/vc_column_text][\/vc_column][\/vc_row][\/vc_section][vc_row][vc_column][vc_column_text][\/vc_column_text][\/vc_column][\/vc_row][vc_section][vc_row][vc_column][vc_column_text]Una buena organizaci\u00f3n del estudio y el logro de buenos h\u00e1bitos de trabajo son imprescindibles para poder superar con \u00e9xito tanto el bachillerato como las futuras etapas educativas, profesionales y personales que&hellip;&nbsp;<a href=\"https:\/\/www.batxilleratgranes.com\/es\/estudio-y-habitos-de-trabajo\/\" class=\"\" rel=\"bookmark\">Read More &raquo;<span class=\"screen-reader-text\">Estudio y h\u00e1bitos de trabajo<\/span><\/a><\/p>\n","protected":false},"author":2,"featured_media":0,"parent":0,"menu_order":0,"comment_status":"closed","ping_status":"closed","template":"","meta":{"neve_meta_sidebar":"","neve_meta_container":"","neve_meta_enable_content_width":"off","neve_meta_content_width":100,"neve_meta_title_alignment":"","neve_meta_author_avatar":"","neve_post_elements_order":"","neve_meta_disable_header":"","neve_meta_disable_footer":"","neve_meta_disable_title":"","footnotes":""},"class_list":["post-214","page","type-page","status-publish","hentry"],"yoast_head":"<!-- This site is optimized with the Yoast SEO plugin v23.4 - https:\/\/yoast.com\/wordpress\/plugins\/seo\/ -->\n<title>Estudi i h\u00e0bits de treball<\/title>\n<meta name=\"description\" content=\"Gran\u00e9s Batxillerat, el centre referent de Batxillerat a Barcelona, inculca als seuis alumnes h\u00e0bits de treballs que els faciliten l&#039;acc\u00e9s a la universitat\" \/>\n<meta name=\"robots\" content=\"index, follow, max-snippet:-1, max-image-preview:large, max-video-preview:-1\" \/>\n<link rel=\"canonical\" href=\"https:\/\/www.batxilleratgranes.com\/es\/estudio-y-habitos-de-trabajo\/\" \/>\n<meta property=\"og:locale\" content=\"es_ES\" \/>\n<meta property=\"og:type\" content=\"article\" \/>\n<meta property=\"og:title\" content=\"Estudi i h\u00e0bits de treball\" \/>\n<meta property=\"og:description\" content=\"Gran\u00e9s Batxillerat, el centre referent de Batxillerat a Barcelona, inculca als seuis alumnes h\u00e0bits de treballs que els faciliten l&#039;acc\u00e9s a la universitat\" \/>\n<meta property=\"og:url\" content=\"https:\/\/www.batxilleratgranes.com\/es\/estudio-y-habitos-de-trabajo\/\" \/>\n<meta property=\"og:site_name\" content=\"Gran\u00e9s Batxillerat - Escuela especializada en Bachillerato en Barcelona\" \/>\n<meta property=\"article:modified_time\" content=\"2022-07-14T10:35:50+00:00\" \/>\n<meta name=\"twitter:card\" content=\"summary_large_image\" \/>\n<meta name=\"twitter:label1\" content=\"Est. reading time\" \/>\n\t<meta name=\"twitter:data1\" content=\"2 minutes\" \/>\n<script type=\"application\/ld+json\" class=\"yoast-schema-graph\">{\"@context\":\"https:\/\/schema.org\",\"@graph\":[{\"@type\":\"WebPage\",\"@id\":\"https:\/\/www.batxilleratgranes.com\/es\/estudio-y-habitos-de-trabajo\/\",\"url\":\"https:\/\/www.batxilleratgranes.com\/es\/estudio-y-habitos-de-trabajo\/\",\"name\":\"Estudi i h\u00e0bits de treball\",\"isPartOf\":{\"@id\":\"https:\/\/www.batxilleratgranes.com\/es\/#website\"},\"datePublished\":\"2013-02-04T14:52:34+00:00\",\"dateModified\":\"2022-07-14T10:35:50+00:00\",\"description\":\"Gran\u00e9s Batxillerat, el centre referent de Batxillerat a Barcelona, inculca als seuis alumnes h\u00e0bits de treballs que els faciliten l'acc\u00e9s a la universitat\",\"breadcrumb\":{\"@id\":\"https:\/\/www.batxilleratgranes.com\/es\/estudio-y-habitos-de-trabajo\/#breadcrumb\"},\"inLanguage\":\"es\",\"potentialAction\":[{\"@type\":\"ReadAction\",\"target\":[\"https:\/\/www.batxilleratgranes.com\/es\/estudio-y-habitos-de-trabajo\/\"]}]},{\"@type\":\"BreadcrumbList\",\"@id\":\"https:\/\/www.batxilleratgranes.com\/es\/estudio-y-habitos-de-trabajo\/#breadcrumb\",\"itemListElement\":[{\"@type\":\"ListItem\",\"position\":1,\"name\":\"Inici\",\"item\":\"https:\/\/www.batxilleratgranes.com\/es\/\"},{\"@type\":\"ListItem\",\"position\":2,\"name\":\"Estudio y h\u00e1bitos de trabajo\"}]},{\"@type\":\"WebSite\",\"@id\":\"https:\/\/www.batxilleratgranes.com\/es\/#website\",\"url\":\"https:\/\/www.batxilleratgranes.com\/es\/\",\"name\":\"Gran\u00e9s Batxillerat - Escuela especializada en Bachillerato en Barcelona\",\"description\":\"Escola especialitzada en Batxillerat a Barcelona\",\"publisher\":{\"@id\":\"https:\/\/www.batxilleratgranes.com\/es\/#organization\"},\"potentialAction\":[{\"@type\":\"SearchAction\",\"target\":{\"@type\":\"EntryPoint\",\"urlTemplate\":\"https:\/\/www.batxilleratgranes.com\/es\/?s={search_term_string}\"},\"query-input\":{\"@type\":\"PropertyValueSpecification\",\"valueRequired\":true,\"valueName\":\"search_term_string\"}}],\"inLanguage\":\"es\"},{\"@type\":\"Organization\",\"@id\":\"https:\/\/www.batxilleratgranes.com\/es\/#organization\",\"name\":\"Gran\u00e9s Batxillerat - Escuela especializada en Bachillerato en Barcelona\",\"url\":\"https:\/\/www.batxilleratgranes.com\/es\/\",\"logo\":{\"@type\":\"ImageObject\",\"inLanguage\":\"es\",\"@id\":\"https:\/\/www.batxilleratgranes.com\/es\/#\/schema\/logo\/image\/\",\"url\":\"https:\/\/www.batxilleratgranes.com\/wp-content\/uploads\/2013\/01\/granes1.png\",\"contentUrl\":\"https:\/\/www.batxilleratgranes.com\/wp-content\/uploads\/2013\/01\/granes1.png\",\"width\":292,\"height\":85,\"caption\":\"Gran\u00e9s Batxillerat - Escuela especializada en Bachillerato en Barcelona\"},\"image\":{\"@id\":\"https:\/\/www.batxilleratgranes.com\/es\/#\/schema\/logo\/image\/\"}}]}<\/script>\n<!-- \/ Yoast SEO plugin. -->","yoast_head_json":{"title":"Estudi i h\u00e0bits de treball","description":"Gran\u00e9s Batxillerat, el centre referent de Batxillerat a Barcelona, inculca als seuis alumnes h\u00e0bits de treballs que els faciliten l'acc\u00e9s a la universitat","robots":{"index":"index","follow":"follow","max-snippet":"max-snippet:-1","max-image-preview":"max-image-preview:large","max-video-preview":"max-video-preview:-1"},"canonical":"https:\/\/www.batxilleratgranes.com\/es\/estudio-y-habitos-de-trabajo\/","og_locale":"es_ES","og_type":"article","og_title":"Estudi i h\u00e0bits de treball","og_description":"Gran\u00e9s Batxillerat, el centre referent de Batxillerat a Barcelona, inculca als seuis alumnes h\u00e0bits de treballs que els faciliten l'acc\u00e9s a la universitat","og_url":"https:\/\/www.batxilleratgranes.com\/es\/estudio-y-habitos-de-trabajo\/","og_site_name":"Gran\u00e9s Batxillerat - Escuela especializada en Bachillerato en Barcelona","article_modified_time":"2022-07-14T10:35:50+00:00","twitter_card":"summary_large_image","twitter_misc":{"Est. reading time":"2 minutes"},"schema":{"@context":"https:\/\/schema.org","@graph":[{"@type":"WebPage","@id":"https:\/\/www.batxilleratgranes.com\/es\/estudio-y-habitos-de-trabajo\/","url":"https:\/\/www.batxilleratgranes.com\/es\/estudio-y-habitos-de-trabajo\/","name":"Estudi i h\u00e0bits de treball","isPartOf":{"@id":"https:\/\/www.batxilleratgranes.com\/es\/#website"},"datePublished":"2013-02-04T14:52:34+00:00","dateModified":"2022-07-14T10:35:50+00:00","description":"Gran\u00e9s Batxillerat, el centre referent de Batxillerat a Barcelona, inculca als seuis alumnes h\u00e0bits de treballs que els faciliten l'acc\u00e9s a la universitat","breadcrumb":{"@id":"https:\/\/www.batxilleratgranes.com\/es\/estudio-y-habitos-de-trabajo\/#breadcrumb"},"inLanguage":"es","potentialAction":[{"@type":"ReadAction","target":["https:\/\/www.batxilleratgranes.com\/es\/estudio-y-habitos-de-trabajo\/"]}]},{"@type":"BreadcrumbList","@id":"https:\/\/www.batxilleratgranes.com\/es\/estudio-y-habitos-de-trabajo\/#breadcrumb","itemListElement":[{"@type":"ListItem","position":1,"name":"Inici","item":"https:\/\/www.batxilleratgranes.com\/es\/"},{"@type":"ListItem","position":2,"name":"Estudio y h\u00e1bitos de trabajo"}]},{"@type":"WebSite","@id":"https:\/\/www.batxilleratgranes.com\/es\/#website","url":"https:\/\/www.batxilleratgranes.com\/es\/","name":"Gran\u00e9s Batxillerat - Escuela especializada en Bachillerato en Barcelona","description":"Escola especialitzada en Batxillerat a Barcelona","publisher":{"@id":"https:\/\/www.batxilleratgranes.com\/es\/#organization"},"potentialAction":[{"@type":"SearchAction","target":{"@type":"EntryPoint","urlTemplate":"https:\/\/www.batxilleratgranes.com\/es\/?s={search_term_string}"},"query-input":{"@type":"PropertyValueSpecification","valueRequired":true,"valueName":"search_term_string"}}],"inLanguage":"es"},{"@type":"Organization","@id":"https:\/\/www.batxilleratgranes.com\/es\/#organization","name":"Gran\u00e9s Batxillerat - Escuela especializada en Bachillerato en Barcelona","url":"https:\/\/www.batxilleratgranes.com\/es\/","logo":{"@type":"ImageObject","inLanguage":"es","@id":"https:\/\/www.batxilleratgranes.com\/es\/#\/schema\/logo\/image\/","url":"https:\/\/www.batxilleratgranes.com\/wp-content\/uploads\/2013\/01\/granes1.png","contentUrl":"https:\/\/www.batxilleratgranes.com\/wp-content\/uploads\/2013\/01\/granes1.png","width":292,"height":85,"caption":"Gran\u00e9s Batxillerat - Escuela especializada en Bachillerato en Barcelona"},"image":{"@id":"https:\/\/www.batxilleratgranes.com\/es\/#\/schema\/logo\/image\/"}}]}},"_links":{"self":[{"href":"https:\/\/www.batxilleratgranes.com\/es\/wp-json\/wp\/v2\/pages\/214"}],"collection":[{"href":"https:\/\/www.batxilleratgranes.com\/es\/wp-json\/wp\/v2\/pages"}],"about":[{"href":"https:\/\/www.batxilleratgranes.com\/es\/wp-json\/wp\/v2\/types\/page"}],"author":[{"embeddable":true,"href":"https:\/\/www.batxilleratgranes.com\/es\/wp-json\/wp\/v2\/users\/2"}],"replies":[{"embeddable":true,"href":"https:\/\/www.batxilleratgranes.com\/es\/wp-json\/wp\/v2\/comments?post=214"}],"version-history":[{"count":33,"href":"https:\/\/www.batxilleratgranes.com\/es\/wp-json\/wp\/v2\/pages\/214\/revisions"}],"predecessor-version":[{"id":42564,"href":"https:\/\/www.batxilleratgranes.com\/es\/wp-json\/wp\/v2\/pages\/214\/revisions\/42564"}],"wp:attachment":[{"href":"https:\/\/www.batxilleratgranes.com\/es\/wp-json\/wp\/v2\/media?parent=214"}],"curies":[{"name":"wp","href":"https:\/\/api.w.org\/{rel}","templated":true}]}}