{"id":217,"date":"2013-02-04T15:06:23","date_gmt":"2013-02-04T15:06:23","guid":{"rendered":"http:\/\/www.bachilleratogranes.com\/?page_id=217"},"modified":"2022-07-24T10:03:37","modified_gmt":"2022-07-24T10:03:37","slug":"nota-acceso-universidad","status":"publish","type":"page","link":"https:\/\/www.batxilleratgranes.com\/es\/nota-acceso-universidad\/","title":{"rendered":"Nota de acceso a la Universidad"},"content":{"rendered":"<div class=\"wpb-content-wrapper\"><p>[vc_row][vc_column][vc_column_text]<\/p>\n<p>Uno de los objetivos que tienen nuestros alumnos cuando deciden estudiar el bachillerato es alcanzar la nota de acceso necesaria para poder estudiar el grado universitario que les interesa. Esta nota de acceso a la universidad es la media ponderada entre la nota media del expediente del bachillerato (que pondera un 60%) y la calificaci\u00f3n de la fase general de las PAU (que pondera un 40%).<\/p>\n<p><strong>\u00bfC\u00d3MO AYUDAMOS AL ALUMNO A MEJORAR LA NOTA DE ACCESO?<\/strong><\/p>\n<p>En Gran\u00e9s Batxillerat ofrecemos a los alumnos las siguientes herramientas para que alcancen la nota de acceso necesaria:<\/p>\n<p><strong>1<\/strong><strong>\u00a0&#8211;\u00a0<\/strong><b>UN MEJOR SEGUIMIENTO = UN MEJOR EXPEDIENTE ACAD\u00c9MICO<\/b><\/p>\n<ul>\n<li>Una mejor organizaci\u00f3n del temario, mejores h\u00e1bitos de estudio y trabajo y un <strong>seguimiento m\u00e1s cercano y personalizado del alumno<\/strong> facilita obtener una mejor nota media de Bachillerato, que tiene un peso del 60% en la nota final de acceso<\/li>\n<\/ul>\n<p><\/p>\n<p><strong>2<\/strong><strong>\u00a0&#8211;\u00a0<\/strong><b>EX\u00c1MENES DE CADA EVALUACI\u00d3N (tipo las PAU)<\/b><\/p>\n<ul>\n<li>En los dos a\u00f1os que los alumnos cursan el bachillerato con nosotros, pasan por <strong>15 evaluaciones que tienen la misma estructura que encontrar\u00e1n en las PAU<\/strong>. Por ello, llegan bien entrenados por superar estas pruebas<\/li>\n<\/ul>\n<p><\/p>\n<p><strong>3<\/strong><strong>\u00a0&#8211;\u00a0<\/strong><b>CURSO INTENSIVO DE PREPARACI\u00d3N PARA LAS PAU<\/b><\/p>\n<ul>\n<li>Las tres semanas comprendidas entre el final de la \u00faltima evaluaci\u00f3n de 2\u00ba de Bachillerato y el inicio de la Selectividad est\u00e1n \u00edntegramente dedicadas a la <strong>resoluci\u00f3n de ex\u00e1menes de a\u00f1os anteriores<\/strong>, resoluci\u00f3n de dudas y repaso de aquellos temas m\u00e1s importantes<\/li>\n<\/ul>\n<p><\/p>\n<p><strong>4<\/strong><strong>\u00a0&#8211;\u00a0<\/strong><b>DIFERENTE C\u00c1RGA LECTIVA EN 1\u00ba Y 2\u00ba DE BACHILLERATO<\/b><\/p>\n<ul>\n<li>Con el fin de que el alumno pueda dedicar m\u00e1s esfuerzos a la <strong>preparaci\u00f3n para las PAU<\/strong>, el centro organiza los dos cursos de Bachillerato asignando 32h lectivas\/semana a 1\u00ba i 28h lectivas\/semana a 2\u00ba<\/li>\n<\/ul>\n<p>[\/vc_column_text][\/vc_column][\/vc_row]<\/p>\n<\/div>","protected":false},"excerpt":{"rendered":"<p>[vc_row][vc_column][vc_column_text] Uno de los objetivos que tienen nuestros alumnos cuando deciden estudiar el bachillerato es alcanzar la nota de acceso necesaria para poder estudiar el grado universitario que les interesa. Esta nota de acceso a la universidad es la media ponderada entre la nota media del expediente del bachillerato (que pondera un 60%) y la&hellip;&nbsp;<a href=\"https:\/\/www.batxilleratgranes.com\/es\/nota-acceso-universidad\/\" class=\"\" rel=\"bookmark\">Read More &raquo;<span class=\"screen-reader-text\">Nota de acceso a la Universidad<\/span><\/a><\/p>\n","protected":false},"author":2,"featured_media":861,"parent":0,"menu_order":0,"comment_status":"closed","ping_status":"closed","template":"","meta":{"neve_meta_sidebar":"","neve_meta_container":"","neve_meta_enable_content_width":"off","neve_meta_content_width":100,"neve_meta_title_alignment":"","neve_meta_author_avatar":"","neve_post_elements_order":"","neve_meta_disable_header":"","neve_meta_disable_footer":"","neve_meta_disable_title":"","footnotes":""},"class_list":["post-217","page","type-page","status-publish","has-post-thumbnail","hentry"],"yoast_head":"<!-- This site is optimized with the Yoast SEO plugin v23.4 - https:\/\/yoast.com\/wordpress\/plugins\/seo\/ -->\n<title>Nota de acceso a la Universidad - C\u00f3m trabajamos | Gran\u00e9s Bachillerato<\/title>\n<meta name=\"description\" content=\"Gran\u00e9s Bachillerato, centro referente de Bachillerato en Barcelona, preparamos alumnos en su acceso a la universidad con evaluaciones y seguimiento personal\" \/>\n<meta name=\"robots\" content=\"index, follow, max-snippet:-1, max-image-preview:large, max-video-preview:-1\" \/>\n<link rel=\"canonical\" href=\"https:\/\/www.batxilleratgranes.com\/es\/nota-acceso-universidad\/\" \/>\n<meta property=\"og:locale\" content=\"es_ES\" \/>\n<meta property=\"og:type\" content=\"article\" \/>\n<meta property=\"og:title\" content=\"Nota de acceso a la Universidad - C\u00f3m trabajamos | Gran\u00e9s Bachillerato\" \/>\n<meta property=\"og:description\" content=\"Gran\u00e9s Bachillerato, centro referente de Bachillerato en Barcelona, preparamos alumnos en su acceso a la universidad con evaluaciones y seguimiento personal\" \/>\n<meta property=\"og:url\" content=\"https:\/\/www.batxilleratgranes.com\/es\/nota-acceso-universidad\/\" \/>\n<meta property=\"og:site_name\" content=\"Gran\u00e9s Batxillerat - Escuela especializada en Bachillerato en Barcelona\" \/>\n<meta property=\"article:modified_time\" content=\"2022-07-24T10:03:37+00:00\" \/>\n<meta property=\"og:image\" content=\"https:\/\/www.batxilleratgranes.com\/wp-content\/uploads\/2013\/01\/DSC_0718.jpg\" \/>\n\t<meta property=\"og:image:width\" content=\"1024\" \/>\n\t<meta property=\"og:image:height\" content=\"678\" \/>\n\t<meta property=\"og:image:type\" content=\"image\/jpeg\" \/>\n<meta name=\"twitter:card\" content=\"summary_large_image\" \/>\n<meta name=\"twitter:label1\" content=\"Est. reading time\" \/>\n\t<meta name=\"twitter:data1\" content=\"2 minutes\" \/>\n<script type=\"application\/ld+json\" class=\"yoast-schema-graph\">{\"@context\":\"https:\/\/schema.org\",\"@graph\":[{\"@type\":\"WebPage\",\"@id\":\"https:\/\/www.batxilleratgranes.com\/es\/nota-acceso-universidad\/\",\"url\":\"https:\/\/www.batxilleratgranes.com\/es\/nota-acceso-universidad\/\",\"name\":\"Nota de acceso a la Universidad - C\u00f3m trabajamos | Gran\u00e9s Bachillerato\",\"isPartOf\":{\"@id\":\"https:\/\/www.batxilleratgranes.com\/es\/#website\"},\"primaryImageOfPage\":{\"@id\":\"https:\/\/www.batxilleratgranes.com\/es\/nota-acceso-universidad\/#primaryimage\"},\"image\":{\"@id\":\"https:\/\/www.batxilleratgranes.com\/es\/nota-acceso-universidad\/#primaryimage\"},\"thumbnailUrl\":\"https:\/\/www.batxilleratgranes.com\/wp-content\/uploads\/2013\/01\/DSC_0718.jpg\",\"datePublished\":\"2013-02-04T15:06:23+00:00\",\"dateModified\":\"2022-07-24T10:03:37+00:00\",\"description\":\"Gran\u00e9s Bachillerato, centro referente de Bachillerato en Barcelona, preparamos alumnos en su acceso a la universidad con evaluaciones y seguimiento personal\",\"breadcrumb\":{\"@id\":\"https:\/\/www.batxilleratgranes.com\/es\/nota-acceso-universidad\/#breadcrumb\"},\"inLanguage\":\"es\",\"potentialAction\":[{\"@type\":\"ReadAction\",\"target\":[\"https:\/\/www.batxilleratgranes.com\/es\/nota-acceso-universidad\/\"]}]},{\"@type\":\"ImageObject\",\"inLanguage\":\"es\",\"@id\":\"https:\/\/www.batxilleratgranes.com\/es\/nota-acceso-universidad\/#primaryimage\",\"url\":\"https:\/\/www.batxilleratgranes.com\/wp-content\/uploads\/2013\/01\/DSC_0718.jpg\",\"contentUrl\":\"https:\/\/www.batxilleratgranes.com\/wp-content\/uploads\/2013\/01\/DSC_0718.jpg\",\"width\":1024,\"height\":678,\"caption\":\"batxillerat barcelona\"},{\"@type\":\"BreadcrumbList\",\"@id\":\"https:\/\/www.batxilleratgranes.com\/es\/nota-acceso-universidad\/#breadcrumb\",\"itemListElement\":[{\"@type\":\"ListItem\",\"position\":1,\"name\":\"Inici\",\"item\":\"https:\/\/www.batxilleratgranes.com\/es\/\"},{\"@type\":\"ListItem\",\"position\":2,\"name\":\"Nota de acceso a la Universidad\"}]},{\"@type\":\"WebSite\",\"@id\":\"https:\/\/www.batxilleratgranes.com\/es\/#website\",\"url\":\"https:\/\/www.batxilleratgranes.com\/es\/\",\"name\":\"Gran\u00e9s Batxillerat - Escuela especializada en Bachillerato en Barcelona\",\"description\":\"Escola especialitzada en Batxillerat a Barcelona\",\"publisher\":{\"@id\":\"https:\/\/www.batxilleratgranes.com\/es\/#organization\"},\"potentialAction\":[{\"@type\":\"SearchAction\",\"target\":{\"@type\":\"EntryPoint\",\"urlTemplate\":\"https:\/\/www.batxilleratgranes.com\/es\/?s={search_term_string}\"},\"query-input\":{\"@type\":\"PropertyValueSpecification\",\"valueRequired\":true,\"valueName\":\"search_term_string\"}}],\"inLanguage\":\"es\"},{\"@type\":\"Organization\",\"@id\":\"https:\/\/www.batxilleratgranes.com\/es\/#organization\",\"name\":\"Gran\u00e9s Batxillerat - Escuela especializada en Bachillerato en Barcelona\",\"url\":\"https:\/\/www.batxilleratgranes.com\/es\/\",\"logo\":{\"@type\":\"ImageObject\",\"inLanguage\":\"es\",\"@id\":\"https:\/\/www.batxilleratgranes.com\/es\/#\/schema\/logo\/image\/\",\"url\":\"https:\/\/www.batxilleratgranes.com\/wp-content\/uploads\/2013\/01\/granes1.png\",\"contentUrl\":\"https:\/\/www.batxilleratgranes.com\/wp-content\/uploads\/2013\/01\/granes1.png\",\"width\":292,\"height\":85,\"caption\":\"Gran\u00e9s Batxillerat - Escuela especializada en Bachillerato en Barcelona\"},\"image\":{\"@id\":\"https:\/\/www.batxilleratgranes.com\/es\/#\/schema\/logo\/image\/\"}}]}<\/script>\n<!-- \/ Yoast SEO plugin. -->","yoast_head_json":{"title":"Nota de acceso a la Universidad - C\u00f3m trabajamos | Gran\u00e9s Bachillerato","description":"Gran\u00e9s Bachillerato, centro referente de Bachillerato en Barcelona, preparamos alumnos en su acceso a la universidad con evaluaciones y seguimiento personal","robots":{"index":"index","follow":"follow","max-snippet":"max-snippet:-1","max-image-preview":"max-image-preview:large","max-video-preview":"max-video-preview:-1"},"canonical":"https:\/\/www.batxilleratgranes.com\/es\/nota-acceso-universidad\/","og_locale":"es_ES","og_type":"article","og_title":"Nota de acceso a la Universidad - C\u00f3m trabajamos | Gran\u00e9s Bachillerato","og_description":"Gran\u00e9s Bachillerato, centro referente de Bachillerato en Barcelona, preparamos alumnos en su acceso a la universidad con evaluaciones y seguimiento personal","og_url":"https:\/\/www.batxilleratgranes.com\/es\/nota-acceso-universidad\/","og_site_name":"Gran\u00e9s Batxillerat - Escuela especializada en Bachillerato en Barcelona","article_modified_time":"2022-07-24T10:03:37+00:00","og_image":[{"width":1024,"height":678,"url":"https:\/\/www.batxilleratgranes.com\/wp-content\/uploads\/2013\/01\/DSC_0718.jpg","type":"image\/jpeg"}],"twitter_card":"summary_large_image","twitter_misc":{"Est. reading time":"2 minutes"},"schema":{"@context":"https:\/\/schema.org","@graph":[{"@type":"WebPage","@id":"https:\/\/www.batxilleratgranes.com\/es\/nota-acceso-universidad\/","url":"https:\/\/www.batxilleratgranes.com\/es\/nota-acceso-universidad\/","name":"Nota de acceso a la Universidad - C\u00f3m trabajamos | Gran\u00e9s Bachillerato","isPartOf":{"@id":"https:\/\/www.batxilleratgranes.com\/es\/#website"},"primaryImageOfPage":{"@id":"https:\/\/www.batxilleratgranes.com\/es\/nota-acceso-universidad\/#primaryimage"},"image":{"@id":"https:\/\/www.batxilleratgranes.com\/es\/nota-acceso-universidad\/#primaryimage"},"thumbnailUrl":"https:\/\/www.batxilleratgranes.com\/wp-content\/uploads\/2013\/01\/DSC_0718.jpg","datePublished":"2013-02-04T15:06:23+00:00","dateModified":"2022-07-24T10:03:37+00:00","description":"Gran\u00e9s Bachillerato, centro referente de Bachillerato en Barcelona, preparamos alumnos en su acceso a la universidad con evaluaciones y seguimiento personal","breadcrumb":{"@id":"https:\/\/www.batxilleratgranes.com\/es\/nota-acceso-universidad\/#breadcrumb"},"inLanguage":"es","potentialAction":[{"@type":"ReadAction","target":["https:\/\/www.batxilleratgranes.com\/es\/nota-acceso-universidad\/"]}]},{"@type":"ImageObject","inLanguage":"es","@id":"https:\/\/www.batxilleratgranes.com\/es\/nota-acceso-universidad\/#primaryimage","url":"https:\/\/www.batxilleratgranes.com\/wp-content\/uploads\/2013\/01\/DSC_0718.jpg","contentUrl":"https:\/\/www.batxilleratgranes.com\/wp-content\/uploads\/2013\/01\/DSC_0718.jpg","width":1024,"height":678,"caption":"batxillerat barcelona"},{"@type":"BreadcrumbList","@id":"https:\/\/www.batxilleratgranes.com\/es\/nota-acceso-universidad\/#breadcrumb","itemListElement":[{"@type":"ListItem","position":1,"name":"Inici","item":"https:\/\/www.batxilleratgranes.com\/es\/"},{"@type":"ListItem","position":2,"name":"Nota de acceso a la Universidad"}]},{"@type":"WebSite","@id":"https:\/\/www.batxilleratgranes.com\/es\/#website","url":"https:\/\/www.batxilleratgranes.com\/es\/","name":"Gran\u00e9s Batxillerat - Escuela especializada en Bachillerato en Barcelona","description":"Escola especialitzada en Batxillerat a Barcelona","publisher":{"@id":"https:\/\/www.batxilleratgranes.com\/es\/#organization"},"potentialAction":[{"@type":"SearchAction","target":{"@type":"EntryPoint","urlTemplate":"https:\/\/www.batxilleratgranes.com\/es\/?s={search_term_string}"},"query-input":{"@type":"PropertyValueSpecification","valueRequired":true,"valueName":"search_term_string"}}],"inLanguage":"es"},{"@type":"Organization","@id":"https:\/\/www.batxilleratgranes.com\/es\/#organization","name":"Gran\u00e9s Batxillerat - Escuela especializada en Bachillerato en Barcelona","url":"https:\/\/www.batxilleratgranes.com\/es\/","logo":{"@type":"ImageObject","inLanguage":"es","@id":"https:\/\/www.batxilleratgranes.com\/es\/#\/schema\/logo\/image\/","url":"https:\/\/www.batxilleratgranes.com\/wp-content\/uploads\/2013\/01\/granes1.png","contentUrl":"https:\/\/www.batxilleratgranes.com\/wp-content\/uploads\/2013\/01\/granes1.png","width":292,"height":85,"caption":"Gran\u00e9s Batxillerat - Escuela especializada en Bachillerato en Barcelona"},"image":{"@id":"https:\/\/www.batxilleratgranes.com\/es\/#\/schema\/logo\/image\/"}}]}},"_links":{"self":[{"href":"https:\/\/www.batxilleratgranes.com\/es\/wp-json\/wp\/v2\/pages\/217"}],"collection":[{"href":"https:\/\/www.batxilleratgranes.com\/es\/wp-json\/wp\/v2\/pages"}],"about":[{"href":"https:\/\/www.batxilleratgranes.com\/es\/wp-json\/wp\/v2\/types\/page"}],"author":[{"embeddable":true,"href":"https:\/\/www.batxilleratgranes.com\/es\/wp-json\/wp\/v2\/users\/2"}],"replies":[{"embeddable":true,"href":"https:\/\/www.batxilleratgranes.com\/es\/wp-json\/wp\/v2\/comments?post=217"}],"version-history":[{"count":23,"href":"https:\/\/www.batxilleratgranes.com\/es\/wp-json\/wp\/v2\/pages\/217\/revisions"}],"predecessor-version":[{"id":42759,"href":"https:\/\/www.batxilleratgranes.com\/es\/wp-json\/wp\/v2\/pages\/217\/revisions\/42759"}],"wp:featuredmedia":[{"embeddable":true,"href":"https:\/\/www.batxilleratgranes.com\/es\/wp-json\/wp\/v2\/media\/861"}],"wp:attachment":[{"href":"https:\/\/www.batxilleratgranes.com\/es\/wp-json\/wp\/v2\/media?parent=217"}],"curies":[{"name":"wp","href":"https:\/\/api.w.org\/{rel}","templated":true}]}}