{"id":224,"date":"2013-02-04T15:28:19","date_gmt":"2013-02-04T15:28:19","guid":{"rendered":"http:\/\/www.bachilleratogranes.com\/?page_id=224"},"modified":"2021-10-11T12:21:41","modified_gmt":"2021-10-11T12:21:41","slug":"proximidad-y-motivacion","status":"publish","type":"page","link":"https:\/\/www.batxilleratgranes.com\/es\/proximidad-y-motivacion\/","title":{"rendered":"Proximidad y motivaci\u00f3n"},"content":{"rendered":"<div class=\"wpb-content-wrapper\"><p>[vc_section full_width=&#8221;stretch_row_content&#8221;][vc_row css=&#8221;.vc_custom_1631462278610{background-image: url(https:\/\/www.batxilleratgranes.com\/wp-content\/uploads\/2020\/10\/proximitat-motivacio\u0301-02-e1631462263593.jpg?id=26196) !important;}&#8221;][vc_column][vc_column_text][vc_custom_heading text=&#8221;Proximidad y motivaci\u00f3n&#8221; font_container=&#8221;tag:h1|font_size:60px|text_align:center&#8221; use_theme_fonts=&#8221;yes&#8221; el_class=&#8221;classElemntTitlesResponsive&#8221;][vc_empty_space height=&#8221;130px&#8221;][\/vc_column_text][\/vc_column][\/vc_row][\/vc_section][vc_section][vc_row css=&#8221;.vc_custom_1631462417015{margin-top: 30px !important;}&#8221;][vc_column][vc_column_text]<\/p>\n<p class=\"parrasize\" style=\"text-align: center;\"><span style=\"color: #000000; font-weight: 300;\">Todas las herramientas y el apoyo que ofrecemos a nuestros alumnos vienen marcados por la proximidad de todos los miembros de la escuela, desde la Direcci\u00f3n a la Secretar\u00eda y el equipo docente. Igualmente importante resulta el trabajo continuo para mantener la motivaci\u00f3n de nuestros alumnos, no s\u00f3lo para superar el bachillerato, sino para encarar las futuras etapas que le esperan.<\/span><\/p>\n<p>[\/vc_column_text][vc_row_inner css=&#8221;.vc_custom_1573554553718{padding-bottom: 5% !important;}&#8221;][vc_column_inner width=&#8221;1\/6&#8243;][\/vc_column_inner][vc_column_inner width=&#8221;2\/3&#8243;][vc_custom_heading text=&#8221;\u00bfC\u00f3mo trabajamos esta proximidad y motivaci\u00f3n?_&#8221; font_container=&#8221;tag:h2|font_size:40|text_align:center|color:%2300833d&#8221; use_theme_fonts=&#8221;yes&#8221; css=&#8221;.vc_custom_1633954145174{margin-bottom: 5% !important;}&#8221; el_class=&#8221;titlePAges&#8221;][vc_column_text]<span class=\"parrasize\" style=\"color: #000000;\"><span style=\"color: #00833d;\">_<\/span>Siendo una <strong>escuela acogedora<\/strong> donde todos los alumnos tienen nombre y apellidos.<\/span><\/p>\n<p><span class=\"parrasize\" style=\"color: #000000;\"><span style=\"color: #00833d;\">_<\/span>Especializ\u00e1ndonos en la etapa preuniversitaria, actualmente bachillerato. Todos <strong>los alumnos que empiezan 1\u00ba de bachillerato <\/strong>lo hacen<strong> juntos<\/strong>, sin etiquetas, ni ideas preconcebidas.<\/span><\/p>\n<p><span class=\"parrasize\" style=\"color: #000000;\"><span style=\"color: #00833d;\">_<\/span>Acerc\u00e1ndonos a las <strong> necesidades de cada uno de nuestros alumnos<\/strong>, considerandos sus necesidades personales, acad\u00e9micas y otras dificultades<strong>, <\/strong>si las tienen.<\/span><\/p>\n<p><span class=\"parrasize\" style=\"color: #000000;\"><span style=\"color: #00833d;\">_<\/span>Trabajando para encontrar la motivaci\u00f3n acad\u00e9mica y personal de cada alumno haciendo un <strong>seguimiento de cada uno de ellos.\u00a0<\/strong><\/span><\/p>\n<p><span class=\"parrasize\" style=\"color: #000000;\"><span style=\"color: #00833d;\">_<\/span> Con una plantilla de <strong>profesores cercanos <\/strong>a los que siempre se puede encontrar en el centro para realizar las consultas necesarias.<\/span><\/p>\n<p><span class=\"parrasize\" style=\"color: #000000;\"><span style=\"color: #00833d;\">_<\/span>Tratando el <strong> desarrollo de cada alumno de forma personalizada <\/strong>y ayud\u00e1ndoles a definir y entender su camino y superar etapas.<\/span>[\/vc_column_text][\/vc_column_inner][vc_column_inner width=&#8221;1\/6&#8243;][\/vc_column_inner][\/vc_row_inner][\/vc_column][\/vc_row][\/vc_section]<\/p>\n<\/div>","protected":false},"excerpt":{"rendered":"<p>[vc_section full_width=&#8221;stretch_row_content&#8221;][vc_row css=&#8221;.vc_custom_1631462278610{background-image: url(https:\/\/www.batxilleratgranes.com\/wp-content\/uploads\/2020\/10\/proximitat-motivacio\u0301-02-e1631462263593.jpg?id=26196) !important;}&#8221;][vc_column][vc_column_text][vc_custom_heading text=&#8221;Proximidad y motivaci\u00f3n&#8221; font_container=&#8221;tag:h1|font_size:60px|text_align:center&#8221; use_theme_fonts=&#8221;yes&#8221; el_class=&#8221;classElemntTitlesResponsive&#8221;][vc_empty_space height=&#8221;130px&#8221;][\/vc_column_text][\/vc_column][\/vc_row][\/vc_section][vc_section][vc_row css=&#8221;.vc_custom_1631462417015{margin-top: 30px !important;}&#8221;][vc_column][vc_column_text] Todas las herramientas y el apoyo que ofrecemos a nuestros alumnos vienen marcados por la proximidad de todos los miembros de la escuela, desde la Direcci\u00f3n a la Secretar\u00eda y el equipo docente. Igualmente importante resulta el trabajo continuo para&hellip;&nbsp;<a href=\"https:\/\/www.batxilleratgranes.com\/es\/proximidad-y-motivacion\/\" class=\"\" rel=\"bookmark\">Read More &raquo;<span class=\"screen-reader-text\">Proximidad y motivaci\u00f3n<\/span><\/a><\/p>\n","protected":false},"author":2,"featured_media":36842,"parent":0,"menu_order":0,"comment_status":"closed","ping_status":"closed","template":"","meta":{"neve_meta_sidebar":"","neve_meta_container":"","neve_meta_enable_content_width":"off","neve_meta_content_width":100,"neve_meta_title_alignment":"","neve_meta_author_avatar":"","neve_post_elements_order":"","neve_meta_disable_header":"","neve_meta_disable_footer":"","neve_meta_disable_title":"","footnotes":""},"class_list":["post-224","page","type-page","status-publish","has-post-thumbnail","hentry"],"yoast_head":"<!-- This site is optimized with the Yoast SEO plugin v23.4 - https:\/\/yoast.com\/wordpress\/plugins\/seo\/ -->\n<title>Proximitat i Motivaci\u00f3 - Com treballem | Gran\u00e9s Batxillerat<\/title>\n<meta name=\"description\" content=\"Gran\u00e9s Batxillerat, centre referent de Batxillerat a Barcelona, tenim personal docent molt proper a l&#039;alumne per prepara-lo per l&#039;acc\u00e9s a la universitat\" \/>\n<meta name=\"robots\" content=\"index, follow, max-snippet:-1, max-image-preview:large, max-video-preview:-1\" \/>\n<link rel=\"canonical\" href=\"https:\/\/www.batxilleratgranes.com\/es\/proximidad-y-motivacion\/\" \/>\n<meta property=\"og:locale\" content=\"es_ES\" \/>\n<meta property=\"og:type\" content=\"article\" \/>\n<meta property=\"og:title\" content=\"Proximitat i Motivaci\u00f3 - Com treballem | Gran\u00e9s Batxillerat\" \/>\n<meta property=\"og:description\" content=\"Gran\u00e9s Batxillerat, centre referent de Batxillerat a Barcelona, tenim personal docent molt proper a l&#039;alumne per prepara-lo per l&#039;acc\u00e9s a la universitat\" \/>\n<meta property=\"og:url\" content=\"https:\/\/www.batxilleratgranes.com\/es\/proximidad-y-motivacion\/\" \/>\n<meta property=\"og:site_name\" content=\"Gran\u00e9s Batxillerat - Escuela especializada en Bachillerato en Barcelona\" \/>\n<meta property=\"article:modified_time\" content=\"2021-10-11T12:21:41+00:00\" \/>\n<meta property=\"og:image\" content=\"https:\/\/www.batxilleratgranes.com\/wp-content\/uploads\/2013\/01\/DSC_0710-2-copia.jpg\" \/>\n\t<meta property=\"og:image:width\" content=\"1024\" \/>\n\t<meta property=\"og:image:height\" content=\"678\" \/>\n\t<meta property=\"og:image:type\" content=\"image\/jpeg\" \/>\n<meta name=\"twitter:card\" content=\"summary_large_image\" \/>\n<meta name=\"twitter:label1\" content=\"Est. reading time\" \/>\n\t<meta name=\"twitter:data1\" content=\"1 minute\" \/>\n<script type=\"application\/ld+json\" class=\"yoast-schema-graph\">{\"@context\":\"https:\/\/schema.org\",\"@graph\":[{\"@type\":\"WebPage\",\"@id\":\"https:\/\/www.batxilleratgranes.com\/es\/proximidad-y-motivacion\/\",\"url\":\"https:\/\/www.batxilleratgranes.com\/es\/proximidad-y-motivacion\/\",\"name\":\"Proximitat i Motivaci\u00f3 - Com treballem | Gran\u00e9s Batxillerat\",\"isPartOf\":{\"@id\":\"https:\/\/www.batxilleratgranes.com\/es\/#website\"},\"primaryImageOfPage\":{\"@id\":\"https:\/\/www.batxilleratgranes.com\/es\/proximidad-y-motivacion\/#primaryimage\"},\"image\":{\"@id\":\"https:\/\/www.batxilleratgranes.com\/es\/proximidad-y-motivacion\/#primaryimage\"},\"thumbnailUrl\":\"https:\/\/www.batxilleratgranes.com\/wp-content\/uploads\/2013\/01\/DSC_0710-2-copia.jpg\",\"datePublished\":\"2013-02-04T15:28:19+00:00\",\"dateModified\":\"2021-10-11T12:21:41+00:00\",\"description\":\"Gran\u00e9s Batxillerat, centre referent de Batxillerat a Barcelona, tenim personal docent molt proper a l'alumne per prepara-lo per l'acc\u00e9s a la universitat\",\"breadcrumb\":{\"@id\":\"https:\/\/www.batxilleratgranes.com\/es\/proximidad-y-motivacion\/#breadcrumb\"},\"inLanguage\":\"es\",\"potentialAction\":[{\"@type\":\"ReadAction\",\"target\":[\"https:\/\/www.batxilleratgranes.com\/es\/proximidad-y-motivacion\/\"]}]},{\"@type\":\"ImageObject\",\"inLanguage\":\"es\",\"@id\":\"https:\/\/www.batxilleratgranes.com\/es\/proximidad-y-motivacion\/#primaryimage\",\"url\":\"https:\/\/www.batxilleratgranes.com\/wp-content\/uploads\/2013\/01\/DSC_0710-2-copia.jpg\",\"contentUrl\":\"https:\/\/www.batxilleratgranes.com\/wp-content\/uploads\/2013\/01\/DSC_0710-2-copia.jpg\",\"width\":1024,\"height\":678},{\"@type\":\"BreadcrumbList\",\"@id\":\"https:\/\/www.batxilleratgranes.com\/es\/proximidad-y-motivacion\/#breadcrumb\",\"itemListElement\":[{\"@type\":\"ListItem\",\"position\":1,\"name\":\"Inici\",\"item\":\"https:\/\/www.batxilleratgranes.com\/es\/\"},{\"@type\":\"ListItem\",\"position\":2,\"name\":\"Proximidad y motivaci\u00f3n\"}]},{\"@type\":\"WebSite\",\"@id\":\"https:\/\/www.batxilleratgranes.com\/es\/#website\",\"url\":\"https:\/\/www.batxilleratgranes.com\/es\/\",\"name\":\"Gran\u00e9s Batxillerat - Escuela especializada en Bachillerato en Barcelona\",\"description\":\"Escola especialitzada en Batxillerat a Barcelona\",\"publisher\":{\"@id\":\"https:\/\/www.batxilleratgranes.com\/es\/#organization\"},\"potentialAction\":[{\"@type\":\"SearchAction\",\"target\":{\"@type\":\"EntryPoint\",\"urlTemplate\":\"https:\/\/www.batxilleratgranes.com\/es\/?s={search_term_string}\"},\"query-input\":{\"@type\":\"PropertyValueSpecification\",\"valueRequired\":true,\"valueName\":\"search_term_string\"}}],\"inLanguage\":\"es\"},{\"@type\":\"Organization\",\"@id\":\"https:\/\/www.batxilleratgranes.com\/es\/#organization\",\"name\":\"Gran\u00e9s Batxillerat - Escuela especializada en Bachillerato en Barcelona\",\"url\":\"https:\/\/www.batxilleratgranes.com\/es\/\",\"logo\":{\"@type\":\"ImageObject\",\"inLanguage\":\"es\",\"@id\":\"https:\/\/www.batxilleratgranes.com\/es\/#\/schema\/logo\/image\/\",\"url\":\"https:\/\/www.batxilleratgranes.com\/wp-content\/uploads\/2013\/01\/granes1.png\",\"contentUrl\":\"https:\/\/www.batxilleratgranes.com\/wp-content\/uploads\/2013\/01\/granes1.png\",\"width\":292,\"height\":85,\"caption\":\"Gran\u00e9s Batxillerat - Escuela especializada en Bachillerato en Barcelona\"},\"image\":{\"@id\":\"https:\/\/www.batxilleratgranes.com\/es\/#\/schema\/logo\/image\/\"}}]}<\/script>\n<!-- \/ Yoast SEO plugin. -->","yoast_head_json":{"title":"Proximitat i Motivaci\u00f3 - Com treballem | Gran\u00e9s Batxillerat","description":"Gran\u00e9s Batxillerat, centre referent de Batxillerat a Barcelona, tenim personal docent molt proper a l'alumne per prepara-lo per l'acc\u00e9s a la universitat","robots":{"index":"index","follow":"follow","max-snippet":"max-snippet:-1","max-image-preview":"max-image-preview:large","max-video-preview":"max-video-preview:-1"},"canonical":"https:\/\/www.batxilleratgranes.com\/es\/proximidad-y-motivacion\/","og_locale":"es_ES","og_type":"article","og_title":"Proximitat i Motivaci\u00f3 - Com treballem | Gran\u00e9s Batxillerat","og_description":"Gran\u00e9s Batxillerat, centre referent de Batxillerat a Barcelona, tenim personal docent molt proper a l'alumne per prepara-lo per l'acc\u00e9s a la universitat","og_url":"https:\/\/www.batxilleratgranes.com\/es\/proximidad-y-motivacion\/","og_site_name":"Gran\u00e9s Batxillerat - Escuela especializada en Bachillerato en Barcelona","article_modified_time":"2021-10-11T12:21:41+00:00","og_image":[{"width":1024,"height":678,"url":"https:\/\/www.batxilleratgranes.com\/wp-content\/uploads\/2013\/01\/DSC_0710-2-copia.jpg","type":"image\/jpeg"}],"twitter_card":"summary_large_image","twitter_misc":{"Est. reading time":"1 minute"},"schema":{"@context":"https:\/\/schema.org","@graph":[{"@type":"WebPage","@id":"https:\/\/www.batxilleratgranes.com\/es\/proximidad-y-motivacion\/","url":"https:\/\/www.batxilleratgranes.com\/es\/proximidad-y-motivacion\/","name":"Proximitat i Motivaci\u00f3 - Com treballem | Gran\u00e9s Batxillerat","isPartOf":{"@id":"https:\/\/www.batxilleratgranes.com\/es\/#website"},"primaryImageOfPage":{"@id":"https:\/\/www.batxilleratgranes.com\/es\/proximidad-y-motivacion\/#primaryimage"},"image":{"@id":"https:\/\/www.batxilleratgranes.com\/es\/proximidad-y-motivacion\/#primaryimage"},"thumbnailUrl":"https:\/\/www.batxilleratgranes.com\/wp-content\/uploads\/2013\/01\/DSC_0710-2-copia.jpg","datePublished":"2013-02-04T15:28:19+00:00","dateModified":"2021-10-11T12:21:41+00:00","description":"Gran\u00e9s Batxillerat, centre referent de Batxillerat a Barcelona, tenim personal docent molt proper a l'alumne per prepara-lo per l'acc\u00e9s a la universitat","breadcrumb":{"@id":"https:\/\/www.batxilleratgranes.com\/es\/proximidad-y-motivacion\/#breadcrumb"},"inLanguage":"es","potentialAction":[{"@type":"ReadAction","target":["https:\/\/www.batxilleratgranes.com\/es\/proximidad-y-motivacion\/"]}]},{"@type":"ImageObject","inLanguage":"es","@id":"https:\/\/www.batxilleratgranes.com\/es\/proximidad-y-motivacion\/#primaryimage","url":"https:\/\/www.batxilleratgranes.com\/wp-content\/uploads\/2013\/01\/DSC_0710-2-copia.jpg","contentUrl":"https:\/\/www.batxilleratgranes.com\/wp-content\/uploads\/2013\/01\/DSC_0710-2-copia.jpg","width":1024,"height":678},{"@type":"BreadcrumbList","@id":"https:\/\/www.batxilleratgranes.com\/es\/proximidad-y-motivacion\/#breadcrumb","itemListElement":[{"@type":"ListItem","position":1,"name":"Inici","item":"https:\/\/www.batxilleratgranes.com\/es\/"},{"@type":"ListItem","position":2,"name":"Proximidad y motivaci\u00f3n"}]},{"@type":"WebSite","@id":"https:\/\/www.batxilleratgranes.com\/es\/#website","url":"https:\/\/www.batxilleratgranes.com\/es\/","name":"Gran\u00e9s Batxillerat - Escuela especializada en Bachillerato en Barcelona","description":"Escola especialitzada en Batxillerat a Barcelona","publisher":{"@id":"https:\/\/www.batxilleratgranes.com\/es\/#organization"},"potentialAction":[{"@type":"SearchAction","target":{"@type":"EntryPoint","urlTemplate":"https:\/\/www.batxilleratgranes.com\/es\/?s={search_term_string}"},"query-input":{"@type":"PropertyValueSpecification","valueRequired":true,"valueName":"search_term_string"}}],"inLanguage":"es"},{"@type":"Organization","@id":"https:\/\/www.batxilleratgranes.com\/es\/#organization","name":"Gran\u00e9s Batxillerat - Escuela especializada en Bachillerato en Barcelona","url":"https:\/\/www.batxilleratgranes.com\/es\/","logo":{"@type":"ImageObject","inLanguage":"es","@id":"https:\/\/www.batxilleratgranes.com\/es\/#\/schema\/logo\/image\/","url":"https:\/\/www.batxilleratgranes.com\/wp-content\/uploads\/2013\/01\/granes1.png","contentUrl":"https:\/\/www.batxilleratgranes.com\/wp-content\/uploads\/2013\/01\/granes1.png","width":292,"height":85,"caption":"Gran\u00e9s Batxillerat - Escuela especializada en Bachillerato en Barcelona"},"image":{"@id":"https:\/\/www.batxilleratgranes.com\/es\/#\/schema\/logo\/image\/"}}]}},"_links":{"self":[{"href":"https:\/\/www.batxilleratgranes.com\/es\/wp-json\/wp\/v2\/pages\/224"}],"collection":[{"href":"https:\/\/www.batxilleratgranes.com\/es\/wp-json\/wp\/v2\/pages"}],"about":[{"href":"https:\/\/www.batxilleratgranes.com\/es\/wp-json\/wp\/v2\/types\/page"}],"author":[{"embeddable":true,"href":"https:\/\/www.batxilleratgranes.com\/es\/wp-json\/wp\/v2\/users\/2"}],"replies":[{"embeddable":true,"href":"https:\/\/www.batxilleratgranes.com\/es\/wp-json\/wp\/v2\/comments?post=224"}],"version-history":[{"count":21,"href":"https:\/\/www.batxilleratgranes.com\/es\/wp-json\/wp\/v2\/pages\/224\/revisions"}],"predecessor-version":[{"id":36848,"href":"https:\/\/www.batxilleratgranes.com\/es\/wp-json\/wp\/v2\/pages\/224\/revisions\/36848"}],"wp:featuredmedia":[{"embeddable":true,"href":"https:\/\/www.batxilleratgranes.com\/es\/wp-json\/wp\/v2\/media\/36842"}],"wp:attachment":[{"href":"https:\/\/www.batxilleratgranes.com\/es\/wp-json\/wp\/v2\/media?parent=224"}],"curies":[{"name":"wp","href":"https:\/\/api.w.org\/{rel}","templated":true}]}}