{"id":226,"date":"2013-02-04T15:29:05","date_gmt":"2013-02-04T15:29:05","guid":{"rendered":"http:\/\/www.bachilleratogranes.com\/?page_id=226"},"modified":"2022-11-30T14:14:35","modified_gmt":"2022-11-30T14:14:35","slug":"contacto","status":"publish","type":"page","link":"https:\/\/www.batxilleratgranes.com\/es\/contacto\/","title":{"rendered":"\u00bfNecesitas m\u00e1s informaci\u00f3n?"},"content":{"rendered":"<div class=\"wpb-content-wrapper\"><p>[vc_section][vc_row][vc_column][vc_column_text][vc_custom_heading text=&#8221;\u00bfNecesitas m\u00e1s informaci\u00f3n?&#8221; font_container=&#8221;tag:h1|font_size:60px|text_align:center&#8221; use_theme_fonts=&#8221;yes&#8221; el_class=&#8221;classElemntTitlesResponsive&#8221;][vc_empty_space height=&#8221;30px&#8221;][\/vc_column_text][\/vc_column][\/vc_row][\/vc_section][vc_section][vc_row][vc_column][vc_column_text][\/vc_column_text][\/vc_column][\/vc_row][\/vc_section][vc_section][vc_row][vc_column][vc_column_text]<\/p>\n<p style=\"text-align: center;\"><span style=\"color: #000000; font-weight: bold;\">Utiliza este formulario si quieres informaci\u00f3n adicional<\/span><br \/>\n<span style=\"color: #000000; font-weight: bold;\">de nuestro centro o para solicitar una visita y conocernos. \u00a1Te esperamos!<\/span>[\/vc_column_text][\/vc_column][\/vc_row][\/vc_section][vc_section css=&#8221;.vc_custom_1574873592965{padding-bottom: 8% !important;}&#8221;][vc_row][vc_column width=&#8221;1\/2&#8243;][vc_column_text]\n<div class=\"wpcf7 no-js\" id=\"wpcf7-f127-o1\" lang=\"en-US\" dir=\"ltr\">\n<div class=\"screen-reader-response\"><p role=\"status\" aria-live=\"polite\" aria-atomic=\"true\"><\/p> <ul><\/ul><\/div>\n<form action=\"\/es\/wp-json\/wp\/v2\/pages\/226#wpcf7-f127-o1\" method=\"post\" class=\"wpcf7-form init\" aria-label=\"Contact form\" novalidate=\"novalidate\" data-status=\"init\">\n<div style=\"display: none;\">\n<input type=\"hidden\" name=\"_wpcf7\" value=\"127\" \/>\n<input type=\"hidden\" name=\"_wpcf7_version\" value=\"5.9.8\" \/>\n<input type=\"hidden\" name=\"_wpcf7_locale\" value=\"en_US\" \/>\n<input type=\"hidden\" name=\"_wpcf7_unit_tag\" value=\"wpcf7-f127-o1\" \/>\n<input type=\"hidden\" name=\"_wpcf7_container_post\" value=\"0\" \/>\n<input type=\"hidden\" name=\"_wpcf7_posted_data_hash\" value=\"\" \/>\n<input type=\"hidden\" name=\"_wpcf7_recaptcha_response\" value=\"\" \/>\n<\/div>\n<div class=\"labels\">\n\t<p><a class=\"label1\">Nom*:<\/a><br \/>\n<span class=\"wpcf7-form-control-wrap\" data-name=\"your-name\"><input size=\"40\" maxlength=\"400\" class=\"wpcf7-form-control wpcf7-text wpcf7-validates-as-required\" aria-required=\"true\" aria-invalid=\"false\" value=\"\" type=\"text\" name=\"your-name\" \/><\/span>\n\t<\/p>\n<\/div>\n<div class=\"labels\">\n\t<p><a class=\"label2\">E-mail*:<\/a><br \/>\n<span class=\"wpcf7-form-control-wrap\" data-name=\"your-email\"><input size=\"40\" maxlength=\"400\" class=\"wpcf7-form-control wpcf7-email wpcf7-validates-as-required wpcf7-text wpcf7-validates-as-email\" aria-required=\"true\" aria-invalid=\"false\" value=\"\" type=\"email\" name=\"your-email\" \/><\/span>\n\t<\/p>\n<\/div>\n<div class=\"labels\">\n\t<p><a class=\"label3\">Tel\u00e8fon:<\/a><br \/>\n<span class=\"wpcf7-form-control-wrap\" data-name=\"your-telefon\"><input size=\"40\" maxlength=\"400\" class=\"wpcf7-form-control wpcf7-text\" aria-invalid=\"false\" value=\"\" type=\"text\" name=\"your-telefon\" \/><\/span>\n\t<\/p>\n<\/div>\n<div class=\"labels\">\n\t<p><a class=\"label3\">Quin itinerari de batxillerat t'interessa?<\/a><br \/>\n<span class=\"wpcf7-form-control-wrap\" data-name=\"menumodalitats\"><select class=\"wpcf7-form-control wpcf7-select\" aria-invalid=\"false\" name=\"menumodalitats\"><option value=\"Tecnol\u00f2gic\">Tecnol\u00f2gic<\/option><option value=\"Ci\u00e8ncies de la Salut\">Ci\u00e8ncies de la Salut<\/option><option value=\"Ci\u00e8ncies Socials\">Ci\u00e8ncies Socials<\/option><option value=\"Human\u00edstic\">Human\u00edstic<\/option><option value=\"Arts Esc\u00e8niques\">Arts Esc\u00e8niques<\/option><\/select><\/span>\n\t<\/p>\n<\/div>\n<p><a class=\"label4\">Missatge:<\/a><br \/>\n<span class=\"wpcf7-form-control-wrap\" data-name=\"your-message\"><textarea cols=\"40\" rows=\"10\" maxlength=\"2000\" class=\"wpcf7-form-control wpcf7-textarea\" aria-invalid=\"false\" name=\"your-message\"><\/textarea><\/span>\n<\/p>\n\n<p><input class=\"wpcf7-form-control wpcf7-submit has-spinner\" type=\"submit\" value=\"Enviar\" \/>\n<\/p><div class=\"wpcf7-response-output\" aria-hidden=\"true\"><\/div>\n<\/form>\n<\/div>\n[\/vc_column_text][\/vc_column][vc_column width=&#8221;1\/2&#8243;][vc_column_text]<\/p>\n<h3><span style=\"color: #000000; font-family: poppins; font-weight: bold;\">Datos de contacto<\/span><span style=\"color: #00833d;\">_<\/span><\/h3>\n<p>[\/vc_column_text][vc_column_text css=&#8221;.vc_custom_1632685241068{padding-bottom: 2% !important;}&#8221;]<span style=\"color: #000000; font-weight: 300;\">\u00a1En el coraz\u00f3n de Barcelona!<\/span>[\/vc_column_text][vc_column_text css=&#8221;.vc_custom_1574930277558{padding-left: 50px !important;}&#8221;]<\/p>\n<p style=\"font-weight: 300;\">Passatge de la concepci\u00f3 15<br \/>\nBarcelona 08008[\/vc_column_text][vc_column_text css=&#8221;.vc_custom_1669816559426{padding-left: 50px !important;}&#8221;]<\/p>\n<p style=\"font-weight: bold;\"><span style=\"color: #00833d;\">visita@granes.org<\/span><\/p>\n<p style=\"font-weight: 300;\"><span style=\"color: #000000;\">Para contactar con Secretar\u00eda:<\/span><\/p>\n<p style=\"font-weight: bold;\"><span style=\"color: #00833d;\">secretaria@granes.org<\/span><\/p>\n<p style=\"font-weight: 300;\"><span style=\"color: #000000;\">Para otras necesidades:<\/span><\/p>\n<p style=\"font-weight: bold;\"><span style=\"color: #00833d;\">granes@granes.org<\/span><\/p>\n<p><span style=\"color: #000000;\">Tel\u00e9fono de contacto:<\/span><\/p>\n<p><a href=\"tel:+34932155441\"><strong><span style=\"color: #00833d;\">93 215 54 41<\/span><\/strong><\/a>[\/vc_column_text][\/vc_column][\/vc_row][\/vc_section]<\/p>\n<\/div>","protected":false},"excerpt":{"rendered":"<p>[vc_section][vc_row][vc_column][vc_column_text][vc_custom_heading text=&#8221;\u00bfNecesitas m\u00e1s informaci\u00f3n?&#8221; font_container=&#8221;tag:h1|font_size:60px|text_align:center&#8221; use_theme_fonts=&#8221;yes&#8221; el_class=&#8221;classElemntTitlesResponsive&#8221;][vc_empty_space height=&#8221;30px&#8221;][\/vc_column_text][\/vc_column][\/vc_row][\/vc_section][vc_section][vc_row][vc_column][vc_column_text][\/vc_column_text][\/vc_column][\/vc_row][\/vc_section][vc_section][vc_row][vc_column][vc_column_text] Utiliza este formulario si quieres informaci\u00f3n adicional de nuestro centro o para solicitar una visita y conocernos. \u00a1Te esperamos![\/vc_column_text][\/vc_column][\/vc_row][\/vc_section][vc_section css=&#8221;.vc_custom_1574873592965{padding-bottom: 8% !important;}&#8221;][vc_row][vc_column width=&#8221;1\/2&#8243;][vc_column_text][\/vc_column_text][\/vc_column][vc_column width=&#8221;1\/2&#8243;][vc_column_text] Datos de contacto_ [\/vc_column_text][vc_column_text css=&#8221;.vc_custom_1632685241068{padding-bottom: 2% !important;}&#8221;]\u00a1En el coraz\u00f3n de Barcelona![\/vc_column_text][vc_column_text css=&#8221;.vc_custom_1574930277558{padding-left: 50px !important;}&#8221;] Passatge de la concepci\u00f3 15 Barcelona 08008[\/vc_column_text][vc_column_text css=&#8221;.vc_custom_1669816559426{padding-left: 50px&hellip;&nbsp;<a href=\"https:\/\/www.batxilleratgranes.com\/es\/contacto\/\" class=\"\" rel=\"bookmark\">Read More &raquo;<span class=\"screen-reader-text\">\u00bfNecesitas m\u00e1s informaci\u00f3n?<\/span><\/a><\/p>\n","protected":false},"author":1,"featured_media":0,"parent":0,"menu_order":0,"comment_status":"closed","ping_status":"closed","template":"","meta":{"neve_meta_sidebar":"","neve_meta_container":"","neve_meta_enable_content_width":"off","neve_meta_content_width":100,"neve_meta_title_alignment":"","neve_meta_author_avatar":"","neve_post_elements_order":"","neve_meta_disable_header":"","neve_meta_disable_footer":"","neve_meta_disable_title":"","footnotes":""},"class_list":["post-226","page","type-page","status-publish","hentry"],"yoast_head":"<!-- This site is optimized with the Yoast SEO plugin v23.4 - https:\/\/yoast.com\/wordpress\/plugins\/seo\/ -->\n<title>Necessites m\u00e9s informaci\u00f3? - Localitzaci\u00f3 | Gran\u00e9s Batxillerat<\/title>\n<meta name=\"description\" content=\"Utilitza aquest formulari si vols informaci\u00f3 addicional del nostre Centre Gran\u00e9s Batxillerat o per sol\u00b7licitar una visita i con\u00e8ixer-nos. T\u2019esperem!\" \/>\n<meta name=\"robots\" content=\"index, follow, max-snippet:-1, max-image-preview:large, max-video-preview:-1\" \/>\n<link rel=\"canonical\" href=\"https:\/\/www.batxilleratgranes.com\/es\/contacto\/\" \/>\n<meta property=\"og:locale\" content=\"es_ES\" \/>\n<meta property=\"og:type\" content=\"article\" \/>\n<meta property=\"og:title\" content=\"Necessites m\u00e9s informaci\u00f3? - Localitzaci\u00f3 | Gran\u00e9s Batxillerat\" \/>\n<meta property=\"og:description\" content=\"Utilitza aquest formulari si vols informaci\u00f3 addicional del nostre Centre Gran\u00e9s Batxillerat o per sol\u00b7licitar una visita i con\u00e8ixer-nos. T\u2019esperem!\" \/>\n<meta property=\"og:url\" content=\"https:\/\/www.batxilleratgranes.com\/es\/contacto\/\" \/>\n<meta property=\"og:site_name\" content=\"Gran\u00e9s Batxillerat - Escuela especializada en Bachillerato en Barcelona\" \/>\n<meta property=\"article:modified_time\" content=\"2022-11-30T14:14:35+00:00\" \/>\n<meta name=\"twitter:card\" content=\"summary_large_image\" \/>\n<meta name=\"twitter:label1\" content=\"Est. reading time\" \/>\n\t<meta name=\"twitter:data1\" content=\"1 minute\" \/>\n<script type=\"application\/ld+json\" class=\"yoast-schema-graph\">{\"@context\":\"https:\/\/schema.org\",\"@graph\":[{\"@type\":\"WebPage\",\"@id\":\"https:\/\/www.batxilleratgranes.com\/es\/contacto\/\",\"url\":\"https:\/\/www.batxilleratgranes.com\/es\/contacto\/\",\"name\":\"Necessites m\u00e9s informaci\u00f3? - Localitzaci\u00f3 | Gran\u00e9s Batxillerat\",\"isPartOf\":{\"@id\":\"https:\/\/www.batxilleratgranes.com\/es\/#website\"},\"datePublished\":\"2013-02-04T15:29:05+00:00\",\"dateModified\":\"2022-11-30T14:14:35+00:00\",\"description\":\"Utilitza aquest formulari si vols informaci\u00f3 addicional del nostre Centre Gran\u00e9s Batxillerat o per sol\u00b7licitar una visita i con\u00e8ixer-nos. T\u2019esperem!\",\"breadcrumb\":{\"@id\":\"https:\/\/www.batxilleratgranes.com\/es\/contacto\/#breadcrumb\"},\"inLanguage\":\"es\",\"potentialAction\":[{\"@type\":\"ReadAction\",\"target\":[\"https:\/\/www.batxilleratgranes.com\/es\/contacto\/\"]}]},{\"@type\":\"BreadcrumbList\",\"@id\":\"https:\/\/www.batxilleratgranes.com\/es\/contacto\/#breadcrumb\",\"itemListElement\":[{\"@type\":\"ListItem\",\"position\":1,\"name\":\"Inici\",\"item\":\"https:\/\/www.batxilleratgranes.com\/es\/\"},{\"@type\":\"ListItem\",\"position\":2,\"name\":\"\u00bfNecesitas m\u00e1s informaci\u00f3n?\"}]},{\"@type\":\"WebSite\",\"@id\":\"https:\/\/www.batxilleratgranes.com\/es\/#website\",\"url\":\"https:\/\/www.batxilleratgranes.com\/es\/\",\"name\":\"Gran\u00e9s Batxillerat - Escuela especializada en Bachillerato en Barcelona\",\"description\":\"Escola especialitzada en Batxillerat a Barcelona\",\"publisher\":{\"@id\":\"https:\/\/www.batxilleratgranes.com\/es\/#organization\"},\"potentialAction\":[{\"@type\":\"SearchAction\",\"target\":{\"@type\":\"EntryPoint\",\"urlTemplate\":\"https:\/\/www.batxilleratgranes.com\/es\/?s={search_term_string}\"},\"query-input\":{\"@type\":\"PropertyValueSpecification\",\"valueRequired\":true,\"valueName\":\"search_term_string\"}}],\"inLanguage\":\"es\"},{\"@type\":\"Organization\",\"@id\":\"https:\/\/www.batxilleratgranes.com\/es\/#organization\",\"name\":\"Gran\u00e9s Batxillerat - Escuela especializada en Bachillerato en Barcelona\",\"url\":\"https:\/\/www.batxilleratgranes.com\/es\/\",\"logo\":{\"@type\":\"ImageObject\",\"inLanguage\":\"es\",\"@id\":\"https:\/\/www.batxilleratgranes.com\/es\/#\/schema\/logo\/image\/\",\"url\":\"https:\/\/www.batxilleratgranes.com\/wp-content\/uploads\/2013\/01\/granes1.png\",\"contentUrl\":\"https:\/\/www.batxilleratgranes.com\/wp-content\/uploads\/2013\/01\/granes1.png\",\"width\":292,\"height\":85,\"caption\":\"Gran\u00e9s Batxillerat - Escuela especializada en Bachillerato en Barcelona\"},\"image\":{\"@id\":\"https:\/\/www.batxilleratgranes.com\/es\/#\/schema\/logo\/image\/\"}}]}<\/script>\n<!-- \/ Yoast SEO plugin. -->","yoast_head_json":{"title":"Necessites m\u00e9s informaci\u00f3? - Localitzaci\u00f3 | Gran\u00e9s Batxillerat","description":"Utilitza aquest formulari si vols informaci\u00f3 addicional del nostre Centre Gran\u00e9s Batxillerat o per sol\u00b7licitar una visita i con\u00e8ixer-nos. T\u2019esperem!","robots":{"index":"index","follow":"follow","max-snippet":"max-snippet:-1","max-image-preview":"max-image-preview:large","max-video-preview":"max-video-preview:-1"},"canonical":"https:\/\/www.batxilleratgranes.com\/es\/contacto\/","og_locale":"es_ES","og_type":"article","og_title":"Necessites m\u00e9s informaci\u00f3? - Localitzaci\u00f3 | Gran\u00e9s Batxillerat","og_description":"Utilitza aquest formulari si vols informaci\u00f3 addicional del nostre Centre Gran\u00e9s Batxillerat o per sol\u00b7licitar una visita i con\u00e8ixer-nos. T\u2019esperem!","og_url":"https:\/\/www.batxilleratgranes.com\/es\/contacto\/","og_site_name":"Gran\u00e9s Batxillerat - Escuela especializada en Bachillerato en Barcelona","article_modified_time":"2022-11-30T14:14:35+00:00","twitter_card":"summary_large_image","twitter_misc":{"Est. reading time":"1 minute"},"schema":{"@context":"https:\/\/schema.org","@graph":[{"@type":"WebPage","@id":"https:\/\/www.batxilleratgranes.com\/es\/contacto\/","url":"https:\/\/www.batxilleratgranes.com\/es\/contacto\/","name":"Necessites m\u00e9s informaci\u00f3? - Localitzaci\u00f3 | Gran\u00e9s Batxillerat","isPartOf":{"@id":"https:\/\/www.batxilleratgranes.com\/es\/#website"},"datePublished":"2013-02-04T15:29:05+00:00","dateModified":"2022-11-30T14:14:35+00:00","description":"Utilitza aquest formulari si vols informaci\u00f3 addicional del nostre Centre Gran\u00e9s Batxillerat o per sol\u00b7licitar una visita i con\u00e8ixer-nos. T\u2019esperem!","breadcrumb":{"@id":"https:\/\/www.batxilleratgranes.com\/es\/contacto\/#breadcrumb"},"inLanguage":"es","potentialAction":[{"@type":"ReadAction","target":["https:\/\/www.batxilleratgranes.com\/es\/contacto\/"]}]},{"@type":"BreadcrumbList","@id":"https:\/\/www.batxilleratgranes.com\/es\/contacto\/#breadcrumb","itemListElement":[{"@type":"ListItem","position":1,"name":"Inici","item":"https:\/\/www.batxilleratgranes.com\/es\/"},{"@type":"ListItem","position":2,"name":"\u00bfNecesitas m\u00e1s informaci\u00f3n?"}]},{"@type":"WebSite","@id":"https:\/\/www.batxilleratgranes.com\/es\/#website","url":"https:\/\/www.batxilleratgranes.com\/es\/","name":"Gran\u00e9s Batxillerat - Escuela especializada en Bachillerato en Barcelona","description":"Escola especialitzada en Batxillerat a Barcelona","publisher":{"@id":"https:\/\/www.batxilleratgranes.com\/es\/#organization"},"potentialAction":[{"@type":"SearchAction","target":{"@type":"EntryPoint","urlTemplate":"https:\/\/www.batxilleratgranes.com\/es\/?s={search_term_string}"},"query-input":{"@type":"PropertyValueSpecification","valueRequired":true,"valueName":"search_term_string"}}],"inLanguage":"es"},{"@type":"Organization","@id":"https:\/\/www.batxilleratgranes.com\/es\/#organization","name":"Gran\u00e9s Batxillerat - Escuela especializada en Bachillerato en Barcelona","url":"https:\/\/www.batxilleratgranes.com\/es\/","logo":{"@type":"ImageObject","inLanguage":"es","@id":"https:\/\/www.batxilleratgranes.com\/es\/#\/schema\/logo\/image\/","url":"https:\/\/www.batxilleratgranes.com\/wp-content\/uploads\/2013\/01\/granes1.png","contentUrl":"https:\/\/www.batxilleratgranes.com\/wp-content\/uploads\/2013\/01\/granes1.png","width":292,"height":85,"caption":"Gran\u00e9s Batxillerat - Escuela especializada en Bachillerato en Barcelona"},"image":{"@id":"https:\/\/www.batxilleratgranes.com\/es\/#\/schema\/logo\/image\/"}}]}},"_links":{"self":[{"href":"https:\/\/www.batxilleratgranes.com\/es\/wp-json\/wp\/v2\/pages\/226"}],"collection":[{"href":"https:\/\/www.batxilleratgranes.com\/es\/wp-json\/wp\/v2\/pages"}],"about":[{"href":"https:\/\/www.batxilleratgranes.com\/es\/wp-json\/wp\/v2\/types\/page"}],"author":[{"embeddable":true,"href":"https:\/\/www.batxilleratgranes.com\/es\/wp-json\/wp\/v2\/users\/1"}],"replies":[{"embeddable":true,"href":"https:\/\/www.batxilleratgranes.com\/es\/wp-json\/wp\/v2\/comments?post=226"}],"version-history":[{"count":29,"href":"https:\/\/www.batxilleratgranes.com\/es\/wp-json\/wp\/v2\/pages\/226\/revisions"}],"predecessor-version":[{"id":44929,"href":"https:\/\/www.batxilleratgranes.com\/es\/wp-json\/wp\/v2\/pages\/226\/revisions\/44929"}],"wp:attachment":[{"href":"https:\/\/www.batxilleratgranes.com\/es\/wp-json\/wp\/v2\/media?parent=226"}],"curies":[{"name":"wp","href":"https:\/\/api.w.org\/{rel}","templated":true}]}}