{"id":2809,"date":"2013-04-30T15:03:03","date_gmt":"2013-04-30T15:03:03","guid":{"rendered":"http:\/\/www.bachilleratogranes.com\/?page_id=2809"},"modified":"2016-02-18T11:08:52","modified_gmt":"2016-02-18T11:08:52","slug":"bachillerato-barcelona","status":"publish","type":"page","link":"https:\/\/www.batxilleratgranes.com\/es\/bachillerato-barcelona\/","title":{"rendered":"El mejor bachillerato para ti en Barcelona"},"content":{"rendered":"<p><b>\u00bfEst\u00e1s buscando el mejor lugar para estudiar bachillerato en Barcelona?<\/b><br \/>\n<b>\u00a1En Gran\u00e9s Batxillerat te ofrecemos la mejor propuesta!<\/b><\/p>\n<p><strong>3 MOTIVOS PARA ESTUDIAR CON NOSOTROS:<\/strong><\/p>\n<p>&nbsp;<\/p>\n<p>[list type=check]<b>1 &#8211; <\/b><strong>METODOLOG\u00cdA QUE FUNCIONA<\/strong><\/p>\n<ul>\n<li><a title=\"8 EVALUACIONES\" href=\"http:\/\/www.bachilleratogranes.com\/8evaluaciones\" target=\"_blank\">8 evaluaciones anuales<\/a><\/li>\n<li><a title=\"ORIENTACION PAU\" href=\"http:\/\/www.bachilleratogranes.com\/nota-acceso-universidad\" target=\"_blank\">Ex\u00e1menes orientados a las PAU<\/a><\/li>\n<li><a title=\"C\u00d3MO TRABAJAMOS\" href=\"http:\/\/www.bachilleratogranes.com\/como-trabajamos\" target=\"_blank\">Tutorias personalizadas<\/a><\/li>\n<\/ul>\n<p>[\/list]<br \/>\n[list type=check]<b>2 &#8211; A<\/b><strong>MPLIA OFERTA DE ITINERARIOS PARA QUE PUEDAS ESCOGER<\/strong><\/p>\n<ul>\n<li>8 <a title=\"ITINERARIS\" href=\"http:\/\/www.batxilleratgranes.com\/tria-itinerari\" target=\"_blank\">itinerarios<\/a>\u00a0en 1\u00ba<\/li>\n<li>20 itineraris en 2\u00ba<\/li>\n<\/ul>\n<p>[\/list]<\/p>\n<p>[list type=check]<b>3 &#8211; <\/b><strong>PROFESORES ESPECIALIZADOS EN FORMACI\u00d3N ACAD\u00c9MICA Y HUMANA<br \/>\n<\/strong><\/p>\n<ul>\n<li><a title=\"EQUIPO DOCENTE\" href=\"http:\/\/www.bachilleratogranes.com\/equipo-docente\" target=\"_blank\">Profesores <\/a>que te apoyan en cualquier momento!<\/li>\n<\/ul>\n<p>[\/list]<\/p>\n<p>[list type=check]<strong>ESTAMOS EN EL CORAZ\u00d3N DE BARCELONA<\/strong><br \/>\n<iframe loading=\"lazy\" src=\"https:\/\/maps.google.es\/maps?f=q&amp;source=s_q&amp;hl=es&amp;geocode=&amp;q=Gran%C3%A9s+Batxillerat,+Passatge+Concepci%C3%B3,+Barcelona&amp;aq=0&amp;oq=granes+batxi&amp;sll=41.39479,2.148768&amp;sspn=0.225356,0.528374&amp;t=h&amp;ie=UTF8&amp;hq=Gran%C3%A9s+Batxillerat,&amp;hnear=Passatge+Concepci%C3%B3,+08903+L'Hospitalet+de+Llobregat,+Barcelona&amp;ll=41.413767,2.16156&amp;spn=0.045058,0.072956&amp;z=13&amp;iwloc=A&amp;output=embed\" width=\"425\" height=\"350\" frameborder=\"0\" marginwidth=\"0\" marginheight=\"0\" scrolling=\"no\"><\/iframe><br \/>\n[\/list]<br \/>\nSi quieres m\u00e1s informaci\u00f3n, contacta con nosotros y \u00a1te ayudaremos a decidir!<\/p>\n","protected":false},"excerpt":{"rendered":"<p>\u00bfEst\u00e1s buscando el mejor lugar para estudiar bachillerato en Barcelona? \u00a1En Gran\u00e9s Batxillerat te ofrecemos la mejor propuesta! 3 MOTIVOS PARA ESTUDIAR CON NOSOTROS: &nbsp; [list type=check]1 &#8211; METODOLOG\u00cdA QUE FUNCIONA 8 evaluaciones anuales Ex\u00e1menes orientados a las PAU Tutorias personalizadas [\/list] [list type=check]2 &#8211; AMPLIA OFERTA DE ITINERARIOS PARA QUE PUEDAS ESCOGER 8 itinerarios\u00a0en&hellip;&nbsp;<a href=\"https:\/\/www.batxilleratgranes.com\/es\/bachillerato-barcelona\/\" class=\"\" rel=\"bookmark\">Read More &raquo;<span class=\"screen-reader-text\">El mejor bachillerato para ti en Barcelona<\/span><\/a><\/p>\n","protected":false},"author":2,"featured_media":2642,"parent":0,"menu_order":0,"comment_status":"open","ping_status":"open","template":"","meta":{"neve_meta_sidebar":"","neve_meta_container":"","neve_meta_enable_content_width":"","neve_meta_content_width":0,"neve_meta_title_alignment":"","neve_meta_author_avatar":"","neve_post_elements_order":"","neve_meta_disable_header":"","neve_meta_disable_footer":"","neve_meta_disable_title":"","footnotes":""},"class_list":["post-2809","page","type-page","status-publish","has-post-thumbnail","hentry"],"yoast_head":"<!-- This site is optimized with the Yoast SEO plugin v23.4 - https:\/\/yoast.com\/wordpress\/plugins\/seo\/ -->\n<title>Gran\u00e9s Bachillerato, en el centro de Barcelona | Gran\u00e9s Bachillerato<\/title>\n<meta name=\"description\" content=\"Est\u00e1s buscando el mejor lugar para estudiar Bachillerato en Barcelona? En Gran\u00e9s Bachillerato ofrecemos Itinerarios, 8 evaluaciones y el centro de Barcelona\" \/>\n<meta name=\"robots\" content=\"index, follow, max-snippet:-1, max-image-preview:large, max-video-preview:-1\" \/>\n<link rel=\"canonical\" href=\"https:\/\/www.batxilleratgranes.com\/es\/bachillerato-barcelona\/\" \/>\n<meta property=\"og:locale\" content=\"es_ES\" \/>\n<meta property=\"og:type\" content=\"article\" \/>\n<meta property=\"og:title\" content=\"Gran\u00e9s Bachillerato, en el centro de Barcelona | Gran\u00e9s Bachillerato\" \/>\n<meta property=\"og:description\" content=\"Est\u00e1s buscando el mejor lugar para estudiar Bachillerato en Barcelona? En Gran\u00e9s Bachillerato ofrecemos Itinerarios, 8 evaluaciones y el centro de Barcelona\" \/>\n<meta property=\"og:url\" content=\"https:\/\/www.batxilleratgranes.com\/es\/bachillerato-barcelona\/\" \/>\n<meta property=\"og:site_name\" content=\"Gran\u00e9s Batxillerat - Escuela especializada en Bachillerato en Barcelona\" \/>\n<meta property=\"article:modified_time\" content=\"2016-02-18T11:08:52+00:00\" \/>\n<meta property=\"og:image\" content=\"https:\/\/www.batxilleratgranes.com\/wp-content\/uploads\/2013\/04\/DSC_0637-1024x678.jpg\" \/>\n\t<meta property=\"og:image:width\" content=\"1024\" \/>\n\t<meta property=\"og:image:height\" content=\"678\" \/>\n\t<meta property=\"og:image:type\" content=\"image\/jpeg\" \/>\n<meta name=\"twitter:card\" content=\"summary_large_image\" \/>\n<meta name=\"twitter:label1\" content=\"Est. reading time\" \/>\n\t<meta name=\"twitter:data1\" content=\"1 minute\" \/>\n<script type=\"application\/ld+json\" class=\"yoast-schema-graph\">{\"@context\":\"https:\/\/schema.org\",\"@graph\":[{\"@type\":\"WebPage\",\"@id\":\"https:\/\/www.batxilleratgranes.com\/es\/bachillerato-barcelona\/\",\"url\":\"https:\/\/www.batxilleratgranes.com\/es\/bachillerato-barcelona\/\",\"name\":\"Gran\u00e9s Bachillerato, en el centro de Barcelona | Gran\u00e9s Bachillerato\",\"isPartOf\":{\"@id\":\"https:\/\/www.batxilleratgranes.com\/es\/#website\"},\"primaryImageOfPage\":{\"@id\":\"https:\/\/www.batxilleratgranes.com\/es\/bachillerato-barcelona\/#primaryimage\"},\"image\":{\"@id\":\"https:\/\/www.batxilleratgranes.com\/es\/bachillerato-barcelona\/#primaryimage\"},\"thumbnailUrl\":\"https:\/\/www.batxilleratgranes.com\/wp-content\/uploads\/2013\/04\/DSC_0637.jpg\",\"datePublished\":\"2013-04-30T15:03:03+00:00\",\"dateModified\":\"2016-02-18T11:08:52+00:00\",\"description\":\"Est\u00e1s buscando el mejor lugar para estudiar Bachillerato en Barcelona? En Gran\u00e9s Bachillerato ofrecemos Itinerarios, 8 evaluaciones y el centro de Barcelona\",\"breadcrumb\":{\"@id\":\"https:\/\/www.batxilleratgranes.com\/es\/bachillerato-barcelona\/#breadcrumb\"},\"inLanguage\":\"es\",\"potentialAction\":[{\"@type\":\"ReadAction\",\"target\":[\"https:\/\/www.batxilleratgranes.com\/es\/bachillerato-barcelona\/\"]}]},{\"@type\":\"ImageObject\",\"inLanguage\":\"es\",\"@id\":\"https:\/\/www.batxilleratgranes.com\/es\/bachillerato-barcelona\/#primaryimage\",\"url\":\"https:\/\/www.batxilleratgranes.com\/wp-content\/uploads\/2013\/04\/DSC_0637.jpg\",\"contentUrl\":\"https:\/\/www.batxilleratgranes.com\/wp-content\/uploads\/2013\/04\/DSC_0637.jpg\",\"width\":4928,\"height\":3264,\"caption\":\"bachillerato barcelona\"},{\"@type\":\"BreadcrumbList\",\"@id\":\"https:\/\/www.batxilleratgranes.com\/es\/bachillerato-barcelona\/#breadcrumb\",\"itemListElement\":[{\"@type\":\"ListItem\",\"position\":1,\"name\":\"Inici\",\"item\":\"https:\/\/www.batxilleratgranes.com\/es\/\"},{\"@type\":\"ListItem\",\"position\":2,\"name\":\"El mejor bachillerato para ti en Barcelona\"}]},{\"@type\":\"WebSite\",\"@id\":\"https:\/\/www.batxilleratgranes.com\/es\/#website\",\"url\":\"https:\/\/www.batxilleratgranes.com\/es\/\",\"name\":\"Gran\u00e9s Batxillerat - Escuela especializada en Bachillerato en Barcelona\",\"description\":\"Escola especialitzada en Batxillerat a Barcelona\",\"publisher\":{\"@id\":\"https:\/\/www.batxilleratgranes.com\/es\/#organization\"},\"potentialAction\":[{\"@type\":\"SearchAction\",\"target\":{\"@type\":\"EntryPoint\",\"urlTemplate\":\"https:\/\/www.batxilleratgranes.com\/es\/?s={search_term_string}\"},\"query-input\":{\"@type\":\"PropertyValueSpecification\",\"valueRequired\":true,\"valueName\":\"search_term_string\"}}],\"inLanguage\":\"es\"},{\"@type\":\"Organization\",\"@id\":\"https:\/\/www.batxilleratgranes.com\/es\/#organization\",\"name\":\"Gran\u00e9s Batxillerat - Escuela especializada en Bachillerato en Barcelona\",\"url\":\"https:\/\/www.batxilleratgranes.com\/es\/\",\"logo\":{\"@type\":\"ImageObject\",\"inLanguage\":\"es\",\"@id\":\"https:\/\/www.batxilleratgranes.com\/es\/#\/schema\/logo\/image\/\",\"url\":\"https:\/\/www.batxilleratgranes.com\/wp-content\/uploads\/2013\/01\/granes1.png\",\"contentUrl\":\"https:\/\/www.batxilleratgranes.com\/wp-content\/uploads\/2013\/01\/granes1.png\",\"width\":292,\"height\":85,\"caption\":\"Gran\u00e9s Batxillerat - Escuela especializada en Bachillerato en Barcelona\"},\"image\":{\"@id\":\"https:\/\/www.batxilleratgranes.com\/es\/#\/schema\/logo\/image\/\"}}]}<\/script>\n<!-- \/ Yoast SEO plugin. -->","yoast_head_json":{"title":"Gran\u00e9s Bachillerato, en el centro de Barcelona | Gran\u00e9s Bachillerato","description":"Est\u00e1s buscando el mejor lugar para estudiar Bachillerato en Barcelona? En Gran\u00e9s Bachillerato ofrecemos Itinerarios, 8 evaluaciones y el centro de Barcelona","robots":{"index":"index","follow":"follow","max-snippet":"max-snippet:-1","max-image-preview":"max-image-preview:large","max-video-preview":"max-video-preview:-1"},"canonical":"https:\/\/www.batxilleratgranes.com\/es\/bachillerato-barcelona\/","og_locale":"es_ES","og_type":"article","og_title":"Gran\u00e9s Bachillerato, en el centro de Barcelona | Gran\u00e9s Bachillerato","og_description":"Est\u00e1s buscando el mejor lugar para estudiar Bachillerato en Barcelona? En Gran\u00e9s Bachillerato ofrecemos Itinerarios, 8 evaluaciones y el centro de Barcelona","og_url":"https:\/\/www.batxilleratgranes.com\/es\/bachillerato-barcelona\/","og_site_name":"Gran\u00e9s Batxillerat - Escuela especializada en Bachillerato en Barcelona","article_modified_time":"2016-02-18T11:08:52+00:00","og_image":[{"width":1024,"height":678,"url":"https:\/\/www.batxilleratgranes.com\/wp-content\/uploads\/2013\/04\/DSC_0637-1024x678.jpg","type":"image\/jpeg"}],"twitter_card":"summary_large_image","twitter_misc":{"Est. reading time":"1 minute"},"schema":{"@context":"https:\/\/schema.org","@graph":[{"@type":"WebPage","@id":"https:\/\/www.batxilleratgranes.com\/es\/bachillerato-barcelona\/","url":"https:\/\/www.batxilleratgranes.com\/es\/bachillerato-barcelona\/","name":"Gran\u00e9s Bachillerato, en el centro de Barcelona | Gran\u00e9s Bachillerato","isPartOf":{"@id":"https:\/\/www.batxilleratgranes.com\/es\/#website"},"primaryImageOfPage":{"@id":"https:\/\/www.batxilleratgranes.com\/es\/bachillerato-barcelona\/#primaryimage"},"image":{"@id":"https:\/\/www.batxilleratgranes.com\/es\/bachillerato-barcelona\/#primaryimage"},"thumbnailUrl":"https:\/\/www.batxilleratgranes.com\/wp-content\/uploads\/2013\/04\/DSC_0637.jpg","datePublished":"2013-04-30T15:03:03+00:00","dateModified":"2016-02-18T11:08:52+00:00","description":"Est\u00e1s buscando el mejor lugar para estudiar Bachillerato en Barcelona? En Gran\u00e9s Bachillerato ofrecemos Itinerarios, 8 evaluaciones y el centro de Barcelona","breadcrumb":{"@id":"https:\/\/www.batxilleratgranes.com\/es\/bachillerato-barcelona\/#breadcrumb"},"inLanguage":"es","potentialAction":[{"@type":"ReadAction","target":["https:\/\/www.batxilleratgranes.com\/es\/bachillerato-barcelona\/"]}]},{"@type":"ImageObject","inLanguage":"es","@id":"https:\/\/www.batxilleratgranes.com\/es\/bachillerato-barcelona\/#primaryimage","url":"https:\/\/www.batxilleratgranes.com\/wp-content\/uploads\/2013\/04\/DSC_0637.jpg","contentUrl":"https:\/\/www.batxilleratgranes.com\/wp-content\/uploads\/2013\/04\/DSC_0637.jpg","width":4928,"height":3264,"caption":"bachillerato barcelona"},{"@type":"BreadcrumbList","@id":"https:\/\/www.batxilleratgranes.com\/es\/bachillerato-barcelona\/#breadcrumb","itemListElement":[{"@type":"ListItem","position":1,"name":"Inici","item":"https:\/\/www.batxilleratgranes.com\/es\/"},{"@type":"ListItem","position":2,"name":"El mejor bachillerato para ti en Barcelona"}]},{"@type":"WebSite","@id":"https:\/\/www.batxilleratgranes.com\/es\/#website","url":"https:\/\/www.batxilleratgranes.com\/es\/","name":"Gran\u00e9s Batxillerat - Escuela especializada en Bachillerato en Barcelona","description":"Escola especialitzada en Batxillerat a Barcelona","publisher":{"@id":"https:\/\/www.batxilleratgranes.com\/es\/#organization"},"potentialAction":[{"@type":"SearchAction","target":{"@type":"EntryPoint","urlTemplate":"https:\/\/www.batxilleratgranes.com\/es\/?s={search_term_string}"},"query-input":{"@type":"PropertyValueSpecification","valueRequired":true,"valueName":"search_term_string"}}],"inLanguage":"es"},{"@type":"Organization","@id":"https:\/\/www.batxilleratgranes.com\/es\/#organization","name":"Gran\u00e9s Batxillerat - Escuela especializada en Bachillerato en Barcelona","url":"https:\/\/www.batxilleratgranes.com\/es\/","logo":{"@type":"ImageObject","inLanguage":"es","@id":"https:\/\/www.batxilleratgranes.com\/es\/#\/schema\/logo\/image\/","url":"https:\/\/www.batxilleratgranes.com\/wp-content\/uploads\/2013\/01\/granes1.png","contentUrl":"https:\/\/www.batxilleratgranes.com\/wp-content\/uploads\/2013\/01\/granes1.png","width":292,"height":85,"caption":"Gran\u00e9s Batxillerat - Escuela especializada en Bachillerato en Barcelona"},"image":{"@id":"https:\/\/www.batxilleratgranes.com\/es\/#\/schema\/logo\/image\/"}}]}},"_links":{"self":[{"href":"https:\/\/www.batxilleratgranes.com\/es\/wp-json\/wp\/v2\/pages\/2809"}],"collection":[{"href":"https:\/\/www.batxilleratgranes.com\/es\/wp-json\/wp\/v2\/pages"}],"about":[{"href":"https:\/\/www.batxilleratgranes.com\/es\/wp-json\/wp\/v2\/types\/page"}],"author":[{"embeddable":true,"href":"https:\/\/www.batxilleratgranes.com\/es\/wp-json\/wp\/v2\/users\/2"}],"replies":[{"embeddable":true,"href":"https:\/\/www.batxilleratgranes.com\/es\/wp-json\/wp\/v2\/comments?post=2809"}],"version-history":[{"count":11,"href":"https:\/\/www.batxilleratgranes.com\/es\/wp-json\/wp\/v2\/pages\/2809\/revisions"}],"predecessor-version":[{"id":5531,"href":"https:\/\/www.batxilleratgranes.com\/es\/wp-json\/wp\/v2\/pages\/2809\/revisions\/5531"}],"wp:featuredmedia":[{"embeddable":true,"href":"https:\/\/www.batxilleratgranes.com\/es\/wp-json\/wp\/v2\/media\/2642"}],"wp:attachment":[{"href":"https:\/\/www.batxilleratgranes.com\/es\/wp-json\/wp\/v2\/media?parent=2809"}],"curies":[{"name":"wp","href":"https:\/\/api.w.org\/{rel}","templated":true}]}}