{"id":38,"date":"2013-01-29T14:44:54","date_gmt":"2013-01-29T14:44:54","guid":{"rendered":"http:\/\/www.bachilleratogranes.com\/?page_id=38"},"modified":"2021-12-13T13:28:36","modified_gmt":"2021-12-13T13:28:36","slug":"equipo-docente","status":"publish","type":"page","link":"https:\/\/www.batxilleratgranes.com\/es\/equipo-docente\/","title":{"rendered":"El nostre equip"},"content":{"rendered":"<div class=\"wpb-content-wrapper\"><p>[vc_section][vc_row][vc_column][vc_column_text][vc_custom_heading text=&#8221;Nuestro equipo&#8221; font_container=&#8221;tag:h1|font_size:60px|text_align:center&#8221; use_theme_fonts=&#8221;yes&#8221; el_class=&#8221;classElemntTitlesResponsive&#8221;][vc_empty_space height=&#8221;30px&#8221;][\/vc_column_text][\/vc_column][\/vc_row][\/vc_section][vc_section][vc_row][vc_column][vc_column_text]<span style=\"color: #000000; font-weight: 300;\">Nuestro equipo es uno de los pilares de la escuela y lo compone un amplio grupo de profesionales <strong><span style=\"color: #00833d;\">experto<\/span><\/strong> en formar alumnos preuniversitarios.<\/span><\/p>\n<p><span style=\"color: #000000; font-weight: 300;\">La implicaci\u00f3n de los profesores, los tutores y todo el personal de la escuela con el centro y sus alumnos, as\u00ed como su vocaci\u00f3n y <strong><span style=\"color: #00833d;\">especializaci\u00f3n<\/span><\/strong>, se traduce en un ejercicio ejemplar de la docencia. Su <\/span><strong><span style=\"color: #00833d;\">capacidad de comunicaci\u00f3n y empat\u00eda<\/span><\/strong><span style=\"color: #000000; font-weight: 300;\"> acompa\u00f1an y gu\u00edan al alumno en todo su trayecto, el bachillerato.<\/span><\/p>\n<p><span style=\"color: #000000; font-weight: 300;\">El <strong><span style=\"color: #00833d;\">equipo docente<\/span><\/strong> se organiza en <strong><span style=\"color: #00833d;\">\u00e1reas de conocimiento<\/span><\/strong>, seg\u00fan la formaci\u00f3n y experiencia de cada profesor, y se fomenta la interacci\u00f3n continua entre estas \u00e1reas para ofrecer una <strong><span style=\"color: #00833d;\">formaci\u00f3n integral al alumno<\/span><\/strong>. La comunicaci\u00f3n r\u00e1pida y directa entre los profesores, as\u00ed como con el resto de personal de Gran\u00e9s Batxillerat, favorece el seguimiento del alumno y permite tomar decisiones y ejecutar planes <\/span><span style=\"color: #000000; font-weight: 300;\">de acci\u00f3n de forma \u00e1gil y concisa para garantizar una din\u00e1mica positiva en la evoluci\u00f3n de cada uno de ellos.<\/span>[\/vc_column_text][\/vc_column][\/vc_row][\/vc_section][vc_section][vc_row][vc_column css=&#8221;.vc_custom_1579859411920{margin-top: 50px !important;margin-bottom: 50px !important;}&#8221;][vc_single_image image=&#8221;38043&#8243; img_size=&#8221;full&#8221; alignment=&#8221;center&#8221;][\/vc_column][\/vc_row][\/vc_section]<\/p>\n<\/div>","protected":false},"excerpt":{"rendered":"<p>[vc_section][vc_row][vc_column][vc_column_text][vc_custom_heading text=&#8221;Nuestro equipo&#8221; font_container=&#8221;tag:h1|font_size:60px|text_align:center&#8221; use_theme_fonts=&#8221;yes&#8221; el_class=&#8221;classElemntTitlesResponsive&#8221;][vc_empty_space height=&#8221;30px&#8221;][\/vc_column_text][\/vc_column][\/vc_row][\/vc_section][vc_section][vc_row][vc_column][vc_column_text]Nuestro equipo es uno de los pilares de la escuela y lo compone un amplio grupo de profesionales experto en formar alumnos preuniversitarios. La implicaci\u00f3n de los profesores, los tutores y todo el personal de la escuela con el centro y sus alumnos, as\u00ed como su vocaci\u00f3n y especializaci\u00f3n,&hellip;&nbsp;<a href=\"https:\/\/www.batxilleratgranes.com\/es\/equipo-docente\/\" class=\"\" rel=\"bookmark\">Read More &raquo;<span class=\"screen-reader-text\">El nostre equip<\/span><\/a><\/p>\n","protected":false},"author":1,"featured_media":0,"parent":0,"menu_order":0,"comment_status":"closed","ping_status":"closed","template":"","meta":{"neve_meta_sidebar":"","neve_meta_container":"","neve_meta_enable_content_width":"off","neve_meta_content_width":100,"neve_meta_title_alignment":"","neve_meta_author_avatar":"","neve_post_elements_order":"","neve_meta_disable_header":"","neve_meta_disable_footer":"","neve_meta_disable_title":"","footnotes":""},"class_list":["post-38","page","type-page","status-publish","hentry"],"yoast_head":"<!-- This site is optimized with the Yoast SEO plugin v23.4 - https:\/\/yoast.com\/wordpress\/plugins\/seo\/ -->\n<title>Equip Docent - El Centre | Gran\u00e9s Batxillerat<\/title>\n<meta name=\"description\" content=\"Un dels pilars de l&#039;escola s\u00f3n els professionals especialitzats en cada mat\u00e8ria que mostren la empatia necess\u00e0ria per formar als alumnes preuniversitaris.\" \/>\n<meta name=\"robots\" content=\"index, follow, max-snippet:-1, max-image-preview:large, max-video-preview:-1\" \/>\n<link rel=\"canonical\" href=\"https:\/\/www.batxilleratgranes.com\/es\/equipo-docente\/\" \/>\n<meta property=\"og:locale\" content=\"es_ES\" \/>\n<meta property=\"og:type\" content=\"article\" \/>\n<meta property=\"og:title\" content=\"Equip Docent - El Centre | Gran\u00e9s Batxillerat\" \/>\n<meta property=\"og:description\" content=\"Un dels pilars de l&#039;escola s\u00f3n els professionals especialitzats en cada mat\u00e8ria que mostren la empatia necess\u00e0ria per formar als alumnes preuniversitaris.\" \/>\n<meta property=\"og:url\" content=\"https:\/\/www.batxilleratgranes.com\/es\/equipo-docente\/\" \/>\n<meta property=\"og:site_name\" content=\"Gran\u00e9s Batxillerat - Escuela especializada en Bachillerato en Barcelona\" \/>\n<meta property=\"article:modified_time\" content=\"2021-12-13T13:28:36+00:00\" \/>\n<meta name=\"twitter:card\" content=\"summary_large_image\" \/>\n<meta name=\"twitter:label1\" content=\"Est. reading time\" \/>\n\t<meta name=\"twitter:data1\" content=\"1 minute\" \/>\n<script type=\"application\/ld+json\" class=\"yoast-schema-graph\">{\"@context\":\"https:\/\/schema.org\",\"@graph\":[{\"@type\":\"WebPage\",\"@id\":\"https:\/\/www.batxilleratgranes.com\/es\/equipo-docente\/\",\"url\":\"https:\/\/www.batxilleratgranes.com\/es\/equipo-docente\/\",\"name\":\"Equip Docent - El Centre | Gran\u00e9s Batxillerat\",\"isPartOf\":{\"@id\":\"https:\/\/www.batxilleratgranes.com\/es\/#website\"},\"datePublished\":\"2013-01-29T14:44:54+00:00\",\"dateModified\":\"2021-12-13T13:28:36+00:00\",\"description\":\"Un dels pilars de l'escola s\u00f3n els professionals especialitzats en cada mat\u00e8ria que mostren la empatia necess\u00e0ria per formar als alumnes preuniversitaris.\",\"breadcrumb\":{\"@id\":\"https:\/\/www.batxilleratgranes.com\/es\/equipo-docente\/#breadcrumb\"},\"inLanguage\":\"es\",\"potentialAction\":[{\"@type\":\"ReadAction\",\"target\":[\"https:\/\/www.batxilleratgranes.com\/es\/equipo-docente\/\"]}]},{\"@type\":\"BreadcrumbList\",\"@id\":\"https:\/\/www.batxilleratgranes.com\/es\/equipo-docente\/#breadcrumb\",\"itemListElement\":[{\"@type\":\"ListItem\",\"position\":1,\"name\":\"Inici\",\"item\":\"https:\/\/www.batxilleratgranes.com\/es\/\"},{\"@type\":\"ListItem\",\"position\":2,\"name\":\"El nostre equip\"}]},{\"@type\":\"WebSite\",\"@id\":\"https:\/\/www.batxilleratgranes.com\/es\/#website\",\"url\":\"https:\/\/www.batxilleratgranes.com\/es\/\",\"name\":\"Gran\u00e9s Batxillerat - Escuela especializada en Bachillerato en Barcelona\",\"description\":\"Escola especialitzada en Batxillerat a Barcelona\",\"publisher\":{\"@id\":\"https:\/\/www.batxilleratgranes.com\/es\/#organization\"},\"potentialAction\":[{\"@type\":\"SearchAction\",\"target\":{\"@type\":\"EntryPoint\",\"urlTemplate\":\"https:\/\/www.batxilleratgranes.com\/es\/?s={search_term_string}\"},\"query-input\":{\"@type\":\"PropertyValueSpecification\",\"valueRequired\":true,\"valueName\":\"search_term_string\"}}],\"inLanguage\":\"es\"},{\"@type\":\"Organization\",\"@id\":\"https:\/\/www.batxilleratgranes.com\/es\/#organization\",\"name\":\"Gran\u00e9s Batxillerat - Escuela especializada en Bachillerato en Barcelona\",\"url\":\"https:\/\/www.batxilleratgranes.com\/es\/\",\"logo\":{\"@type\":\"ImageObject\",\"inLanguage\":\"es\",\"@id\":\"https:\/\/www.batxilleratgranes.com\/es\/#\/schema\/logo\/image\/\",\"url\":\"https:\/\/www.batxilleratgranes.com\/wp-content\/uploads\/2013\/01\/granes1.png\",\"contentUrl\":\"https:\/\/www.batxilleratgranes.com\/wp-content\/uploads\/2013\/01\/granes1.png\",\"width\":292,\"height\":85,\"caption\":\"Gran\u00e9s Batxillerat - Escuela especializada en Bachillerato en Barcelona\"},\"image\":{\"@id\":\"https:\/\/www.batxilleratgranes.com\/es\/#\/schema\/logo\/image\/\"}}]}<\/script>\n<!-- \/ Yoast SEO plugin. -->","yoast_head_json":{"title":"Equip Docent - El Centre | Gran\u00e9s Batxillerat","description":"Un dels pilars de l'escola s\u00f3n els professionals especialitzats en cada mat\u00e8ria que mostren la empatia necess\u00e0ria per formar als alumnes preuniversitaris.","robots":{"index":"index","follow":"follow","max-snippet":"max-snippet:-1","max-image-preview":"max-image-preview:large","max-video-preview":"max-video-preview:-1"},"canonical":"https:\/\/www.batxilleratgranes.com\/es\/equipo-docente\/","og_locale":"es_ES","og_type":"article","og_title":"Equip Docent - El Centre | Gran\u00e9s Batxillerat","og_description":"Un dels pilars de l'escola s\u00f3n els professionals especialitzats en cada mat\u00e8ria que mostren la empatia necess\u00e0ria per formar als alumnes preuniversitaris.","og_url":"https:\/\/www.batxilleratgranes.com\/es\/equipo-docente\/","og_site_name":"Gran\u00e9s Batxillerat - Escuela especializada en Bachillerato en Barcelona","article_modified_time":"2021-12-13T13:28:36+00:00","twitter_card":"summary_large_image","twitter_misc":{"Est. reading time":"1 minute"},"schema":{"@context":"https:\/\/schema.org","@graph":[{"@type":"WebPage","@id":"https:\/\/www.batxilleratgranes.com\/es\/equipo-docente\/","url":"https:\/\/www.batxilleratgranes.com\/es\/equipo-docente\/","name":"Equip Docent - El Centre | Gran\u00e9s Batxillerat","isPartOf":{"@id":"https:\/\/www.batxilleratgranes.com\/es\/#website"},"datePublished":"2013-01-29T14:44:54+00:00","dateModified":"2021-12-13T13:28:36+00:00","description":"Un dels pilars de l'escola s\u00f3n els professionals especialitzats en cada mat\u00e8ria que mostren la empatia necess\u00e0ria per formar als alumnes preuniversitaris.","breadcrumb":{"@id":"https:\/\/www.batxilleratgranes.com\/es\/equipo-docente\/#breadcrumb"},"inLanguage":"es","potentialAction":[{"@type":"ReadAction","target":["https:\/\/www.batxilleratgranes.com\/es\/equipo-docente\/"]}]},{"@type":"BreadcrumbList","@id":"https:\/\/www.batxilleratgranes.com\/es\/equipo-docente\/#breadcrumb","itemListElement":[{"@type":"ListItem","position":1,"name":"Inici","item":"https:\/\/www.batxilleratgranes.com\/es\/"},{"@type":"ListItem","position":2,"name":"El nostre equip"}]},{"@type":"WebSite","@id":"https:\/\/www.batxilleratgranes.com\/es\/#website","url":"https:\/\/www.batxilleratgranes.com\/es\/","name":"Gran\u00e9s Batxillerat - Escuela especializada en Bachillerato en Barcelona","description":"Escola especialitzada en Batxillerat a Barcelona","publisher":{"@id":"https:\/\/www.batxilleratgranes.com\/es\/#organization"},"potentialAction":[{"@type":"SearchAction","target":{"@type":"EntryPoint","urlTemplate":"https:\/\/www.batxilleratgranes.com\/es\/?s={search_term_string}"},"query-input":{"@type":"PropertyValueSpecification","valueRequired":true,"valueName":"search_term_string"}}],"inLanguage":"es"},{"@type":"Organization","@id":"https:\/\/www.batxilleratgranes.com\/es\/#organization","name":"Gran\u00e9s Batxillerat - Escuela especializada en Bachillerato en Barcelona","url":"https:\/\/www.batxilleratgranes.com\/es\/","logo":{"@type":"ImageObject","inLanguage":"es","@id":"https:\/\/www.batxilleratgranes.com\/es\/#\/schema\/logo\/image\/","url":"https:\/\/www.batxilleratgranes.com\/wp-content\/uploads\/2013\/01\/granes1.png","contentUrl":"https:\/\/www.batxilleratgranes.com\/wp-content\/uploads\/2013\/01\/granes1.png","width":292,"height":85,"caption":"Gran\u00e9s Batxillerat - Escuela especializada en Bachillerato en Barcelona"},"image":{"@id":"https:\/\/www.batxilleratgranes.com\/es\/#\/schema\/logo\/image\/"}}]}},"_links":{"self":[{"href":"https:\/\/www.batxilleratgranes.com\/es\/wp-json\/wp\/v2\/pages\/38"}],"collection":[{"href":"https:\/\/www.batxilleratgranes.com\/es\/wp-json\/wp\/v2\/pages"}],"about":[{"href":"https:\/\/www.batxilleratgranes.com\/es\/wp-json\/wp\/v2\/types\/page"}],"author":[{"embeddable":true,"href":"https:\/\/www.batxilleratgranes.com\/es\/wp-json\/wp\/v2\/users\/1"}],"replies":[{"embeddable":true,"href":"https:\/\/www.batxilleratgranes.com\/es\/wp-json\/wp\/v2\/comments?post=38"}],"version-history":[{"count":36,"href":"https:\/\/www.batxilleratgranes.com\/es\/wp-json\/wp\/v2\/pages\/38\/revisions"}],"predecessor-version":[{"id":38045,"href":"https:\/\/www.batxilleratgranes.com\/es\/wp-json\/wp\/v2\/pages\/38\/revisions\/38045"}],"wp:attachment":[{"href":"https:\/\/www.batxilleratgranes.com\/es\/wp-json\/wp\/v2\/media?parent=38"}],"curies":[{"name":"wp","href":"https:\/\/api.w.org\/{rel}","templated":true}]}}