{"id":4025,"date":"2015-03-05T09:50:29","date_gmt":"2015-03-05T09:50:29","guid":{"rendered":"http:\/\/www.bachilleratogranes.com\/?page_id=4025"},"modified":"2021-11-04T09:31:07","modified_gmt":"2021-11-04T09:31:07","slug":"bachilleratos-granes","status":"publish","type":"page","link":"https:\/\/www.batxilleratgranes.com\/es\/bachilleratos-granes\/","title":{"rendered":"Bachilleratos Gran\u00e9s, \u00a1desc\u00fabrelos!"},"content":{"rendered":"<div class=\"wpb-content-wrapper\"><p>[vc_row][vc_column][vc_column_text]<\/p>\n<div class=\"moduls_batxillerat\">\n<div class=\"introduccio_batxillerats\">Porque t\u00fa vas dando forma a tu camino profesional, en Gran\u00e9s Batxillerat podr\u00e1s elegir la modalidad de bachillerato que m\u00e1s encaja con tus preferencias, incluida la del bachillerato en Artes Esc\u00e9nicas, m\u00fasica y danza. <span style=\"font-weight: 600;\"> \u00a1Elige tu bachillerato!<\/span><\/div>\n<div class=\"buttons-intro\"><a class=\"buton_batx_top\" href=\"#tecnologic\"><i class=\"fa fa-cogs\" style=\"color: #9b297b; margin-right: 7px;\" aria-hidden=\"true\"><\/i> Itinerario en Nuevas Tecnolog\u00edas Interactivas<\/a><a class=\"buton_batx_top\" href=\"#ciencies\"><i class=\"fa fa-leaf\" style=\"color: #00a29d; margin-right: 7px;\" aria-hidden=\"true\"><\/i> Itinerario en Ciencias de la Salud<\/a><a class=\"buton_batx_top\" href=\"#social\"><i class=\"fa fa-bar-chart\" style=\"color: #6b50a1; margin-right: 7px;\" aria-hidden=\"true\"><\/i> Itinerario en Empresa y Marketing<\/a><a class=\"buton_batx_top\" href=\"#humanitats\"><i class=\"fa fa-quote-right\" style=\"color: #dfe21a; margin-right: 7px;\" aria-hidden=\"true\"><\/i> Itinerario en Comunicaci\u00f3n y Periodismo<\/a><a class=\"buton_batx_top\" href=\"#escenic\"><i class=\"fa fa-ticket\" style=\"color: #ed610a; margin-right: 7px;\" aria-hidden=\"true\"><\/i> Itinerario en Artes Esc\u00e9nicas<\/a><\/div>\n<div id=\"tecnologic\" class=\"bloque_batxillerat a\">\n<div class=\"title-batx\"><\/div>\n<div id=\"text_batx\"><\/div>\n<\/div>\n<\/div>\n<p>[\/vc_column_text][\/vc_column][\/vc_row][vc_row][vc_column][vc_column_text]<\/p>\n<div class=\"moduls_batxillerat\">\n<div class=\"title-batx\"><strong>Itinerario en Nuevas Tecnolog\u00edas Interactivas<\/strong><\/div>\n<div><\/div>\n<div id=\"tecnologic\" class=\"bloque_batxillerat a\">\n<div id=\"text_batx\">\u00bfEres una persona creativa y apasionada de las tecnolog\u00edas? \u00bfTe interesa comprender el funcionamiento de los equipamientos tecnol\u00f3gicos? Si tienes debilidad por la experimentaci\u00f3n y el razonamiento l\u00f3gico, \u00a1Este es tu bachillerato!<\/div>\n<\/div>\n<div id=\"ciencies\" class=\"bloque_batxillerat a\"><\/div>\n<\/div>\n<div class=\"barra_batxillerats\">\n<div class=\"formulari_contacte\"><\/div>\n<\/div>\n<p>[\/vc_column_text][vc_btn title=&#8221;Innova&#8221; color=&#8221;purple&#8221; link=&#8221;url:https%3A%2F%2Fwww.batxilleratgranes.com%2Fes%2Fbachillerato-tecnologia%2F&#8221;][\/vc_column][\/vc_row][vc_row][vc_column][vc_column_text]<\/p>\n<div class=\"moduls_batxillerat\">\n<div id=\"tecnologic\" class=\"bloque_batxillerat a\">\n<div class=\"espacio_boton\">\n<p><strong>Itinerario en Ciencias de la Salud<\/strong><\/p>\n<\/div>\n<\/div>\n<div id=\"ciencies\" class=\"bloque_batxillerat a\">\n<div id=\"text_batx\">\u00bfQuieres conocer la realidad y el m\u00e9todo de trabajo e investigaci\u00f3n cient\u00edfico aplicado a las Ciencias de la Salud? Te interesa profundizar en el funcionamiento de la biolog\u00eda y quieres comprender mejor el mundo de la salud? \u00a1Estudia con nosotros este bachillerato!<\/div>\n<\/div>\n<\/div>\n<p>[\/vc_column_text][vc_btn title=&#8221;Investiga&#8221; color=&#8221;vista-blue&#8221; link=&#8221;url:https%3A%2F%2Fwww.batxilleratgranes.com%2Fes%2Fbachillerato-en-ciencias-de-la-salud%2F&#8221;][\/vc_column][\/vc_row][vc_row][vc_column][vc_column_text]<\/p>\n<div class=\"moduls_batxillerat\">\n<div id=\"tecnologic\" class=\"bloque_batxillerat a\">\n<div class=\"espacio_boton\">\n<p><strong>Itinerario en Empresa y Marketing<\/strong><\/p>\n<\/div>\n<\/div>\n<div id=\"ciencies\" class=\"bloque_batxillerat a\">\n<div id=\"text_batx\">\u00bfEres una persona capaz de generar ideas y soluciones innovadoras en un contexto en constante cambio? \u00bfTe interesa la realidad econ\u00f3mica y empresarial del mundo que te rodea? \u00bfQuieres conocer su dimensi\u00f3n social y pol\u00edtica? \u00a1Ven y estudia con nosotros este bachillerato!<\/div>\n<\/div>\n<\/div>\n<p>[\/vc_column_text][vc_btn title=&#8221;Emprende&#8221; link=&#8221;url:https%3A%2F%2Fwww.batxilleratgranes.com%2Fes%2Fbachillerato-en-ciencias-de-la-salud%2F&#8221;][\/vc_column][\/vc_row][vc_row][vc_column][vc_column_text]<\/p>\n<div class=\"moduls_batxillerat\">\n<div id=\"tecnologic\" class=\"bloque_batxillerat a\">\n<div class=\"espacio_boton\">\n<p><strong>Itinerario en Comunicaci\u00f3n y Periodismo<\/strong><\/p>\n<\/div>\n<\/div>\n<div id=\"ciencies\" class=\"bloque_batxillerat a\">\n<div id=\"text_batx\">\u00bfEres una persona cr\u00edtica y con capacidad para reflexionar sobre la realidad actual? \u00bfTe interesan los conocimientos del mundo contempor\u00e1neo y su evoluci\u00f3n hist\u00f3rica? Si tienes capacidad para explicar y transmitir ideas, \u00a1este es tu bachillerato!<\/div>\n<\/div>\n<\/div>\n<p>[\/vc_column_text][vc_btn title=&#8221;Comunica&#8221; color=&#8221;blue&#8221; link=&#8221;url:https%3A%2F%2Fwww.batxilleratgranes.com%2Fes%2Fbachillerato-en-ciencias-de-la-salud%2F&#8221;][\/vc_column][\/vc_row][vc_row][vc_column][vc_column_text]<\/p>\n<div class=\"moduls_batxillerat\">\n<div id=\"tecnologic\" class=\"bloque_batxillerat a\">\n<div class=\"espacio_boton\">\n<p><strong>Itinerario en Artes Esc\u00e9nicas<\/strong><\/p>\n<\/div>\n<\/div>\n<div id=\"ciencies\" class=\"bloque_batxillerat a\">\n<div id=\"text_batx\">Potencia tus competencias expresivas y encamina tu futuro hacia el mundo de les artes esc\u00e9nicas.<\/div>\n<\/div>\n<\/div>\n<p>[\/vc_column_text][vc_btn title=&#8221;Expresa&#8221; color=&#8221;warning&#8221; link=&#8221;url:https%3A%2F%2Fwww.batxilleratgranes.com%2Fes%2Fbachillerato-en-ciencias-de-la-salud%2F&#8221;][\/vc_column][\/vc_row][vc_row][vc_column][vc_column_text]<\/p>\n<div class=\"moduls_batxillerat\">\n<div id=\"escenic\" class=\"bloque_batxillerat a\">\n<div class=\"espacio_boton\">\n<h3><strong>Solicita informaci\u00f3n<\/strong><\/h3>\n<\/div>\n<\/div>\n<\/div>\n<div class=\"barra_batxillerats\">\n<div class=\"formulari_contacte\" style=\"margin-bottom: 16px;\"><span class=\"text_form\">Si necesitas m\u00e1s informaci\u00f3n o quieres que contactemos contigo para ofrecerte una <b>visita personalizada<\/b>, completa los datos de este formulario:<br \/>\n<\/span><br \/>\n\n<div class=\"wpcf7 no-js\" id=\"wpcf7-f5891-o1\" lang=\"en-US\" dir=\"ltr\">\n<div class=\"screen-reader-response\"><p role=\"status\" aria-live=\"polite\" aria-atomic=\"true\"><\/p> <ul><\/ul><\/div>\n<form action=\"\/es\/wp-json\/wp\/v2\/pages\/4025#wpcf7-f5891-o1\" method=\"post\" class=\"wpcf7-form init\" aria-label=\"Contact form\" novalidate=\"novalidate\" data-status=\"init\">\n<div style=\"display: none;\">\n<input type=\"hidden\" name=\"_wpcf7\" value=\"5891\" \/>\n<input type=\"hidden\" name=\"_wpcf7_version\" value=\"5.9.8\" \/>\n<input type=\"hidden\" name=\"_wpcf7_locale\" value=\"en_US\" \/>\n<input type=\"hidden\" name=\"_wpcf7_unit_tag\" value=\"wpcf7-f5891-o1\" \/>\n<input type=\"hidden\" name=\"_wpcf7_container_post\" value=\"0\" \/>\n<input type=\"hidden\" name=\"_wpcf7_posted_data_hash\" value=\"\" \/>\n<input type=\"hidden\" name=\"_wpcf7_recaptcha_response\" value=\"\" \/>\n<\/div>\n<div class=\"labels\">\n\t<p><span class=\"wpcf7-form-control-wrap\" data-name=\"your-name\"><input size=\"40\" maxlength=\"400\" class=\"wpcf7-form-control wpcf7-text wpcf7-validates-as-required\" aria-required=\"true\" aria-invalid=\"false\" placeholder=\"Nom i Cognoms\" value=\"\" type=\"text\" name=\"your-name\" \/><\/span>\n\t<\/p>\n<\/div>\n<div class=\"labels\">\n\t<p><span class=\"wpcf7-form-control-wrap\" data-name=\"your-email\"><input size=\"40\" maxlength=\"400\" class=\"wpcf7-form-control wpcf7-email wpcf7-validates-as-required wpcf7-text wpcf7-validates-as-email\" aria-required=\"true\" aria-invalid=\"false\" placeholder=\"Email\" value=\"\" type=\"email\" name=\"your-email\" \/><\/span>\n\t<\/p>\n<\/div>\n<div class=\"labels\">\n\t<p><span class=\"wpcf7-form-control-wrap\" data-name=\"your-telefon\"><input size=\"40\" maxlength=\"400\" class=\"wpcf7-form-control wpcf7-text\" aria-invalid=\"false\" placeholder=\"Tel\u00e8fon\" value=\"\" type=\"text\" name=\"your-telefon\" \/><\/span>\n\t<\/p>\n<\/div>\n<div class=\"labels\">\n\t<p><span class=\"wpcf7-form-control-wrap\" data-name=\"your-message\"><textarea cols=\"40\" rows=\"10\" maxlength=\"2000\" class=\"wpcf7-form-control wpcf7-textarea\" aria-invalid=\"false\" placeholder=\"Escriu el teu missatge\" name=\"your-message\"><\/textarea><\/span>\n\t<\/p>\n<\/div>\n<p><input class=\"wpcf7-form-control wpcf7-submit has-spinner\" type=\"submit\" value=\"Enviar\" \/>\n<\/p>\n<div class=\"wpcf7-response-output\" aria-hidden=\"true\"><\/div>\n<\/form>\n<\/div>\n<\/div>\n<h3 class=\"formulari_contacte\"><span class=\"titol_form\">Gente Gran\u00e9s<\/span><\/h3>\n<p class=\"formulari_contacte\"><span class=\"text_form\" style=\"margin-bottom: 0px;\"><a href=\"http:\/\/www.batxilleratgranes.com\/category\/anticsalumnes\"><img decoding=\"async\" style=\"width: 100%; margin: 10px 0px;\" src=\"http:\/\/www.batxilleratgranes.com\/wp-content\/uploads\/2015\/02\/gent_granes.png\" alt=\"\" \/><\/a>Despu\u00e9s de m\u00e1s de 65 a\u00f1os formando alumnos en nuestra escuela, tenemos el privilegio de haber compartido este viaje con grandes personas. Este diario recoge algunas experiencias personales y profesionales de alumnos, antiguos alumnos, profesores y todo el equipo que forma parte de la Gran\u00e9s.<\/span><\/p>\n<\/div>\n<p>[\/vc_column_text][\/vc_column][\/vc_row]<\/p>\n<\/div>","protected":false},"excerpt":{"rendered":"<p>[vc_row][vc_column][vc_column_text] Porque t\u00fa vas dando forma a tu camino profesional, en Gran\u00e9s Batxillerat podr\u00e1s elegir la modalidad de bachillerato que m\u00e1s encaja con tus preferencias, incluida la del bachillerato en Artes Esc\u00e9nicas, m\u00fasica y danza. \u00a1Elige tu bachillerato! Itinerario en Nuevas Tecnolog\u00edas Interactivas Itinerario en Ciencias de la Salud Itinerario en Empresa y Marketing Itinerario&hellip;&nbsp;<a href=\"https:\/\/www.batxilleratgranes.com\/es\/bachilleratos-granes\/\" class=\"\" rel=\"bookmark\">Read More &raquo;<span class=\"screen-reader-text\">Bachilleratos Gran\u00e9s, \u00a1desc\u00fabrelos!<\/span><\/a><\/p>\n","protected":false},"author":1,"featured_media":0,"parent":0,"menu_order":0,"comment_status":"open","ping_status":"open","template":"","meta":{"neve_meta_sidebar":"","neve_meta_container":"","neve_meta_enable_content_width":"off","neve_meta_content_width":100,"neve_meta_title_alignment":"","neve_meta_author_avatar":"","neve_post_elements_order":"","neve_meta_disable_header":"","neve_meta_disable_footer":"","neve_meta_disable_title":"","footnotes":""},"class_list":["post-4025","page","type-page","status-publish","hentry"],"yoast_head":"<!-- This site is optimized with the Yoast SEO plugin v23.4 - https:\/\/yoast.com\/wordpress\/plugins\/seo\/ -->\n<title>Bachilleratos Gran\u00e9s, \u00a1desc\u00fabrelos! - Gran\u00e9s Batxillerat - Escuela especializada en Bachillerato en Barcelona<\/title>\n<meta name=\"robots\" content=\"index, follow, max-snippet:-1, max-image-preview:large, max-video-preview:-1\" \/>\n<link rel=\"canonical\" href=\"https:\/\/www.batxilleratgranes.com\/es\/bachilleratos-granes\/\" \/>\n<meta property=\"og:locale\" content=\"es_ES\" \/>\n<meta property=\"og:type\" content=\"article\" \/>\n<meta property=\"og:title\" content=\"Bachilleratos Gran\u00e9s, \u00a1desc\u00fabrelos! - Gran\u00e9s Batxillerat - Escuela especializada en Bachillerato en Barcelona\" \/>\n<meta property=\"og:description\" content=\"[vc_row][vc_column][vc_column_text] Porque t\u00fa vas dando forma a tu camino profesional, en Gran\u00e9s Batxillerat podr\u00e1s elegir la modalidad de bachillerato que m\u00e1s encaja con tus preferencias, incluida la del bachillerato en Artes Esc\u00e9nicas, m\u00fasica y danza. \u00a1Elige tu bachillerato! Itinerario en Nuevas Tecnolog\u00edas Interactivas Itinerario en Ciencias de la Salud Itinerario en Empresa y Marketing Itinerario&hellip;&nbsp;Read More &raquo;Bachilleratos Gran\u00e9s, \u00a1desc\u00fabrelos!\" \/>\n<meta property=\"og:url\" content=\"https:\/\/www.batxilleratgranes.com\/es\/bachilleratos-granes\/\" \/>\n<meta property=\"og:site_name\" content=\"Gran\u00e9s Batxillerat - Escuela especializada en Bachillerato en Barcelona\" \/>\n<meta property=\"article:modified_time\" content=\"2021-11-04T09:31:07+00:00\" \/>\n<meta property=\"og:image\" content=\"http:\/\/www.batxilleratgranes.com\/wp-content\/uploads\/2015\/02\/gent_granes.png\" \/>\n<meta name=\"twitter:card\" content=\"summary_large_image\" \/>\n<meta name=\"twitter:label1\" content=\"Est. reading time\" \/>\n\t<meta name=\"twitter:data1\" content=\"2 minutes\" \/>\n<script type=\"application\/ld+json\" class=\"yoast-schema-graph\">{\"@context\":\"https:\/\/schema.org\",\"@graph\":[{\"@type\":\"WebPage\",\"@id\":\"https:\/\/www.batxilleratgranes.com\/es\/bachilleratos-granes\/\",\"url\":\"https:\/\/www.batxilleratgranes.com\/es\/bachilleratos-granes\/\",\"name\":\"Bachilleratos Gran\u00e9s, \u00a1desc\u00fabrelos! - Gran\u00e9s Batxillerat - Escuela especializada en Bachillerato en Barcelona\",\"isPartOf\":{\"@id\":\"https:\/\/www.batxilleratgranes.com\/es\/#website\"},\"primaryImageOfPage\":{\"@id\":\"https:\/\/www.batxilleratgranes.com\/es\/bachilleratos-granes\/#primaryimage\"},\"image\":{\"@id\":\"https:\/\/www.batxilleratgranes.com\/es\/bachilleratos-granes\/#primaryimage\"},\"thumbnailUrl\":\"http:\/\/www.batxilleratgranes.com\/wp-content\/uploads\/2015\/02\/gent_granes.png\",\"datePublished\":\"2015-03-05T09:50:29+00:00\",\"dateModified\":\"2021-11-04T09:31:07+00:00\",\"breadcrumb\":{\"@id\":\"https:\/\/www.batxilleratgranes.com\/es\/bachilleratos-granes\/#breadcrumb\"},\"inLanguage\":\"es\",\"potentialAction\":[{\"@type\":\"ReadAction\",\"target\":[\"https:\/\/www.batxilleratgranes.com\/es\/bachilleratos-granes\/\"]}]},{\"@type\":\"ImageObject\",\"inLanguage\":\"es\",\"@id\":\"https:\/\/www.batxilleratgranes.com\/es\/bachilleratos-granes\/#primaryimage\",\"url\":\"http:\/\/www.batxilleratgranes.com\/wp-content\/uploads\/2015\/02\/gent_granes.png\",\"contentUrl\":\"http:\/\/www.batxilleratgranes.com\/wp-content\/uploads\/2015\/02\/gent_granes.png\"},{\"@type\":\"BreadcrumbList\",\"@id\":\"https:\/\/www.batxilleratgranes.com\/es\/bachilleratos-granes\/#breadcrumb\",\"itemListElement\":[{\"@type\":\"ListItem\",\"position\":1,\"name\":\"Inici\",\"item\":\"https:\/\/www.batxilleratgranes.com\/es\/\"},{\"@type\":\"ListItem\",\"position\":2,\"name\":\"Bachilleratos Gran\u00e9s, \u00a1desc\u00fabrelos!\"}]},{\"@type\":\"WebSite\",\"@id\":\"https:\/\/www.batxilleratgranes.com\/es\/#website\",\"url\":\"https:\/\/www.batxilleratgranes.com\/es\/\",\"name\":\"Gran\u00e9s Batxillerat - Escuela especializada en Bachillerato en Barcelona\",\"description\":\"Escola especialitzada en Batxillerat a Barcelona\",\"publisher\":{\"@id\":\"https:\/\/www.batxilleratgranes.com\/es\/#organization\"},\"potentialAction\":[{\"@type\":\"SearchAction\",\"target\":{\"@type\":\"EntryPoint\",\"urlTemplate\":\"https:\/\/www.batxilleratgranes.com\/es\/?s={search_term_string}\"},\"query-input\":{\"@type\":\"PropertyValueSpecification\",\"valueRequired\":true,\"valueName\":\"search_term_string\"}}],\"inLanguage\":\"es\"},{\"@type\":\"Organization\",\"@id\":\"https:\/\/www.batxilleratgranes.com\/es\/#organization\",\"name\":\"Gran\u00e9s Batxillerat - Escuela especializada en Bachillerato en Barcelona\",\"url\":\"https:\/\/www.batxilleratgranes.com\/es\/\",\"logo\":{\"@type\":\"ImageObject\",\"inLanguage\":\"es\",\"@id\":\"https:\/\/www.batxilleratgranes.com\/es\/#\/schema\/logo\/image\/\",\"url\":\"https:\/\/www.batxilleratgranes.com\/wp-content\/uploads\/2013\/01\/granes1.png\",\"contentUrl\":\"https:\/\/www.batxilleratgranes.com\/wp-content\/uploads\/2013\/01\/granes1.png\",\"width\":292,\"height\":85,\"caption\":\"Gran\u00e9s Batxillerat - Escuela especializada en Bachillerato en Barcelona\"},\"image\":{\"@id\":\"https:\/\/www.batxilleratgranes.com\/es\/#\/schema\/logo\/image\/\"}}]}<\/script>\n<!-- \/ Yoast SEO plugin. -->","yoast_head_json":{"title":"Bachilleratos Gran\u00e9s, \u00a1desc\u00fabrelos! - Gran\u00e9s Batxillerat - Escuela especializada en Bachillerato en Barcelona","robots":{"index":"index","follow":"follow","max-snippet":"max-snippet:-1","max-image-preview":"max-image-preview:large","max-video-preview":"max-video-preview:-1"},"canonical":"https:\/\/www.batxilleratgranes.com\/es\/bachilleratos-granes\/","og_locale":"es_ES","og_type":"article","og_title":"Bachilleratos Gran\u00e9s, \u00a1desc\u00fabrelos! - Gran\u00e9s Batxillerat - Escuela especializada en Bachillerato en Barcelona","og_description":"[vc_row][vc_column][vc_column_text] Porque t\u00fa vas dando forma a tu camino profesional, en Gran\u00e9s Batxillerat podr\u00e1s elegir la modalidad de bachillerato que m\u00e1s encaja con tus preferencias, incluida la del bachillerato en Artes Esc\u00e9nicas, m\u00fasica y danza. \u00a1Elige tu bachillerato! Itinerario en Nuevas Tecnolog\u00edas Interactivas Itinerario en Ciencias de la Salud Itinerario en Empresa y Marketing Itinerario&hellip;&nbsp;Read More &raquo;Bachilleratos Gran\u00e9s, \u00a1desc\u00fabrelos!","og_url":"https:\/\/www.batxilleratgranes.com\/es\/bachilleratos-granes\/","og_site_name":"Gran\u00e9s Batxillerat - Escuela especializada en Bachillerato en Barcelona","article_modified_time":"2021-11-04T09:31:07+00:00","og_image":[{"url":"http:\/\/www.batxilleratgranes.com\/wp-content\/uploads\/2015\/02\/gent_granes.png"}],"twitter_card":"summary_large_image","twitter_misc":{"Est. reading time":"2 minutes"},"schema":{"@context":"https:\/\/schema.org","@graph":[{"@type":"WebPage","@id":"https:\/\/www.batxilleratgranes.com\/es\/bachilleratos-granes\/","url":"https:\/\/www.batxilleratgranes.com\/es\/bachilleratos-granes\/","name":"Bachilleratos Gran\u00e9s, \u00a1desc\u00fabrelos! - Gran\u00e9s Batxillerat - Escuela especializada en Bachillerato en Barcelona","isPartOf":{"@id":"https:\/\/www.batxilleratgranes.com\/es\/#website"},"primaryImageOfPage":{"@id":"https:\/\/www.batxilleratgranes.com\/es\/bachilleratos-granes\/#primaryimage"},"image":{"@id":"https:\/\/www.batxilleratgranes.com\/es\/bachilleratos-granes\/#primaryimage"},"thumbnailUrl":"http:\/\/www.batxilleratgranes.com\/wp-content\/uploads\/2015\/02\/gent_granes.png","datePublished":"2015-03-05T09:50:29+00:00","dateModified":"2021-11-04T09:31:07+00:00","breadcrumb":{"@id":"https:\/\/www.batxilleratgranes.com\/es\/bachilleratos-granes\/#breadcrumb"},"inLanguage":"es","potentialAction":[{"@type":"ReadAction","target":["https:\/\/www.batxilleratgranes.com\/es\/bachilleratos-granes\/"]}]},{"@type":"ImageObject","inLanguage":"es","@id":"https:\/\/www.batxilleratgranes.com\/es\/bachilleratos-granes\/#primaryimage","url":"http:\/\/www.batxilleratgranes.com\/wp-content\/uploads\/2015\/02\/gent_granes.png","contentUrl":"http:\/\/www.batxilleratgranes.com\/wp-content\/uploads\/2015\/02\/gent_granes.png"},{"@type":"BreadcrumbList","@id":"https:\/\/www.batxilleratgranes.com\/es\/bachilleratos-granes\/#breadcrumb","itemListElement":[{"@type":"ListItem","position":1,"name":"Inici","item":"https:\/\/www.batxilleratgranes.com\/es\/"},{"@type":"ListItem","position":2,"name":"Bachilleratos Gran\u00e9s, \u00a1desc\u00fabrelos!"}]},{"@type":"WebSite","@id":"https:\/\/www.batxilleratgranes.com\/es\/#website","url":"https:\/\/www.batxilleratgranes.com\/es\/","name":"Gran\u00e9s Batxillerat - Escuela especializada en Bachillerato en Barcelona","description":"Escola especialitzada en Batxillerat a Barcelona","publisher":{"@id":"https:\/\/www.batxilleratgranes.com\/es\/#organization"},"potentialAction":[{"@type":"SearchAction","target":{"@type":"EntryPoint","urlTemplate":"https:\/\/www.batxilleratgranes.com\/es\/?s={search_term_string}"},"query-input":{"@type":"PropertyValueSpecification","valueRequired":true,"valueName":"search_term_string"}}],"inLanguage":"es"},{"@type":"Organization","@id":"https:\/\/www.batxilleratgranes.com\/es\/#organization","name":"Gran\u00e9s Batxillerat - Escuela especializada en Bachillerato en Barcelona","url":"https:\/\/www.batxilleratgranes.com\/es\/","logo":{"@type":"ImageObject","inLanguage":"es","@id":"https:\/\/www.batxilleratgranes.com\/es\/#\/schema\/logo\/image\/","url":"https:\/\/www.batxilleratgranes.com\/wp-content\/uploads\/2013\/01\/granes1.png","contentUrl":"https:\/\/www.batxilleratgranes.com\/wp-content\/uploads\/2013\/01\/granes1.png","width":292,"height":85,"caption":"Gran\u00e9s Batxillerat - Escuela especializada en Bachillerato en Barcelona"},"image":{"@id":"https:\/\/www.batxilleratgranes.com\/es\/#\/schema\/logo\/image\/"}}]}},"_links":{"self":[{"href":"https:\/\/www.batxilleratgranes.com\/es\/wp-json\/wp\/v2\/pages\/4025"}],"collection":[{"href":"https:\/\/www.batxilleratgranes.com\/es\/wp-json\/wp\/v2\/pages"}],"about":[{"href":"https:\/\/www.batxilleratgranes.com\/es\/wp-json\/wp\/v2\/types\/page"}],"author":[{"embeddable":true,"href":"https:\/\/www.batxilleratgranes.com\/es\/wp-json\/wp\/v2\/users\/1"}],"replies":[{"embeddable":true,"href":"https:\/\/www.batxilleratgranes.com\/es\/wp-json\/wp\/v2\/comments?post=4025"}],"version-history":[{"count":33,"href":"https:\/\/www.batxilleratgranes.com\/es\/wp-json\/wp\/v2\/pages\/4025\/revisions"}],"predecessor-version":[{"id":37399,"href":"https:\/\/www.batxilleratgranes.com\/es\/wp-json\/wp\/v2\/pages\/4025\/revisions\/37399"}],"wp:attachment":[{"href":"https:\/\/www.batxilleratgranes.com\/es\/wp-json\/wp\/v2\/media?parent=4025"}],"curies":[{"name":"wp","href":"https:\/\/api.w.org\/{rel}","templated":true}]}}