{"id":5602,"date":"2016-02-21T17:39:50","date_gmt":"2016-02-21T17:39:50","guid":{"rendered":"http:\/\/www.batxilleratgranes.com\/?page_id=5602"},"modified":"2016-03-04T12:29:49","modified_gmt":"2016-03-04T12:29:49","slug":"bachillerato-artes-escenicas-metodologia","status":"publish","type":"page","link":"https:\/\/www.batxilleratgranes.com\/es\/bachillerato-artes-escenicas-metodologia\/","title":{"rendered":"Bachillerato Artes Esc\u00e9nicas &#8211; Metodolog\u00eda"},"content":{"rendered":"<style type=\"text\/css\"><!--\n.menu-toggle {display: none;} .entry-content a.button-align-fullwidth { font-size: 25px; text-transform: none; } .fullpage-contents-wrap {background: none;}.entry-content a.greenbutton span {font-weight: normal!important;}  .entry-content h1 { font-size: 40px; font-family: 'helvetica'!important; font-weight: 300; color: white; padding-top: 25px; margin-bottom: 28px;}.container {width: 92%;}.smooth_slideri{width: 100%} .entry-spaced-wrapper {padding:0px;} h1.entry-title {display: none;}.theme-default .nivo-caption {  font-size: 47px; text-align: center; font-weight: 500; padding-top: 20px;background: black; padding: 0px;}.buttons_escenic {margin-top: 40px;  min-height: 59px;}a.button_escenic {padding: 12px 20px; background-color: rgb(187, 187, 187); margin-right: 27px; text-decoration: none; text-transform: uppercase; font-size: 14px; color: rgb(58, 58, 58); font-weight: 300; font-family: helvetica; letter-spacing: 1px;} a.button_escenic:hover { background-color: grey; color: white;} a.button_escenic_active { padding: 12px 20px; margin-right: 27px; text-decoration: none; text-transform: uppercase; font-size: 14px; font-weight: 300; font-family: helvetica; letter-spacing: 1px; background-color: grey; color: white;}.entry-content a.button-align-fullwidth {  max-width: 455px;} .entry-content h2 {margin: 0 0 5px 0;} .entry-content blockquote {margin: 30px 0 20px 10px;}\n--><\/style>\n<p>[metaslider id=5735]<\/p>\n<div class=\"buttons_escenic\"><a href=\"http:\/\/www.bachilleratogranes.com\/bachillerato-artes-escenicas\" class=\"button_escenic\">Nuestro bachillerato<\/a><a href=\"http:\/\/www.bachilleratogranes.com\/bachillerato-artes-escenicas-metodologia\" class=\"button_escenic_active\">La metodolog\u00eda<\/a><a href=\"http:\/\/www.bachilleratogranes.com\/batxillerat-arts-esceniques-els-professors\" class=\"button_escenic\">Los profesores<\/a><a class=\"button_escenic\" href=\"http:\/\/www.bachilleratogranes.com\/bachillerato-artes-escenicas-plan-estudios\">Plan de estudios<\/a><a href=\"http:\/\/www.bachilleratogranes.com\/bachillerato-artes-escenicas-contacto\" class=\"button_escenic\">Solicita tu plaza<\/a><\/div>\n<div class=\"texto_escenico\">\n<h2 style=\"text-align: justify;\">LA METODOLOG\u00cdA<\/h2>\n<blockquote><p>Lograr\u00e1s la formaci\u00f3n necesaria para superar las pruebas de acceso al Grado Superior de Arte Dram\u00e1tico<\/p><\/blockquote>\n<p>El bachillerato de Artes esc\u00e9nicas de Gran\u00e9s Batxillerat ofrece una formaci\u00f3n completa y s\u00f3lida para todos aquellos que quieran dedicarse profesionalmente a las\u00a0artes esc\u00e9nicas o acceder al Grado Superior de Interpretaci\u00f3n, Direcci\u00f3n y Dramaturgia.<br \/>\nTodos los profesores est\u00e1n actualmente activos en el mundo profesional e imparten clases en la escuela E\u00f2lia (Escuela Superior de Arte Dram\u00e1tico), lo que permite al alumno tener un v\u00ednculo directo con la profesi\u00f3n desde el primer d\u00eda.<br \/>\nSe basa en unos estudios que combinan la teor\u00eda y la pr\u00e1ctica, donde la t\u00e9cnica del int\u00e9rprete, la creatividad y la capacidad de reflexi\u00f3n de manera art\u00edstica son los pilares fundamentales.<\/p>\n<p><strong>Las clases<\/strong><br \/>\nLas\u00a0asignaturas son de dos horas por sesi\u00f3n, permitiendo as\u00ed profundizar en el trabajo pr\u00e1ctico de la materia. Los contenidos de las materias se relacionan entre s\u00ed para ofrecer al alumno una formaci\u00f3n completa y amplia en el \u00e1mbito de las artes esc\u00e9nicas, la m\u00fasica y la danza.<\/p>\n<p><strong>Aula abierta<\/strong><br \/>\nAl final de cada cuatrimestre, los alumnos hacen una clase abierta al p\u00fablico para poder poner en pr\u00e1ctica todos los conocimientos adquiridos.<\/p>\n<p><strong>Preparaci\u00f3n de las pruebas de acceso al Grado Superior<\/strong><br \/>\nEl segundo curso guiar\u00e1 al alumno para poder superar las pruebas de acceso al Grado Superior de Arte Dram\u00e1tico de E\u00f2lia, tanto a nivel de contenidos te\u00f3ricos como pr\u00e1cticos.<\/p>\n<\/div>\n","protected":false},"excerpt":{"rendered":"<p>[metaslider id=5735] Nuestro bachilleratoLa metodolog\u00edaLos profesoresPlan de estudiosSolicita tu plaza LA METODOLOG\u00cdA Lograr\u00e1s la formaci\u00f3n necesaria para superar las pruebas de acceso al Grado Superior de Arte Dram\u00e1tico El bachillerato de Artes esc\u00e9nicas de Gran\u00e9s Batxillerat ofrece una formaci\u00f3n completa y s\u00f3lida para todos aquellos que quieran dedicarse profesionalmente a las\u00a0artes esc\u00e9nicas o acceder al&hellip;&nbsp;<a href=\"https:\/\/www.batxilleratgranes.com\/es\/bachillerato-artes-escenicas-metodologia\/\" class=\"\" rel=\"bookmark\">Read More &raquo;<span class=\"screen-reader-text\">Bachillerato Artes Esc\u00e9nicas &#8211; Metodolog\u00eda<\/span><\/a><\/p>\n","protected":false},"author":1,"featured_media":0,"parent":0,"menu_order":0,"comment_status":"open","ping_status":"open","template":"template-fullwidth.php","meta":{"neve_meta_sidebar":"","neve_meta_container":"","neve_meta_enable_content_width":"","neve_meta_content_width":0,"neve_meta_title_alignment":"","neve_meta_author_avatar":"","neve_post_elements_order":"","neve_meta_disable_header":"","neve_meta_disable_footer":"","neve_meta_disable_title":"","footnotes":""},"class_list":["post-5602","page","type-page","status-publish","hentry"],"yoast_head":"<!-- This site is optimized with the Yoast SEO plugin v23.4 - https:\/\/yoast.com\/wordpress\/plugins\/seo\/ -->\n<title>Bachillerato Artes Esc\u00e9nicas - Metodolog\u00eda - Gran\u00e9s Batxillerat - Escuela especializada en Bachillerato en Barcelona<\/title>\n<meta name=\"robots\" content=\"index, follow, max-snippet:-1, max-image-preview:large, max-video-preview:-1\" \/>\n<link rel=\"canonical\" href=\"https:\/\/www.batxilleratgranes.com\/es\/bachillerato-artes-escenicas-metodologia\/\" \/>\n<meta property=\"og:locale\" content=\"es_ES\" \/>\n<meta property=\"og:type\" content=\"article\" \/>\n<meta property=\"og:title\" content=\"Bachillerato Artes Esc\u00e9nicas - Metodolog\u00eda - Gran\u00e9s Batxillerat - Escuela especializada en Bachillerato en Barcelona\" \/>\n<meta property=\"og:description\" content=\"[metaslider id=5735] Nuestro bachilleratoLa metodolog\u00edaLos profesoresPlan de estudiosSolicita tu plaza LA METODOLOG\u00cdA Lograr\u00e1s la formaci\u00f3n necesaria para superar las pruebas de acceso al Grado Superior de Arte Dram\u00e1tico El bachillerato de Artes esc\u00e9nicas de Gran\u00e9s Batxillerat ofrece una formaci\u00f3n completa y s\u00f3lida para todos aquellos que quieran dedicarse profesionalmente a las\u00a0artes esc\u00e9nicas o acceder al&hellip;&nbsp;Read More &raquo;Bachillerato Artes Esc\u00e9nicas &#8211; Metodolog\u00eda\" \/>\n<meta property=\"og:url\" content=\"https:\/\/www.batxilleratgranes.com\/es\/bachillerato-artes-escenicas-metodologia\/\" \/>\n<meta property=\"og:site_name\" content=\"Gran\u00e9s Batxillerat - Escuela especializada en Bachillerato en Barcelona\" \/>\n<meta property=\"article:modified_time\" content=\"2016-03-04T12:29:49+00:00\" \/>\n<meta name=\"twitter:card\" content=\"summary_large_image\" \/>\n<meta name=\"twitter:label1\" content=\"Est. reading time\" \/>\n\t<meta name=\"twitter:data1\" content=\"1 minute\" \/>\n<script type=\"application\/ld+json\" class=\"yoast-schema-graph\">{\"@context\":\"https:\/\/schema.org\",\"@graph\":[{\"@type\":\"WebPage\",\"@id\":\"https:\/\/www.batxilleratgranes.com\/es\/bachillerato-artes-escenicas-metodologia\/\",\"url\":\"https:\/\/www.batxilleratgranes.com\/es\/bachillerato-artes-escenicas-metodologia\/\",\"name\":\"Bachillerato Artes Esc\u00e9nicas - Metodolog\u00eda - Gran\u00e9s Batxillerat - Escuela especializada en Bachillerato en Barcelona\",\"isPartOf\":{\"@id\":\"https:\/\/www.batxilleratgranes.com\/es\/#website\"},\"datePublished\":\"2016-02-21T17:39:50+00:00\",\"dateModified\":\"2016-03-04T12:29:49+00:00\",\"breadcrumb\":{\"@id\":\"https:\/\/www.batxilleratgranes.com\/es\/bachillerato-artes-escenicas-metodologia\/#breadcrumb\"},\"inLanguage\":\"es\",\"potentialAction\":[{\"@type\":\"ReadAction\",\"target\":[\"https:\/\/www.batxilleratgranes.com\/es\/bachillerato-artes-escenicas-metodologia\/\"]}]},{\"@type\":\"BreadcrumbList\",\"@id\":\"https:\/\/www.batxilleratgranes.com\/es\/bachillerato-artes-escenicas-metodologia\/#breadcrumb\",\"itemListElement\":[{\"@type\":\"ListItem\",\"position\":1,\"name\":\"Inici\",\"item\":\"https:\/\/www.batxilleratgranes.com\/es\/\"},{\"@type\":\"ListItem\",\"position\":2,\"name\":\"Bachillerato Artes Esc\u00e9nicas &#8211; Metodolog\u00eda\"}]},{\"@type\":\"WebSite\",\"@id\":\"https:\/\/www.batxilleratgranes.com\/es\/#website\",\"url\":\"https:\/\/www.batxilleratgranes.com\/es\/\",\"name\":\"Gran\u00e9s Batxillerat - Escuela especializada en Bachillerato en Barcelona\",\"description\":\"Escola especialitzada en Batxillerat a Barcelona\",\"publisher\":{\"@id\":\"https:\/\/www.batxilleratgranes.com\/es\/#organization\"},\"potentialAction\":[{\"@type\":\"SearchAction\",\"target\":{\"@type\":\"EntryPoint\",\"urlTemplate\":\"https:\/\/www.batxilleratgranes.com\/es\/?s={search_term_string}\"},\"query-input\":{\"@type\":\"PropertyValueSpecification\",\"valueRequired\":true,\"valueName\":\"search_term_string\"}}],\"inLanguage\":\"es\"},{\"@type\":\"Organization\",\"@id\":\"https:\/\/www.batxilleratgranes.com\/es\/#organization\",\"name\":\"Gran\u00e9s Batxillerat - Escuela especializada en Bachillerato en Barcelona\",\"url\":\"https:\/\/www.batxilleratgranes.com\/es\/\",\"logo\":{\"@type\":\"ImageObject\",\"inLanguage\":\"es\",\"@id\":\"https:\/\/www.batxilleratgranes.com\/es\/#\/schema\/logo\/image\/\",\"url\":\"https:\/\/www.batxilleratgranes.com\/wp-content\/uploads\/2013\/01\/granes1.png\",\"contentUrl\":\"https:\/\/www.batxilleratgranes.com\/wp-content\/uploads\/2013\/01\/granes1.png\",\"width\":292,\"height\":85,\"caption\":\"Gran\u00e9s Batxillerat - Escuela especializada en Bachillerato en Barcelona\"},\"image\":{\"@id\":\"https:\/\/www.batxilleratgranes.com\/es\/#\/schema\/logo\/image\/\"}}]}<\/script>\n<!-- \/ Yoast SEO plugin. -->","yoast_head_json":{"title":"Bachillerato Artes Esc\u00e9nicas - Metodolog\u00eda - Gran\u00e9s Batxillerat - Escuela especializada en Bachillerato en Barcelona","robots":{"index":"index","follow":"follow","max-snippet":"max-snippet:-1","max-image-preview":"max-image-preview:large","max-video-preview":"max-video-preview:-1"},"canonical":"https:\/\/www.batxilleratgranes.com\/es\/bachillerato-artes-escenicas-metodologia\/","og_locale":"es_ES","og_type":"article","og_title":"Bachillerato Artes Esc\u00e9nicas - Metodolog\u00eda - Gran\u00e9s Batxillerat - Escuela especializada en Bachillerato en Barcelona","og_description":"[metaslider id=5735] Nuestro bachilleratoLa metodolog\u00edaLos profesoresPlan de estudiosSolicita tu plaza LA METODOLOG\u00cdA Lograr\u00e1s la formaci\u00f3n necesaria para superar las pruebas de acceso al Grado Superior de Arte Dram\u00e1tico El bachillerato de Artes esc\u00e9nicas de Gran\u00e9s Batxillerat ofrece una formaci\u00f3n completa y s\u00f3lida para todos aquellos que quieran dedicarse profesionalmente a las\u00a0artes esc\u00e9nicas o acceder al&hellip;&nbsp;Read More &raquo;Bachillerato Artes Esc\u00e9nicas &#8211; Metodolog\u00eda","og_url":"https:\/\/www.batxilleratgranes.com\/es\/bachillerato-artes-escenicas-metodologia\/","og_site_name":"Gran\u00e9s Batxillerat - Escuela especializada en Bachillerato en Barcelona","article_modified_time":"2016-03-04T12:29:49+00:00","twitter_card":"summary_large_image","twitter_misc":{"Est. reading time":"1 minute"},"schema":{"@context":"https:\/\/schema.org","@graph":[{"@type":"WebPage","@id":"https:\/\/www.batxilleratgranes.com\/es\/bachillerato-artes-escenicas-metodologia\/","url":"https:\/\/www.batxilleratgranes.com\/es\/bachillerato-artes-escenicas-metodologia\/","name":"Bachillerato Artes Esc\u00e9nicas - Metodolog\u00eda - Gran\u00e9s Batxillerat - Escuela especializada en Bachillerato en Barcelona","isPartOf":{"@id":"https:\/\/www.batxilleratgranes.com\/es\/#website"},"datePublished":"2016-02-21T17:39:50+00:00","dateModified":"2016-03-04T12:29:49+00:00","breadcrumb":{"@id":"https:\/\/www.batxilleratgranes.com\/es\/bachillerato-artes-escenicas-metodologia\/#breadcrumb"},"inLanguage":"es","potentialAction":[{"@type":"ReadAction","target":["https:\/\/www.batxilleratgranes.com\/es\/bachillerato-artes-escenicas-metodologia\/"]}]},{"@type":"BreadcrumbList","@id":"https:\/\/www.batxilleratgranes.com\/es\/bachillerato-artes-escenicas-metodologia\/#breadcrumb","itemListElement":[{"@type":"ListItem","position":1,"name":"Inici","item":"https:\/\/www.batxilleratgranes.com\/es\/"},{"@type":"ListItem","position":2,"name":"Bachillerato Artes Esc\u00e9nicas &#8211; Metodolog\u00eda"}]},{"@type":"WebSite","@id":"https:\/\/www.batxilleratgranes.com\/es\/#website","url":"https:\/\/www.batxilleratgranes.com\/es\/","name":"Gran\u00e9s Batxillerat - Escuela especializada en Bachillerato en Barcelona","description":"Escola especialitzada en Batxillerat a Barcelona","publisher":{"@id":"https:\/\/www.batxilleratgranes.com\/es\/#organization"},"potentialAction":[{"@type":"SearchAction","target":{"@type":"EntryPoint","urlTemplate":"https:\/\/www.batxilleratgranes.com\/es\/?s={search_term_string}"},"query-input":{"@type":"PropertyValueSpecification","valueRequired":true,"valueName":"search_term_string"}}],"inLanguage":"es"},{"@type":"Organization","@id":"https:\/\/www.batxilleratgranes.com\/es\/#organization","name":"Gran\u00e9s Batxillerat - Escuela especializada en Bachillerato en Barcelona","url":"https:\/\/www.batxilleratgranes.com\/es\/","logo":{"@type":"ImageObject","inLanguage":"es","@id":"https:\/\/www.batxilleratgranes.com\/es\/#\/schema\/logo\/image\/","url":"https:\/\/www.batxilleratgranes.com\/wp-content\/uploads\/2013\/01\/granes1.png","contentUrl":"https:\/\/www.batxilleratgranes.com\/wp-content\/uploads\/2013\/01\/granes1.png","width":292,"height":85,"caption":"Gran\u00e9s Batxillerat - Escuela especializada en Bachillerato en Barcelona"},"image":{"@id":"https:\/\/www.batxilleratgranes.com\/es\/#\/schema\/logo\/image\/"}}]}},"_links":{"self":[{"href":"https:\/\/www.batxilleratgranes.com\/es\/wp-json\/wp\/v2\/pages\/5602"}],"collection":[{"href":"https:\/\/www.batxilleratgranes.com\/es\/wp-json\/wp\/v2\/pages"}],"about":[{"href":"https:\/\/www.batxilleratgranes.com\/es\/wp-json\/wp\/v2\/types\/page"}],"author":[{"embeddable":true,"href":"https:\/\/www.batxilleratgranes.com\/es\/wp-json\/wp\/v2\/users\/1"}],"replies":[{"embeddable":true,"href":"https:\/\/www.batxilleratgranes.com\/es\/wp-json\/wp\/v2\/comments?post=5602"}],"version-history":[{"count":8,"href":"https:\/\/www.batxilleratgranes.com\/es\/wp-json\/wp\/v2\/pages\/5602\/revisions"}],"predecessor-version":[{"id":5773,"href":"https:\/\/www.batxilleratgranes.com\/es\/wp-json\/wp\/v2\/pages\/5602\/revisions\/5773"}],"wp:attachment":[{"href":"https:\/\/www.batxilleratgranes.com\/es\/wp-json\/wp\/v2\/media?parent=5602"}],"curies":[{"name":"wp","href":"https:\/\/api.w.org\/{rel}","templated":true}]}}