{"id":5604,"date":"2015-06-18T16:07:05","date_gmt":"2015-06-18T16:07:05","guid":{"rendered":"http:\/\/www.batxilleratgranes.com\/batxillerat-arts-esceniques-contacte-2"},"modified":"2016-03-07T09:17:03","modified_gmt":"2016-03-07T09:17:03","slug":"bachillerato-artes-escenicas-contacto","status":"publish","type":"page","link":"https:\/\/www.batxilleratgranes.com\/es\/bachillerato-artes-escenicas-contacto\/","title":{"rendered":"Batxillerat Arts Esc\u00e8niques &#8211; Contacte"},"content":{"rendered":"<style type=\"text\/css\"><!--\n.entry-content a.button-align-fullwidth { font-size: 25px; text-transform: none; } .fullpage-contents-wrap {background: none;}.entry-content a.greenbutton span {font-weight: normal!important;}  .entry-content h1 { font-size: 40px; font-family: 'helvetica'!important; font-weight: 300; color: white; padding-top: 25px; margin-bottom: 28px;}.container {width: 92%;}.smooth_slideri{width: 100%} .entry-spaced-wrapper {padding:0px;} h1.entry-title {display: none;}.theme-default .nivo-caption {  font-size: 47px; text-align: center; font-weight: 500; padding-top: 20px;background: black; padding: 0px;}.buttons_escenic {margin-top: 40px;  min-height: 59px;}a.button_escenic {padding: 12px 20px; background-color: rgb(187, 187, 187); margin-right: 27px; text-decoration: none; text-transform: uppercase; font-size: 14px; color: rgb(58, 58, 58); font-weight: 300; font-family: helvetica; letter-spacing: 1px;} a.button_escenic:hover { background-color: grey; color: white;} a.button_escenic_active { padding: 12px 20px; margin-right: 27px; text-decoration: none; text-transform: uppercase; font-size: 14px; font-weight: 300; font-family: helvetica; letter-spacing: 1px; background-color: grey; color: white;}.entry-content a.button-align-fullwidth {  max-width: 455px;} .entry-content h2 {margin: 0 0 5px 0;} .entry-content blockquote {margin: 30px 0 20px 10px;}input.wpcf7-form-control {background-color: rgb(228, 228, 228); padding: 18px; font-size: 19px; border: none; margin-bottom: 6px; color: grey;} textarea.wpcf7-form-control.wpcf7-textarea {background-color: rgb(228, 228, 228); padding: 18px; font-size: 19px; border: none; margin-bottom: 6px; color: grey;} span.wpcf7-form-control-wrap {position: relative; font-size: 19px; color: grey;} input.wpcf7-form-control.wpcf7-submit {background-color: rgb(123, 122, 122); color: white; font-size: 19px; text-transform: uppercase;}\n--><\/style>\n<p>[metaslider id=4205]<\/p>\n<div class=\"buttons_escenic\"><a href=\"http:\/\/www.bachilleratogranes.com\/bachillerato-artes-escenicas\" class=\"button_escenic\">Nuestro bachillerato<\/a><a href=\"http:\/\/www.bachilleratogranes.com\/bachillerato-artes-escenicas-metodologia\" class=\"button_escenic\">La metodolog\u00eda<\/a><a href=\"http:\/\/www.bachilleratogranes.com\/batxillerat-arts-esceniques-els-professors\" class=\"button_escenic\">Los profesores<\/a><a class=\"button_escenic\" href=\"http:\/\/www.bachilleratogranes.com\/bachillerato-artes-escenicas-plan-estudios\">Plan de estudios<\/a><a href=\"http:\/\/www.bachilleratogranes.com\/bachillerato-artes-escenicas-contacto\" class=\"button_escenic_active\">Solicita tu plaza<\/a><\/div>\n<div class=\"texto_escenico\">\n<h2 style=\"text-align: justify;\">SOLICITA TU PLAZA<\/h2>\n<blockquote><p>El alumno tendr\u00e1 acceso directo al departamento de casting de E\u00f2lia, recibiendo as\u00ed todas las convocatorias de audiciones en las que cumpla el perfil buscado. <\/p><\/blockquote>\n<p><strong>Proceso de admisi\u00f3n<\/strong><br \/>\nPara acceder a los estudios, se realiza un proceso de admisi\u00f3n, donde el alumno toma contacto con el centro, los profesores y las materias, garantizando as\u00ed un mejor inicio de curso. <\/br><br \/>\n\n<div class=\"wpcf7 no-js\" id=\"wpcf7-f4260-o1\" lang=\"en-US\" dir=\"ltr\">\n<div class=\"screen-reader-response\"><p role=\"status\" aria-live=\"polite\" aria-atomic=\"true\"><\/p> <ul><\/ul><\/div>\n<form action=\"\/es\/wp-json\/wp\/v2\/pages\/5604#wpcf7-f4260-o1\" method=\"post\" class=\"wpcf7-form init\" aria-label=\"Contact form\" novalidate=\"novalidate\" data-status=\"init\">\n<div style=\"display: none;\">\n<input type=\"hidden\" name=\"_wpcf7\" value=\"4260\" \/>\n<input type=\"hidden\" name=\"_wpcf7_version\" value=\"5.9.8\" \/>\n<input type=\"hidden\" name=\"_wpcf7_locale\" value=\"en_US\" \/>\n<input type=\"hidden\" name=\"_wpcf7_unit_tag\" value=\"wpcf7-f4260-o1\" \/>\n<input type=\"hidden\" name=\"_wpcf7_container_post\" value=\"0\" \/>\n<input type=\"hidden\" name=\"_wpcf7_posted_data_hash\" value=\"\" \/>\n<input type=\"hidden\" name=\"_wpcf7_recaptcha_response\" value=\"\" \/>\n<\/div>\n<p><span class=\"wpcf7-form-control-wrap\" data-name=\"your-name\"><input size=\"40\" maxlength=\"400\" class=\"wpcf7-form-control wpcf7-text wpcf7-validates-as-required\" aria-required=\"true\" aria-invalid=\"false\" placeholder=\"Nom i Cognoms\" value=\"\" type=\"text\" name=\"your-name\" \/><\/span>\n<\/p>\n<p><span class=\"wpcf7-form-control-wrap\" data-name=\"your-email\"><input size=\"40\" maxlength=\"400\" class=\"wpcf7-form-control wpcf7-email wpcf7-validates-as-required wpcf7-text wpcf7-validates-as-email\" aria-required=\"true\" aria-invalid=\"false\" placeholder=\"Email\" value=\"\" type=\"email\" name=\"your-email\" \/><\/span>\n<\/p>\n<p><span class=\"wpcf7-form-control-wrap\" data-name=\"your-telefon\"><input size=\"40\" maxlength=\"400\" class=\"wpcf7-form-control wpcf7-text\" aria-invalid=\"false\" placeholder=\"Tel\u00e8fon\" value=\"\" type=\"text\" name=\"your-telefon\" \/><\/span>\n<\/p>\n<p><span class=\"wpcf7-form-control-wrap\" data-name=\"your-message\"><textarea cols=\"40\" rows=\"10\" maxlength=\"2000\" class=\"wpcf7-form-control wpcf7-textarea\" aria-invalid=\"false\" placeholder=\"Descriu quina es la teva motivaci\u00f3 per accedir a la nostra escola?\" name=\"your-message\"><\/textarea><\/span>\n<\/p>\n<div class=\"labels\">\n\t<p><span class=\"wpcf7-form-control-wrap\" data-name=\"acceptance-94\"><span class=\"wpcf7-form-control wpcf7-acceptance\"><span class=\"wpcf7-list-item\"><label><input type=\"checkbox\" name=\"acceptance-94\" value=\"1\" aria-invalid=\"false\" \/><span class=\"wpcf7-list-item-label\">He llegit la <a class=\"hoverter\" target=\"_blank\" href=\"http:\/\/batxilleratgranes.com\/politica-de-privacitat\">pol\u00edtica de privacitat<\/a> i autoritzo el tractament de les meves dades<\/span><\/label><\/span><\/span><\/span>\n\t<\/p>\n<\/div>\n<p><input class=\"wpcf7-form-control wpcf7-submit has-spinner\" type=\"submit\" value=\"Enviar\" \/>\n<\/p>\n<div class=\"wpcf7-response-output\" aria-hidden=\"true\"><\/div>\n<\/form>\n<\/div>\n<\/div>\n","protected":false},"excerpt":{"rendered":"<p>[metaslider id=4205] Nuestro bachilleratoLa metodolog\u00edaLos profesoresPlan de estudiosSolicita tu plaza SOLICITA TU PLAZA El alumno tendr\u00e1 acceso directo al departamento de casting de E\u00f2lia, recibiendo as\u00ed todas las convocatorias de audiciones en las que cumpla el perfil buscado. Proceso de admisi\u00f3n Para acceder a los estudios, se realiza un proceso de admisi\u00f3n, donde el alumno&hellip;&nbsp;<a href=\"https:\/\/www.batxilleratgranes.com\/es\/bachillerato-artes-escenicas-contacto\/\" class=\"\" rel=\"bookmark\">Read More &raquo;<span class=\"screen-reader-text\">Batxillerat Arts Esc\u00e8niques &#8211; Contacte<\/span><\/a><\/p>\n","protected":false},"author":1,"featured_media":0,"parent":0,"menu_order":0,"comment_status":"open","ping_status":"open","template":"template-fullwidth.php","meta":{"neve_meta_sidebar":"","neve_meta_container":"","neve_meta_enable_content_width":"","neve_meta_content_width":0,"neve_meta_title_alignment":"","neve_meta_author_avatar":"","neve_post_elements_order":"","neve_meta_disable_header":"","neve_meta_disable_footer":"","neve_meta_disable_title":"","footnotes":""},"class_list":["post-5604","page","type-page","status-publish","hentry"],"yoast_head":"<!-- This site is optimized with the Yoast SEO plugin v23.4 - https:\/\/yoast.com\/wordpress\/plugins\/seo\/ -->\n<title>Batxillerat Arts Esc\u00e8niques - Contacte - Gran\u00e9s Batxillerat - Escuela especializada en Bachillerato en Barcelona<\/title>\n<meta name=\"robots\" content=\"index, follow, max-snippet:-1, max-image-preview:large, max-video-preview:-1\" \/>\n<link rel=\"canonical\" href=\"https:\/\/www.batxilleratgranes.com\/es\/bachillerato-artes-escenicas-contacto\/\" \/>\n<meta property=\"og:locale\" content=\"es_ES\" \/>\n<meta property=\"og:type\" content=\"article\" \/>\n<meta property=\"og:title\" content=\"Batxillerat Arts Esc\u00e8niques - Contacte - Gran\u00e9s Batxillerat - Escuela especializada en Bachillerato en Barcelona\" \/>\n<meta property=\"og:description\" content=\"[metaslider id=4205] Nuestro bachilleratoLa metodolog\u00edaLos profesoresPlan de estudiosSolicita tu plaza SOLICITA TU PLAZA El alumno tendr\u00e1 acceso directo al departamento de casting de E\u00f2lia, recibiendo as\u00ed todas las convocatorias de audiciones en las que cumpla el perfil buscado. Proceso de admisi\u00f3n Para acceder a los estudios, se realiza un proceso de admisi\u00f3n, donde el alumno&hellip;&nbsp;Read More &raquo;Batxillerat Arts Esc\u00e8niques &#8211; Contacte\" \/>\n<meta property=\"og:url\" content=\"https:\/\/www.batxilleratgranes.com\/es\/bachillerato-artes-escenicas-contacto\/\" \/>\n<meta property=\"og:site_name\" content=\"Gran\u00e9s Batxillerat - Escuela especializada en Bachillerato en Barcelona\" \/>\n<meta property=\"article:modified_time\" content=\"2016-03-07T09:17:03+00:00\" \/>\n<meta name=\"twitter:card\" content=\"summary_large_image\" \/>\n<script type=\"application\/ld+json\" class=\"yoast-schema-graph\">{\"@context\":\"https:\/\/schema.org\",\"@graph\":[{\"@type\":\"WebPage\",\"@id\":\"https:\/\/www.batxilleratgranes.com\/es\/bachillerato-artes-escenicas-contacto\/\",\"url\":\"https:\/\/www.batxilleratgranes.com\/es\/bachillerato-artes-escenicas-contacto\/\",\"name\":\"Batxillerat Arts Esc\u00e8niques - Contacte - Gran\u00e9s Batxillerat - Escuela especializada en Bachillerato en Barcelona\",\"isPartOf\":{\"@id\":\"https:\/\/www.batxilleratgranes.com\/es\/#website\"},\"datePublished\":\"2015-06-18T16:07:05+00:00\",\"dateModified\":\"2016-03-07T09:17:03+00:00\",\"breadcrumb\":{\"@id\":\"https:\/\/www.batxilleratgranes.com\/es\/bachillerato-artes-escenicas-contacto\/#breadcrumb\"},\"inLanguage\":\"es\",\"potentialAction\":[{\"@type\":\"ReadAction\",\"target\":[\"https:\/\/www.batxilleratgranes.com\/es\/bachillerato-artes-escenicas-contacto\/\"]}]},{\"@type\":\"BreadcrumbList\",\"@id\":\"https:\/\/www.batxilleratgranes.com\/es\/bachillerato-artes-escenicas-contacto\/#breadcrumb\",\"itemListElement\":[{\"@type\":\"ListItem\",\"position\":1,\"name\":\"Inici\",\"item\":\"https:\/\/www.batxilleratgranes.com\/es\/\"},{\"@type\":\"ListItem\",\"position\":2,\"name\":\"Batxillerat Arts Esc\u00e8niques &#8211; Contacte\"}]},{\"@type\":\"WebSite\",\"@id\":\"https:\/\/www.batxilleratgranes.com\/es\/#website\",\"url\":\"https:\/\/www.batxilleratgranes.com\/es\/\",\"name\":\"Gran\u00e9s Batxillerat - Escuela especializada en Bachillerato en Barcelona\",\"description\":\"Escola especialitzada en Batxillerat a Barcelona\",\"publisher\":{\"@id\":\"https:\/\/www.batxilleratgranes.com\/es\/#organization\"},\"potentialAction\":[{\"@type\":\"SearchAction\",\"target\":{\"@type\":\"EntryPoint\",\"urlTemplate\":\"https:\/\/www.batxilleratgranes.com\/es\/?s={search_term_string}\"},\"query-input\":{\"@type\":\"PropertyValueSpecification\",\"valueRequired\":true,\"valueName\":\"search_term_string\"}}],\"inLanguage\":\"es\"},{\"@type\":\"Organization\",\"@id\":\"https:\/\/www.batxilleratgranes.com\/es\/#organization\",\"name\":\"Gran\u00e9s Batxillerat - Escuela especializada en Bachillerato en Barcelona\",\"url\":\"https:\/\/www.batxilleratgranes.com\/es\/\",\"logo\":{\"@type\":\"ImageObject\",\"inLanguage\":\"es\",\"@id\":\"https:\/\/www.batxilleratgranes.com\/es\/#\/schema\/logo\/image\/\",\"url\":\"https:\/\/www.batxilleratgranes.com\/wp-content\/uploads\/2013\/01\/granes1.png\",\"contentUrl\":\"https:\/\/www.batxilleratgranes.com\/wp-content\/uploads\/2013\/01\/granes1.png\",\"width\":292,\"height\":85,\"caption\":\"Gran\u00e9s Batxillerat - Escuela especializada en Bachillerato en Barcelona\"},\"image\":{\"@id\":\"https:\/\/www.batxilleratgranes.com\/es\/#\/schema\/logo\/image\/\"}}]}<\/script>\n<!-- \/ Yoast SEO plugin. -->","yoast_head_json":{"title":"Batxillerat Arts Esc\u00e8niques - Contacte - Gran\u00e9s Batxillerat - Escuela especializada en Bachillerato en Barcelona","robots":{"index":"index","follow":"follow","max-snippet":"max-snippet:-1","max-image-preview":"max-image-preview:large","max-video-preview":"max-video-preview:-1"},"canonical":"https:\/\/www.batxilleratgranes.com\/es\/bachillerato-artes-escenicas-contacto\/","og_locale":"es_ES","og_type":"article","og_title":"Batxillerat Arts Esc\u00e8niques - Contacte - Gran\u00e9s Batxillerat - Escuela especializada en Bachillerato en Barcelona","og_description":"[metaslider id=4205] Nuestro bachilleratoLa metodolog\u00edaLos profesoresPlan de estudiosSolicita tu plaza SOLICITA TU PLAZA El alumno tendr\u00e1 acceso directo al departamento de casting de E\u00f2lia, recibiendo as\u00ed todas las convocatorias de audiciones en las que cumpla el perfil buscado. Proceso de admisi\u00f3n Para acceder a los estudios, se realiza un proceso de admisi\u00f3n, donde el alumno&hellip;&nbsp;Read More &raquo;Batxillerat Arts Esc\u00e8niques &#8211; Contacte","og_url":"https:\/\/www.batxilleratgranes.com\/es\/bachillerato-artes-escenicas-contacto\/","og_site_name":"Gran\u00e9s Batxillerat - Escuela especializada en Bachillerato en Barcelona","article_modified_time":"2016-03-07T09:17:03+00:00","twitter_card":"summary_large_image","schema":{"@context":"https:\/\/schema.org","@graph":[{"@type":"WebPage","@id":"https:\/\/www.batxilleratgranes.com\/es\/bachillerato-artes-escenicas-contacto\/","url":"https:\/\/www.batxilleratgranes.com\/es\/bachillerato-artes-escenicas-contacto\/","name":"Batxillerat Arts Esc\u00e8niques - Contacte - Gran\u00e9s Batxillerat - Escuela especializada en Bachillerato en Barcelona","isPartOf":{"@id":"https:\/\/www.batxilleratgranes.com\/es\/#website"},"datePublished":"2015-06-18T16:07:05+00:00","dateModified":"2016-03-07T09:17:03+00:00","breadcrumb":{"@id":"https:\/\/www.batxilleratgranes.com\/es\/bachillerato-artes-escenicas-contacto\/#breadcrumb"},"inLanguage":"es","potentialAction":[{"@type":"ReadAction","target":["https:\/\/www.batxilleratgranes.com\/es\/bachillerato-artes-escenicas-contacto\/"]}]},{"@type":"BreadcrumbList","@id":"https:\/\/www.batxilleratgranes.com\/es\/bachillerato-artes-escenicas-contacto\/#breadcrumb","itemListElement":[{"@type":"ListItem","position":1,"name":"Inici","item":"https:\/\/www.batxilleratgranes.com\/es\/"},{"@type":"ListItem","position":2,"name":"Batxillerat Arts Esc\u00e8niques &#8211; Contacte"}]},{"@type":"WebSite","@id":"https:\/\/www.batxilleratgranes.com\/es\/#website","url":"https:\/\/www.batxilleratgranes.com\/es\/","name":"Gran\u00e9s Batxillerat - Escuela especializada en Bachillerato en Barcelona","description":"Escola especialitzada en Batxillerat a Barcelona","publisher":{"@id":"https:\/\/www.batxilleratgranes.com\/es\/#organization"},"potentialAction":[{"@type":"SearchAction","target":{"@type":"EntryPoint","urlTemplate":"https:\/\/www.batxilleratgranes.com\/es\/?s={search_term_string}"},"query-input":{"@type":"PropertyValueSpecification","valueRequired":true,"valueName":"search_term_string"}}],"inLanguage":"es"},{"@type":"Organization","@id":"https:\/\/www.batxilleratgranes.com\/es\/#organization","name":"Gran\u00e9s Batxillerat - Escuela especializada en Bachillerato en Barcelona","url":"https:\/\/www.batxilleratgranes.com\/es\/","logo":{"@type":"ImageObject","inLanguage":"es","@id":"https:\/\/www.batxilleratgranes.com\/es\/#\/schema\/logo\/image\/","url":"https:\/\/www.batxilleratgranes.com\/wp-content\/uploads\/2013\/01\/granes1.png","contentUrl":"https:\/\/www.batxilleratgranes.com\/wp-content\/uploads\/2013\/01\/granes1.png","width":292,"height":85,"caption":"Gran\u00e9s Batxillerat - Escuela especializada en Bachillerato en Barcelona"},"image":{"@id":"https:\/\/www.batxilleratgranes.com\/es\/#\/schema\/logo\/image\/"}}]}},"_links":{"self":[{"href":"https:\/\/www.batxilleratgranes.com\/es\/wp-json\/wp\/v2\/pages\/5604"}],"collection":[{"href":"https:\/\/www.batxilleratgranes.com\/es\/wp-json\/wp\/v2\/pages"}],"about":[{"href":"https:\/\/www.batxilleratgranes.com\/es\/wp-json\/wp\/v2\/types\/page"}],"author":[{"embeddable":true,"href":"https:\/\/www.batxilleratgranes.com\/es\/wp-json\/wp\/v2\/users\/1"}],"replies":[{"embeddable":true,"href":"https:\/\/www.batxilleratgranes.com\/es\/wp-json\/wp\/v2\/comments?post=5604"}],"version-history":[{"count":7,"href":"https:\/\/www.batxilleratgranes.com\/es\/wp-json\/wp\/v2\/pages\/5604\/revisions"}],"predecessor-version":[{"id":5786,"href":"https:\/\/www.batxilleratgranes.com\/es\/wp-json\/wp\/v2\/pages\/5604\/revisions\/5786"}],"wp:attachment":[{"href":"https:\/\/www.batxilleratgranes.com\/es\/wp-json\/wp\/v2\/media?parent=5604"}],"curies":[{"name":"wp","href":"https:\/\/api.w.org\/{rel}","templated":true}]}}