{"id":7892,"date":"2017-06-08T15:27:04","date_gmt":"2017-06-08T15:27:04","guid":{"rendered":"http:\/\/www.batxilleratgranes.com\/granes-idiomes-angles-2"},"modified":"2022-07-14T12:42:42","modified_gmt":"2022-07-14T12:42:42","slug":"granes-idiomes-ingles","status":"publish","type":"page","link":"https:\/\/www.batxilleratgranes.com\/es\/granes-idiomes-ingles\/","title":{"rendered":"Ingl\u00e9s para j\u00f3venes &#8211; Gran\u00e9s Idiomes"},"content":{"rendered":"<div class=\"wpb-content-wrapper\"><p>[vc_row][vc_column][vc_column_text]<p>[\/vc_column_text][\/vc_column][\/vc_row][vc_section][vc_row][vc_column][vc_column_text][vc_custom_heading text=&#8221;Ingl\u00e9s para j\u00f3venes<br \/>\nGran\u00e9s idiomes_&#8221; font_container=&#8221;tag:h1|font_size:60px|text_align:center&#8221; use_theme_fonts=&#8221;yes&#8221; el_class=&#8221;classElemntTitlesResponsive&#8221;][vc_empty_space height=&#8221;30px&#8221;][\/vc_column_text][\/vc_column][\/vc_row][\/vc_section][vc_row][vc_column][vc_column_text]<\/p>\n<\/p>\n<p><p>[\/vc_column_text][\/vc_column][\/vc_row][vc_section css=&#8221;.vc_custom_1573557562269{margin-top: 35px !important;}&#8221;][vc_row][vc_column][vc_column_text]<\/p>\n<p><span class=\"classInnersTitles\" style=\"color: #000000;\">\u00bfQuieres <strong><span style=\"color: #00833d;\">mejorar tu ingl\u00e9s<\/span><\/strong> o necesitas ganar fluidez oral? \u00bfTienes pensado presentarte a los ex\u00e1menes de Cambridge y quieres prepararte? Prueba los nuevos cursos para j\u00f3venes de <strong><span style=\"color: #00833d;\">Gran\u00e9s Idiomes<\/span><\/strong> y \u00a1disfruta del ingl\u00e9s!<\/span><\/p>\n<p>[\/vc_column_text][vc_column_text]<\/p>\n<h3 class=\"titleheaders classInnersTitles\"><strong><span style=\"color: #000000;\">3 razones para estudiar <span style=\"color: #00833d;\">ingl\u00e9s<\/span> en <span style=\"color: #00833d;\">Gran\u00e9s Idiomes<\/span><\/span><\/strong><\/h3>\n<p>[\/vc_column_text][\/vc_column][\/vc_row][\/vc_section][vc_row][vc_column][vc_column_text]<\/p>\n<\/p>\n<p><p>[\/vc_column_text][\/vc_column][\/vc_row][vc_section css=&#8221;.vc_custom_1573557402739{margin-top: 35px !important;}&#8221;][vc_row full_width=&#8221;stretch_row_content&#8221;][vc_column][vc_row_inner css=&#8221;.vc_custom_1632687563899{padding-top: 40px !important;padding-bottom: 40px !important;}&#8221;][vc_column_inner width=&#8221;1\/3&#8243; css=&#8221;.vc_custom_1632687415896{background-color: #00833d !important;}&#8221;][vc_column_text]<\/p>\n<div class=\"title\" style=\"color: white;\">1. Porque disponemos de m\u00e1s de 65 a\u00f1os de experiencia docente formando a j\u00f3venes_<\/div>\n<p>[\/vc_column_text][\/vc_column_inner][vc_column_inner width=&#8221;1\/3&#8243; css=&#8221;.vc_custom_1632687547322{background-color: #ffffff !important;}&#8221;][vc_column_text]<\/p>\n<div class=\"title\">2. Porque potenciamos la expresi\u00f3n oral_<\/div>\n<p>[\/vc_column_text][\/vc_column_inner][vc_column_inner width=&#8221;1\/3&#8243; css=&#8221;.vc_custom_1632687520049{background-color: #000000 !important;}&#8221;][vc_column_text]<\/p>\n<div class=\"title\" style=\"color: white;\">3. Porque los grupos son reducidos y todos los alumnos pueden participar en las clases_<\/div>\n<p>[\/vc_column_text][\/vc_column_inner][\/vc_row_inner][\/vc_column][\/vc_row][\/vc_section][vc_row][vc_column][vc_column_text]<\/p>\n<\/p>\n<p><p>[\/vc_column_text][\/vc_column][\/vc_row][vc_section css=&#8221;.vc_custom_1573558035973{margin-top: 35px !important;margin-bottom: 35px !important;}&#8221;][vc_row][vc_column][vc_column_text]<\/p>\n<h3 class=\"titleheaders\" style=\"text-align: center;\"><strong><span style=\"color: #000000;\">En <span style=\"color: #00833d;\">Gran\u00e9s Idiomes <span style=\"color: #000000;\">podr\u00e1s mejorar<\/span><\/span> <span style=\"color: #00833d;\"><span style=\"color: #000000;\">tu ingl\u00e9s de forma<\/span> eficaz<\/span><\/span> y prepararte para los ex\u00e1menes de Cambridge<\/strong><\/h3>\n<p>[\/vc_column_text][\/vc_column][\/vc_row][\/vc_section][vc_row][vc_column][vc_column_text]<\/p>\n<\/p>\n[\/vc_column_text][\/vc_column][\/vc_row][vc_section css=&#8221;.vc_custom_1573558035973{margin-top: 35px !important;margin-bottom: 35px !important;}&#8221;][vc_row css=&#8221;.vc_custom_1632687625996{padding-top: 20px !important;background-color: #00833d !important;}&#8221;][vc_column css=&#8221;.vc_custom_1573558213738{padding-top: 0px !important;}&#8221;][vc_column_text][vc_custom_heading text=&#8221;Curso Ingl\u00e9s Extensivo&#8221; font_container=&#8221;tag:h2|text_align:center|color:%23ffffff&#8221; use_theme_fonts=&#8221;yes&#8221; el_class=&#8221;titleheaders&#8221;][\/vc_column_text][\/vc_column][\/vc_row][\/vc_section][vc_row][vc_column][vc_column_text]<p>[\/vc_column_text][\/vc_column][\/vc_row][vc_section][vc_row][vc_column][vc_column_text][vc_column_text]<span style=\"color: #000000; font-weight: 300;\">Con estas clases avanzar\u00e1s en tu aprendizaje de la lengua inglesa de forma r\u00e1pida y efectiva. Adem\u00e1s, como entidad colaboradora con <strong><span style=\"color: #00833d;\">Cambridge English<\/span><\/strong>, te ofrecemos la posibilidad de prepararte para estos ex\u00e1menes oficiales.<\/span>[\/vc_column_text][vc_single_image image=&#8221;26255&#8243; img_size=&#8221;full&#8221;][\/vc_column][\/vc_row][\/vc_section][vc_row][vc_column][vc_column_text]<\/p>\n\n<p><p>[\/vc_column_text][\/vc_column][\/vc_row][vc_section disable_element=&#8221;yes&#8221; css=&#8221;.vc_custom_1636029570557{margin-top: 35px !important;}&#8221;][vc_row][vc_column css=&#8221;.vc_custom_1573560624686{margin-bottom: 5% !important;}&#8221;][vc_column_text]<\/p>\n<p style=\"text-align: center;\">[edgtf_button size=&#8221;small&#8221; type=&#8221;solid&#8221; text=&#8221;SOLICITA INFORMACI\u00d3N&#8221; custom_class=&#8221;&#8221; icon_pack=&#8221;font_awesome&#8221; fa_icon=&#8221;&#8221; link=&#8221;&#8221; target=&#8221;_self&#8221; color=&#8221;#FFFFFF&#8221; hover_color=&#8221;#FFFFFF&#8221; background_color=&#8221;#00833D&#8221; hover_background_color=&#8221;#00833D&#8221; border_color=&#8221;#00833D&#8221; hover_border_color=&#8221;#00833D&#8221; font_size=&#8221;&#8221; font_weight=&#8221;300&#8243; margin=&#8221;&#8221;]<\/p>\n<p>[\/vc_column_text][\/vc_column][\/vc_row][\/vc_section][vc_row][vc_column][vc_column_text]<\/p>\n[\/vc_column_text][\/vc_column][\/vc_row][vc_row][vc_column][vc_btn title=&#8221;SOLICITA INFORMACI\u00d3N&#8221; size=&#8221;lg&#8221; align=&#8221;center&#8221; link=&#8221;url:https%3A%2F%2Fwww.batxilleratgranes.com%2Fes%2Fcontacto%2F&#8221;][\/vc_column][\/vc_row]<\/p>\n<\/div>","protected":false},"excerpt":{"rendered":"<p>[vc_row][vc_column][vc_column_text] [\/vc_column_text][\/vc_column][\/vc_row][vc_section css=&#8221;.vc_custom_1573558035973{margin-top: 35px !important;margin-bottom: 35px !important;}&#8221;][vc_row css=&#8221;.vc_custom_1632687625996{padding-top: 20px !important;background-color: #00833d !important;}&#8221;][vc_column css=&#8221;.vc_custom_1573558213738{padding-top: 0px !important;}&#8221;][vc_column_text][vc_custom_heading text=&#8221;Curso Ingl\u00e9s Extensivo&#8221; font_container=&#8221;tag:h2|text_align:center|color:%23ffffff&#8221; use_theme_fonts=&#8221;yes&#8221; el_class=&#8221;titleheaders&#8221;][\/vc_column_text][\/vc_column][\/vc_row][\/vc_section][vc_row][vc_column][vc_column_text] [\/vc_column_text][\/vc_column][\/vc_row][vc_row][vc_column][vc_btn title=&#8221;SOLICITA INFORMACI\u00d3N&#8221; size=&#8221;lg&#8221; align=&#8221;center&#8221; link=&#8221;url:https%3A%2F%2Fwww.batxilleratgranes.com%2Fes%2Fcontacto%2F&#8221;][\/vc_column][\/vc_row]<\/p>\n","protected":false},"author":1,"featured_media":0,"parent":0,"menu_order":0,"comment_status":"closed","ping_status":"closed","template":"","meta":{"neve_meta_sidebar":"","neve_meta_container":"","neve_meta_enable_content_width":"off","neve_meta_content_width":100,"neve_meta_title_alignment":"","neve_meta_author_avatar":"","neve_post_elements_order":"","neve_meta_disable_header":"","neve_meta_disable_footer":"","neve_meta_disable_title":"","footnotes":""},"class_list":["post-7892","page","type-page","status-publish","hentry"],"yoast_head":"<!-- This site is optimized with the Yoast SEO plugin v23.4 - https:\/\/yoast.com\/wordpress\/plugins\/seo\/ -->\n<title>Ingl\u00e9s para j\u00f3venes - Gran\u00e9s Idiomes - Gran\u00e9s Batxillerat - Escuela especializada en Bachillerato en Barcelona<\/title>\n<meta name=\"robots\" content=\"index, follow, max-snippet:-1, max-image-preview:large, max-video-preview:-1\" \/>\n<link rel=\"canonical\" href=\"https:\/\/www.batxilleratgranes.com\/es\/granes-idiomes-ingles\/\" \/>\n<meta property=\"og:locale\" content=\"es_ES\" \/>\n<meta property=\"og:type\" content=\"article\" \/>\n<meta property=\"og:title\" content=\"Ingl\u00e9s para j\u00f3venes - Gran\u00e9s Idiomes - Gran\u00e9s Batxillerat - Escuela especializada en Bachillerato en Barcelona\" \/>\n<meta property=\"og:description\" content=\"[vc_row][vc_column][vc_column_text] [\/vc_column_text][\/vc_column][\/vc_row][vc_section css=&#8221;.vc_custom_1573558035973{margin-top: 35px !important;margin-bottom: 35px !important;}&#8221;][vc_row css=&#8221;.vc_custom_1632687625996{padding-top: 20px !important;background-color: #00833d !important;}&#8221;][vc_column css=&#8221;.vc_custom_1573558213738{padding-top: 0px !important;}&#8221;][vc_column_text][vc_custom_heading text=&#8221;Curso Ingl\u00e9s Extensivo&#8221; font_container=&#8221;tag:h2|text_align:center|color:%23ffffff&#8221; use_theme_fonts=&#8221;yes&#8221; el_class=&#8221;titleheaders&#8221;][\/vc_column_text][\/vc_column][\/vc_row][\/vc_section][vc_row][vc_column][vc_column_text] [\/vc_column_text][\/vc_column][\/vc_row][vc_row][vc_column][vc_btn title=&#8221;SOLICITA INFORMACI\u00d3N&#8221; size=&#8221;lg&#8221; align=&#8221;center&#8221; link=&#8221;url:https%3A%2F%2Fwww.batxilleratgranes.com%2Fes%2Fcontacto%2F&#8221;][\/vc_column][\/vc_row]\" \/>\n<meta property=\"og:url\" content=\"https:\/\/www.batxilleratgranes.com\/es\/granes-idiomes-ingles\/\" \/>\n<meta property=\"og:site_name\" content=\"Gran\u00e9s Batxillerat - Escuela especializada en Bachillerato en Barcelona\" \/>\n<meta property=\"article:modified_time\" content=\"2022-07-14T12:42:42+00:00\" \/>\n<meta name=\"twitter:card\" content=\"summary_large_image\" \/>\n<meta name=\"twitter:label1\" content=\"Est. reading time\" \/>\n\t<meta name=\"twitter:data1\" content=\"1 minute\" \/>\n<script type=\"application\/ld+json\" class=\"yoast-schema-graph\">{\"@context\":\"https:\/\/schema.org\",\"@graph\":[{\"@type\":\"WebPage\",\"@id\":\"https:\/\/www.batxilleratgranes.com\/es\/granes-idiomes-ingles\/\",\"url\":\"https:\/\/www.batxilleratgranes.com\/es\/granes-idiomes-ingles\/\",\"name\":\"Ingl\u00e9s para j\u00f3venes - Gran\u00e9s Idiomes - Gran\u00e9s Batxillerat - Escuela especializada en Bachillerato en Barcelona\",\"isPartOf\":{\"@id\":\"https:\/\/www.batxilleratgranes.com\/es\/#website\"},\"datePublished\":\"2017-06-08T15:27:04+00:00\",\"dateModified\":\"2022-07-14T12:42:42+00:00\",\"breadcrumb\":{\"@id\":\"https:\/\/www.batxilleratgranes.com\/es\/granes-idiomes-ingles\/#breadcrumb\"},\"inLanguage\":\"es\",\"potentialAction\":[{\"@type\":\"ReadAction\",\"target\":[\"https:\/\/www.batxilleratgranes.com\/es\/granes-idiomes-ingles\/\"]}]},{\"@type\":\"BreadcrumbList\",\"@id\":\"https:\/\/www.batxilleratgranes.com\/es\/granes-idiomes-ingles\/#breadcrumb\",\"itemListElement\":[{\"@type\":\"ListItem\",\"position\":1,\"name\":\"Inici\",\"item\":\"https:\/\/www.batxilleratgranes.com\/es\/\"},{\"@type\":\"ListItem\",\"position\":2,\"name\":\"Ingl\u00e9s para j\u00f3venes &#8211; Gran\u00e9s Idiomes\"}]},{\"@type\":\"WebSite\",\"@id\":\"https:\/\/www.batxilleratgranes.com\/es\/#website\",\"url\":\"https:\/\/www.batxilleratgranes.com\/es\/\",\"name\":\"Gran\u00e9s Batxillerat - Escuela especializada en Bachillerato en Barcelona\",\"description\":\"Escola especialitzada en Batxillerat a Barcelona\",\"publisher\":{\"@id\":\"https:\/\/www.batxilleratgranes.com\/es\/#organization\"},\"potentialAction\":[{\"@type\":\"SearchAction\",\"target\":{\"@type\":\"EntryPoint\",\"urlTemplate\":\"https:\/\/www.batxilleratgranes.com\/es\/?s={search_term_string}\"},\"query-input\":{\"@type\":\"PropertyValueSpecification\",\"valueRequired\":true,\"valueName\":\"search_term_string\"}}],\"inLanguage\":\"es\"},{\"@type\":\"Organization\",\"@id\":\"https:\/\/www.batxilleratgranes.com\/es\/#organization\",\"name\":\"Gran\u00e9s Batxillerat - Escuela especializada en Bachillerato en Barcelona\",\"url\":\"https:\/\/www.batxilleratgranes.com\/es\/\",\"logo\":{\"@type\":\"ImageObject\",\"inLanguage\":\"es\",\"@id\":\"https:\/\/www.batxilleratgranes.com\/es\/#\/schema\/logo\/image\/\",\"url\":\"https:\/\/www.batxilleratgranes.com\/wp-content\/uploads\/2013\/01\/granes1.png\",\"contentUrl\":\"https:\/\/www.batxilleratgranes.com\/wp-content\/uploads\/2013\/01\/granes1.png\",\"width\":292,\"height\":85,\"caption\":\"Gran\u00e9s Batxillerat - Escuela especializada en Bachillerato en Barcelona\"},\"image\":{\"@id\":\"https:\/\/www.batxilleratgranes.com\/es\/#\/schema\/logo\/image\/\"}}]}<\/script>\n<!-- \/ Yoast SEO plugin. -->","yoast_head_json":{"title":"Ingl\u00e9s para j\u00f3venes - Gran\u00e9s Idiomes - Gran\u00e9s Batxillerat - Escuela especializada en Bachillerato en Barcelona","robots":{"index":"index","follow":"follow","max-snippet":"max-snippet:-1","max-image-preview":"max-image-preview:large","max-video-preview":"max-video-preview:-1"},"canonical":"https:\/\/www.batxilleratgranes.com\/es\/granes-idiomes-ingles\/","og_locale":"es_ES","og_type":"article","og_title":"Ingl\u00e9s para j\u00f3venes - Gran\u00e9s Idiomes - Gran\u00e9s Batxillerat - Escuela especializada en Bachillerato en Barcelona","og_description":"[vc_row][vc_column][vc_column_text] [\/vc_column_text][\/vc_column][\/vc_row][vc_section css=&#8221;.vc_custom_1573558035973{margin-top: 35px !important;margin-bottom: 35px !important;}&#8221;][vc_row css=&#8221;.vc_custom_1632687625996{padding-top: 20px !important;background-color: #00833d !important;}&#8221;][vc_column css=&#8221;.vc_custom_1573558213738{padding-top: 0px !important;}&#8221;][vc_column_text][vc_custom_heading text=&#8221;Curso Ingl\u00e9s Extensivo&#8221; font_container=&#8221;tag:h2|text_align:center|color:%23ffffff&#8221; use_theme_fonts=&#8221;yes&#8221; el_class=&#8221;titleheaders&#8221;][\/vc_column_text][\/vc_column][\/vc_row][\/vc_section][vc_row][vc_column][vc_column_text] [\/vc_column_text][\/vc_column][\/vc_row][vc_row][vc_column][vc_btn title=&#8221;SOLICITA INFORMACI\u00d3N&#8221; size=&#8221;lg&#8221; align=&#8221;center&#8221; link=&#8221;url:https%3A%2F%2Fwww.batxilleratgranes.com%2Fes%2Fcontacto%2F&#8221;][\/vc_column][\/vc_row]","og_url":"https:\/\/www.batxilleratgranes.com\/es\/granes-idiomes-ingles\/","og_site_name":"Gran\u00e9s Batxillerat - Escuela especializada en Bachillerato en Barcelona","article_modified_time":"2022-07-14T12:42:42+00:00","twitter_card":"summary_large_image","twitter_misc":{"Est. reading time":"1 minute"},"schema":{"@context":"https:\/\/schema.org","@graph":[{"@type":"WebPage","@id":"https:\/\/www.batxilleratgranes.com\/es\/granes-idiomes-ingles\/","url":"https:\/\/www.batxilleratgranes.com\/es\/granes-idiomes-ingles\/","name":"Ingl\u00e9s para j\u00f3venes - Gran\u00e9s Idiomes - Gran\u00e9s Batxillerat - Escuela especializada en Bachillerato en Barcelona","isPartOf":{"@id":"https:\/\/www.batxilleratgranes.com\/es\/#website"},"datePublished":"2017-06-08T15:27:04+00:00","dateModified":"2022-07-14T12:42:42+00:00","breadcrumb":{"@id":"https:\/\/www.batxilleratgranes.com\/es\/granes-idiomes-ingles\/#breadcrumb"},"inLanguage":"es","potentialAction":[{"@type":"ReadAction","target":["https:\/\/www.batxilleratgranes.com\/es\/granes-idiomes-ingles\/"]}]},{"@type":"BreadcrumbList","@id":"https:\/\/www.batxilleratgranes.com\/es\/granes-idiomes-ingles\/#breadcrumb","itemListElement":[{"@type":"ListItem","position":1,"name":"Inici","item":"https:\/\/www.batxilleratgranes.com\/es\/"},{"@type":"ListItem","position":2,"name":"Ingl\u00e9s para j\u00f3venes &#8211; Gran\u00e9s Idiomes"}]},{"@type":"WebSite","@id":"https:\/\/www.batxilleratgranes.com\/es\/#website","url":"https:\/\/www.batxilleratgranes.com\/es\/","name":"Gran\u00e9s Batxillerat - Escuela especializada en Bachillerato en Barcelona","description":"Escola especialitzada en Batxillerat a Barcelona","publisher":{"@id":"https:\/\/www.batxilleratgranes.com\/es\/#organization"},"potentialAction":[{"@type":"SearchAction","target":{"@type":"EntryPoint","urlTemplate":"https:\/\/www.batxilleratgranes.com\/es\/?s={search_term_string}"},"query-input":{"@type":"PropertyValueSpecification","valueRequired":true,"valueName":"search_term_string"}}],"inLanguage":"es"},{"@type":"Organization","@id":"https:\/\/www.batxilleratgranes.com\/es\/#organization","name":"Gran\u00e9s Batxillerat - Escuela especializada en Bachillerato en Barcelona","url":"https:\/\/www.batxilleratgranes.com\/es\/","logo":{"@type":"ImageObject","inLanguage":"es","@id":"https:\/\/www.batxilleratgranes.com\/es\/#\/schema\/logo\/image\/","url":"https:\/\/www.batxilleratgranes.com\/wp-content\/uploads\/2013\/01\/granes1.png","contentUrl":"https:\/\/www.batxilleratgranes.com\/wp-content\/uploads\/2013\/01\/granes1.png","width":292,"height":85,"caption":"Gran\u00e9s Batxillerat - Escuela especializada en Bachillerato en Barcelona"},"image":{"@id":"https:\/\/www.batxilleratgranes.com\/es\/#\/schema\/logo\/image\/"}}]}},"_links":{"self":[{"href":"https:\/\/www.batxilleratgranes.com\/es\/wp-json\/wp\/v2\/pages\/7892"}],"collection":[{"href":"https:\/\/www.batxilleratgranes.com\/es\/wp-json\/wp\/v2\/pages"}],"about":[{"href":"https:\/\/www.batxilleratgranes.com\/es\/wp-json\/wp\/v2\/types\/page"}],"author":[{"embeddable":true,"href":"https:\/\/www.batxilleratgranes.com\/es\/wp-json\/wp\/v2\/users\/1"}],"replies":[{"embeddable":true,"href":"https:\/\/www.batxilleratgranes.com\/es\/wp-json\/wp\/v2\/comments?post=7892"}],"version-history":[{"count":34,"href":"https:\/\/www.batxilleratgranes.com\/es\/wp-json\/wp\/v2\/pages\/7892\/revisions"}],"predecessor-version":[{"id":42578,"href":"https:\/\/www.batxilleratgranes.com\/es\/wp-json\/wp\/v2\/pages\/7892\/revisions\/42578"}],"wp:attachment":[{"href":"https:\/\/www.batxilleratgranes.com\/es\/wp-json\/wp\/v2\/media?parent=7892"}],"curies":[{"name":"wp","href":"https:\/\/api.w.org\/{rel}","templated":true}]}}